{"id":2423,"date":"2025-04-21T06:14:51","date_gmt":"2025-04-21T06:14:51","guid":{"rendered":"https:\/\/cmykprinted.com\/?post_type=product&#038;p=2423"},"modified":"2025-04-21T06:14:51","modified_gmt":"2025-04-21T06:14:51","slug":"dtf-heat-transfer-stickers-for-t-shirts","status":"publish","type":"product","link":"https:\/\/cmykprinted.com\/pl\/produkt\/dtf-transfer-cieplny-naklejki-na-koszulki\/","title":{"rendered":"Naklejki termotransferowe DTF na koszulki"},"content":{"rendered":"","protected":false},"excerpt":{"rendered":"<p>Jeste\u015bmy producentem r\u00f3\u017cnych naklejek transferowych, zlokalizowanym w Foshan w Chinach. Nasze naklejki s\u0105 wykonane z tuszu UV, kt\u00f3ry jest przyjazny dla \u015brodowiska. Nasze naklejki transferowe s\u0105 wykonane w 100% z PVC i tuszu bez ftalan\u00f3w. U\u017cywamy bardziej zautomatyzowanych maszyn, aby zapewni\u0107, \u017ce st\u0119\u017cenie tuszu i gotowy produkt ca\u0142ej sk\u00f3ry s\u0105 umiarkowane. Jako\u015b\u0107 pozostaje sta\u0142a.<br \/>\nNie stosujemy \u017cadnych ogranicze\u0144 co do kolor\u00f3w nadruku. Wszystkie kolory mo\u017cemy wyprodukowa\u0107 zgodnie z Pa\u0144stwa projektem\/grafik\u0105.<br \/>\nWysy\u0142amy bardzo szybko i mo\u017cemy wys\u0142a\u0107 Twoje zam\u00f3wienie w ci\u0105gu 48 godzin. Nasi klienci pochodz\u0105 z ca\u0142ego \u015bwiata, a Ty mo\u017cesz otrzyma\u0107 swoje spersonalizowane naklejki termotransferowe w ci\u0105gu tygodnia.<\/p>\n<div style=\"width: 960px;\" class=\"wp-video\"><!--[if lt IE 9]><script>document.createElement('video');<\/script><![endif]--><br \/>\n<video class=\"wp-video-shortcode\" id=\"video-2423-1\" width=\"960\" height=\"540\" preload=\"metadata\" controls=\"controls\"><source type=\"video\/mp4\" src=\"https:\/\/cmykprinted.com\/wp-content\/uploads\/2025\/04\/DTF-Heat-Transfer-Stickers-for-T-Shirts.mp4?_=1\" \/><a href=\"https:\/\/cmykprinted.com\/wp-content\/uploads\/2025\/04\/DTF-Heat-Transfer-Stickers-for-T-Shirts.mp4\">https:\/\/cmykprinted.com\/wp-content\/uploads\/2025\/04\/DTF-Heat-Transfer-Stickers-for-T-Shirts.mp4<\/a><\/video><\/div>","protected":false},"featured_media":2425,"template":"","meta":{"_kad_post_transparent":"default","_kad_post_title":"hide","_kad_post_layout":"fullwidth","_kad_post_sidebar_id":"","_kad_post_content_style":"unboxed","_kad_post_vertical_padding":"hide","_kad_post_feature":"hide","_kad_post_feature_position":"","_kad_post_header":false,"_kad_post_footer":false},"product_cat":[101,103],"product_tag":[542,538,541],"class_list":{"0":"post-2423","1":"product","2":"type-product","3":"status-publish","4":"has-post-thumbnail","6":"product_cat-transfer-stickers","7":"product_cat-uv-transfer-stickers","8":"product_tag-dtf-heat-transfer-stickers","9":"product_tag-heat-transfer-stickers","10":"product_tag-heat-transfer-stickers-for-t-shirts","12":"first","13":"instock","14":"shipping-taxable","15":"product-type-simple","16":"entry","17":"content-bg","18":"loop-entry"},"_links":{"self":[{"href":"https:\/\/cmykprinted.com\/pl\/wp-json\/wp\/v2\/product\/2423","targetHints":{"allow":["GET"]}}],"collection":[{"href":"https:\/\/cmykprinted.com\/pl\/wp-json\/wp\/v2\/product"}],"about":[{"href":"https:\/\/cmykprinted.com\/pl\/wp-json\/wp\/v2\/types\/product"}],"version-history":[{"count":1,"href":"https:\/\/cmykprinted.com\/pl\/wp-json\/wp\/v2\/product\/2423\/revisions"}],"predecessor-version":[{"id":2430,"href":"https:\/\/cmykprinted.com\/pl\/wp-json\/wp\/v2\/product\/2423\/revisions\/2430"}],"wp:featuredmedia":[{"embeddable":true,"href":"https:\/\/cmykprinted.com\/pl\/wp-json\/wp\/v2\/media\/2425"}],"wp:attachment":[{"href":"https:\/\/cmykprinted.com\/pl\/wp-json\/wp\/v2\/media?parent=2423"}],"wp:term":[{"taxonomy":"product_cat","embeddable":true,"href":"https:\/\/cmykprinted.com\/pl\/wp-json\/wp\/v2\/product_cat?post=2423"},{"taxonomy":"product_tag","embeddable":true,"href":"https:\/\/cmykprinted.com\/pl\/wp-json\/wp\/v2\/product_tag?post=2423"}],"curies":[{"name":"wp","href":"https:\/\/api.w.org\/{rel}","templated":true}]}}