{"id":2443,"date":"2025-04-22T08:49:23","date_gmt":"2025-04-22T08:49:23","guid":{"rendered":"https:\/\/cmykprinted.com\/?post_type=product&#038;p=2443"},"modified":"2025-04-28T02:46:21","modified_gmt":"2025-04-28T02:46:21","slug":"custom-pvc-vinyl-banners-with-eyelets","status":"publish","type":"product","link":"https:\/\/cmykprinted.com\/pl\/produkt\/banery-z-winyli-pvc-na-zamowienie-z-oczkami\/","title":{"rendered":"Niestandardowe banery winylowe z PVC z oczkami"},"content":{"rendered":"","protected":false},"excerpt":{"rendered":"<p>Je\u015bli chcesz przekaza\u0107 \u015bmia\u0142y przekaz szerokiemu gronu odbiorc\u00f3w, du\u017ce banery z tworzywa PVC stanowi\u0105 skuteczny i praktyczny wyb\u00f3r.<\/p>\n<p>Idealne do marketingu przydro\u017cnego, zewn\u0119trzne banery PVC z metalowymi oczkami pozwalaj\u0105 na produkcj\u0119 przyci\u0105gaj\u0105cych wzrok, wielkoformatowych reklam, kt\u00f3re mog\u0105 natychmiast przyci\u0105gn\u0105\u0107 uwag\u0119. Podczas wydarze\u0144 dzia\u0142aj\u0105 jako wizualny element centralny i stanowi\u0105 idealne t\u0142o do niezapomnianych zdj\u0119\u0107.<\/p>\n<p>W Golden Mouth Advertising oferujemy druk baner\u00f3w PVC w r\u00f3\u017cnych rozmiarach \u2014 do 5 mx 50 m \u2014 dzi\u0119ki czemu mo\u017cesz wywrze\u0107 ogromne wra\u017cenie swoim przekazem.<\/p>\n<p>Nasze niestandardowe banery winylowe z PVC s\u0105 wykonane z wytrzyma\u0142ego, odpornego na warunki atmosferyczne PVC, kt\u00f3re jest odporne na zu\u017cycie i blakni\u0119cie. Gruby, elastyczny materia\u0142 zapewnia, \u017ce \u200b\u200bTw\u00f3j projekt pozostanie \u017cywy i nienaruszony, niezale\u017cnie od tego, czy jest wy\u015bwietlany wewn\u0105trz, czy na zewn\u0105trz, do d\u0142ugotrwa\u0142ego u\u017cytku.<\/p>\n<p>Monta\u017c jest szybki i prosty dzi\u0119ki wzmocnionym przelotkom. Te solidne metalowe pier\u015bcienie dobrze wsp\u00f3\u0142pracuj\u0105 z r\u00f3\u017cnymi metodami mocowania, takimi jak liny, linki bungee, haki lub opaski kablowe \u2014 dzi\u0119ki czemu mo\u017cna je \u0142atwo przymocowa\u0107 do ogrodze\u0144 lub innych podp\u00f3r na zewn\u0105trz. A po zako\u0144czeniu kampanii lub wydarzenia banery mo\u017cna \u0142atwo usun\u0105\u0107 i schowa\u0107.<\/p>\n<p>Ka\u017cdy baner jest drukowany przy u\u017cyciu zaawansowanych drukarek cyfrowych wielkoformatowych, aby zapewni\u0107 ostre, wysokiej jako\u015bci rezultaty. Potrzebujesz pomocy w zaprojektowaniu banera? Nasz wewn\u0119trzny zesp\u00f3\u0142 kreatywny jest tutaj, aby pom\u00f3c Ci w stworzeniu grafiki, aby zapewni\u0107, \u017ce Tw\u00f3j przekaz pi\u0119knie o\u017cyje.<\/p>\n<div style=\"width: 1290px;\" class=\"wp-video\"><!--[if lt IE 9]><script>document.createElement('video');<\/script><![endif]--><br \/>\n<video class=\"wp-video-shortcode\" id=\"video-2443-1\" width=\"1290\" height=\"726\" loop autoplay preload=\"auto\" controls=\"controls\"><source type=\"video\/mp4\" src=\"http:\/\/cmykprinted.com\/wp-content\/uploads\/2022\/12\/vinyl-PVC-banners.mp4?_=1\" \/><a href=\"http:\/\/cmykprinted.com\/wp-content\/uploads\/2022\/12\/vinyl-PVC-banners.mp4\">http:\/\/cmykprinted.com\/wp-content\/uploads\/2022\/12\/vinyl-PVC-banners.mp4<\/a><\/video><\/div>\n<p>&nbsp;<\/p>","protected":false},"featured_media":2444,"template":"","meta":{"_kad_post_transparent":"default","_kad_post_title":"hide","_kad_post_layout":"fullwidth","_kad_post_sidebar_id":"","_kad_post_content_style":"unboxed","_kad_post_vertical_padding":"hide","_kad_post_feature":"hide","_kad_post_feature_position":"","_kad_post_header":false,"_kad_post_footer":false},"product_cat":[85,90,91,89],"product_tag":[549,550,548,547],"class_list":{"0":"post-2443","1":"product","2":"type-product","3":"status-publish","4":"has-post-thumbnail","6":"product_cat-outdoor-vinyl-banners","7":"product_cat-glossy-pvc-banners","8":"product_cat-matte-vinyl-banners","9":"product_cat-pvc-banners","10":"product_tag-custom-pvc-vinyl-banners","11":"product_tag-custom-vinyl-banners-with-eyelets","12":"product_tag-pvc-banners-with-eyelets","13":"product_tag-vinyl-banners-with-eyelets","15":"first","16":"instock","17":"shipping-taxable","18":"product-type-simple","19":"entry","20":"content-bg","21":"loop-entry"},"_links":{"self":[{"href":"https:\/\/cmykprinted.com\/pl\/wp-json\/wp\/v2\/product\/2443","targetHints":{"allow":["GET"]}}],"collection":[{"href":"https:\/\/cmykprinted.com\/pl\/wp-json\/wp\/v2\/product"}],"about":[{"href":"https:\/\/cmykprinted.com\/pl\/wp-json\/wp\/v2\/types\/product"}],"version-history":[{"count":3,"href":"https:\/\/cmykprinted.com\/pl\/wp-json\/wp\/v2\/product\/2443\/revisions"}],"predecessor-version":[{"id":2469,"href":"https:\/\/cmykprinted.com\/pl\/wp-json\/wp\/v2\/product\/2443\/revisions\/2469"}],"wp:featuredmedia":[{"embeddable":true,"href":"https:\/\/cmykprinted.com\/pl\/wp-json\/wp\/v2\/media\/2444"}],"wp:attachment":[{"href":"https:\/\/cmykprinted.com\/pl\/wp-json\/wp\/v2\/media?parent=2443"}],"wp:term":[{"taxonomy":"product_cat","embeddable":true,"href":"https:\/\/cmykprinted.com\/pl\/wp-json\/wp\/v2\/product_cat?post=2443"},{"taxonomy":"product_tag","embeddable":true,"href":"https:\/\/cmykprinted.com\/pl\/wp-json\/wp\/v2\/product_tag?post=2443"}],"curies":[{"name":"wp","href":"https:\/\/api.w.org\/{rel}","templated":true}]}}