{"id":2452,"date":"2025-04-23T09:23:08","date_gmt":"2025-04-23T09:23:08","guid":{"rendered":"https:\/\/cmykprinted.com\/?post_type=product&#038;p=2452"},"modified":"2025-04-23T09:23:08","modified_gmt":"2025-04-23T09:23:08","slug":"custom-trade-show-table-drapes","status":"publish","type":"product","link":"https:\/\/cmykprinted.com\/pl\/produkt\/niestandardowe-obrusy-na-stoly-targowe\/","title":{"rendered":"Niestandardowe zas\u0142ony na sto\u0142y targowe"},"content":{"rendered":"","protected":false},"excerpt":{"rendered":"<p>Spraw, aby Twoi klienci zab\u0142ysn\u0119li na nast\u0119pnych targach lub prezentacji dzi\u0119ki naszym przyci\u0105gaj\u0105cym wzrok, wysokiej jako\u015bci, drukowanym na zam\u00f3wienie obrusom na sto\u0142y targowe. Dost\u0119pne w 3-stronnych wzorach z otwartym ty\u0142em i 4-stronnych stylach z zamkni\u0119tym ty\u0142em, te pokrowce s\u0105 idealnie dopasowane do ka\u017cdego sto\u0142u, takiego jak 4 stopy, 6 st\u00f3p i 8 st\u00f3p lub dostosowane. Wykonane z wytrzyma\u0142ego poliestru o gramaturze 8,8 OZ i zadrukowane przy u\u017cyciu zaawansowanej technologii sublimacji barwnika, te obrusy na sto\u0142y targowe s\u0105 zbudowane tak, aby wytrzyma\u0107 intensywne \u015brodowisko ka\u017cdego wydarzenia.<\/p>\n<p>Utrzymanie stoiska targowego w czysto\u015bci i porz\u0105dku mo\u017ce by\u0107 wyzwaniem, szczeg\u00f3lnie je\u015bli zdarzy si\u0119 co\u015b rozla\u0107. Na szcz\u0119\u015bcie nasze w pe\u0142ni zmywalne, kolorowe obrusy sprawiaj\u0105, \u017ce czyszczenie jest dziecinnie proste. Twoi klienci doceni\u0105 wygod\u0119 wrzucenia obrusu do pralki pod koniec dnia \u2014 przywracaj\u0105c jego wyraziste, \u017cywe kolory na noc. Dzi\u0119ki naszym niestandardowym obrusom na sto\u0142y targowe Twoi klienci mog\u0105 sprawi\u0107, \u017ce ich stoiska b\u0119d\u0105 wygl\u0105da\u0107 ostro i profesjonalnie dzie\u0144 po dniu.<\/p>","protected":false},"featured_media":2457,"template":"","meta":{"_kad_post_transparent":"default","_kad_post_title":"hide","_kad_post_layout":"fullwidth","_kad_post_sidebar_id":"","_kad_post_content_style":"unboxed","_kad_post_vertical_padding":"hide","_kad_post_feature":"hide","_kad_post_feature_position":"","_kad_post_header":false,"_kad_post_footer":false},"product_cat":[80,81],"product_tag":[552,551],"class_list":{"0":"post-2452","1":"product","2":"type-product","3":"status-publish","4":"has-post-thumbnail","6":"product_cat-custom-tablecloth","7":"product_cat-custom-stretch-tablecloth","8":"product_tag-custom-trade-show-table-drapes","9":"product_tag-trade-show-table-drapes","11":"first","12":"instock","13":"shipping-taxable","14":"product-type-simple","15":"entry","16":"content-bg","17":"loop-entry"},"_links":{"self":[{"href":"https:\/\/cmykprinted.com\/pl\/wp-json\/wp\/v2\/product\/2452","targetHints":{"allow":["GET"]}}],"collection":[{"href":"https:\/\/cmykprinted.com\/pl\/wp-json\/wp\/v2\/product"}],"about":[{"href":"https:\/\/cmykprinted.com\/pl\/wp-json\/wp\/v2\/types\/product"}],"version-history":[{"count":1,"href":"https:\/\/cmykprinted.com\/pl\/wp-json\/wp\/v2\/product\/2452\/revisions"}],"predecessor-version":[{"id":2458,"href":"https:\/\/cmykprinted.com\/pl\/wp-json\/wp\/v2\/product\/2452\/revisions\/2458"}],"wp:featuredmedia":[{"embeddable":true,"href":"https:\/\/cmykprinted.com\/pl\/wp-json\/wp\/v2\/media\/2457"}],"wp:attachment":[{"href":"https:\/\/cmykprinted.com\/pl\/wp-json\/wp\/v2\/media?parent=2452"}],"wp:term":[{"taxonomy":"product_cat","embeddable":true,"href":"https:\/\/cmykprinted.com\/pl\/wp-json\/wp\/v2\/product_cat?post=2452"},{"taxonomy":"product_tag","embeddable":true,"href":"https:\/\/cmykprinted.com\/pl\/wp-json\/wp\/v2\/product_tag?post=2452"}],"curies":[{"name":"wp","href":"https:\/\/api.w.org\/{rel}","templated":true}]}}