{"id":2471,"date":"2025-05-09T08:04:34","date_gmt":"2025-05-09T08:04:34","guid":{"rendered":"https:\/\/cmykprinted.com\/?post_type=product&#038;p=2471"},"modified":"2025-05-09T08:04:34","modified_gmt":"2025-05-09T08:04:34","slug":"cheap-outdoor-printed-mesh-banners-for-fence","status":"publish","type":"product","link":"https:\/\/cmykprinted.com\/pl\/produkt\/tanie-zewnetrzne-drukowane-banery-siatkowe-na-ogrodzenie\/","title":{"rendered":"Tanie banery siatkowe drukowane na zewn\u0105trz na ogrodzenie"},"content":{"rendered":"","protected":false},"excerpt":{"rendered":"<p>Umieszczanie reklamowych baner\u00f3w siatkowych na ogrodzeniach to bardzo skuteczny spos\u00f3b na promocj\u0119 marek. Ogrodzenia mo\u017cna zobaczy\u0107 wsz\u0119dzie, a lekkie banery siatkowe mo\u017cna zainstalowa\u0107 po obu stronach. Ten rodzaj banera jest wodoodporny i odporny na s\u0142o\u0144ce oraz bardzo \u0142atwy w monta\u017cu. Zazwyczaj zak\u0142adamy oczka wok\u00f3\u0142 banera, aby baner mo\u017cna by\u0142o przywi\u0105za\u0107 do ogrodzenia paskami, co jest bardzo mocne. I owijamy kraw\u0119dzie banera ta\u015bm\u0105, aby baner by\u0142 bardziej wytrzyma\u0142y. Nie\u0142atwo jest go rozerwa\u0107 na wietrze. Powierzchnia banera siatkowego ma wiele otwor\u00f3w, wi\u0119c ma du\u017c\u0105 odporno\u015b\u0107 na wiatr, a wiatr mo\u017ce bezpo\u015brednio przechodzi\u0107 przez powierzchni\u0119 banera. W przeciwie\u0144stwie do baner\u00f3w z PVC, kt\u00f3re nie maj\u0105 otwor\u00f3w, czasami w celu zwi\u0119kszenia trwa\u0142o\u015bci baner\u00f3w z PVC ludzie celowo wycinaj\u0105 kilka naci\u0119\u0107 na powierzchni no\u017cyczkami, co niszczy integralno\u015b\u0107 ca\u0142ego obrazu.<\/p>\n<div style=\"width: 960px;\" class=\"wp-video\"><!--[if lt IE 9]><script>document.createElement('video');<\/script><![endif]--><br \/>\n<video class=\"wp-video-shortcode\" id=\"video-2471-1\" width=\"960\" height=\"540\" preload=\"metadata\" controls=\"controls\"><source type=\"video\/mp4\" src=\"https:\/\/cmykprinted.com\/wp-content\/uploads\/2025\/02\/Barrier-Covers.mp4?_=1\" \/><a href=\"https:\/\/cmykprinted.com\/wp-content\/uploads\/2025\/02\/Barrier-Covers.mp4\">https:\/\/cmykprinted.com\/wp-content\/uploads\/2025\/02\/Barrier-Covers.mp4<\/a><\/video><\/div>\n<p>R<\/p>\n<div style=\"width: 960px;\" class=\"wp-video\"><video class=\"wp-video-shortcode\" id=\"video-2471-2\" width=\"960\" height=\"540\" preload=\"metadata\" controls=\"controls\"><source type=\"video\/mp4\" src=\"https:\/\/cmykprinted.com\/wp-content\/uploads\/2025\/02\/Fence-Mesh-Signage.mp4?_=2\" \/><a href=\"https:\/\/cmykprinted.com\/wp-content\/uploads\/2025\/02\/Fence-Mesh-Signage.mp4\">https:\/\/cmykprinted.com\/wp-content\/uploads\/2025\/02\/Fence-Mesh-Signage.mp4<\/a><\/video><\/div>","protected":false},"featured_media":2477,"template":"","meta":{"_kad_post_transparent":"default","_kad_post_title":"hide","_kad_post_layout":"fullwidth","_kad_post_sidebar_id":"","_kad_post_content_style":"unboxed","_kad_post_vertical_padding":"hide","_kad_post_feature":"hide","_kad_post_feature_position":"","_kad_post_header":false,"_kad_post_footer":false},"product_cat":[85,86],"product_tag":[554,553,555],"class_list":{"0":"post-2471","1":"product","2":"type-product","3":"status-publish","4":"has-post-thumbnail","6":"product_cat-outdoor-vinyl-banners","7":"product_cat-fence-mesh-banners","8":"product_tag-cheap-outdoor-printed-mesh-banners","9":"product_tag-mesh-banners-for-fence","10":"product_tag-printed-mesh-banners","12":"first","13":"instock","14":"shipping-taxable","15":"product-type-simple","16":"entry","17":"content-bg","18":"loop-entry"},"_links":{"self":[{"href":"https:\/\/cmykprinted.com\/pl\/wp-json\/wp\/v2\/product\/2471","targetHints":{"allow":["GET"]}}],"collection":[{"href":"https:\/\/cmykprinted.com\/pl\/wp-json\/wp\/v2\/product"}],"about":[{"href":"https:\/\/cmykprinted.com\/pl\/wp-json\/wp\/v2\/types\/product"}],"version-history":[{"count":1,"href":"https:\/\/cmykprinted.com\/pl\/wp-json\/wp\/v2\/product\/2471\/revisions"}],"predecessor-version":[{"id":2480,"href":"https:\/\/cmykprinted.com\/pl\/wp-json\/wp\/v2\/product\/2471\/revisions\/2480"}],"wp:featuredmedia":[{"embeddable":true,"href":"https:\/\/cmykprinted.com\/pl\/wp-json\/wp\/v2\/media\/2477"}],"wp:attachment":[{"href":"https:\/\/cmykprinted.com\/pl\/wp-json\/wp\/v2\/media?parent=2471"}],"wp:term":[{"taxonomy":"product_cat","embeddable":true,"href":"https:\/\/cmykprinted.com\/pl\/wp-json\/wp\/v2\/product_cat?post=2471"},{"taxonomy":"product_tag","embeddable":true,"href":"https:\/\/cmykprinted.com\/pl\/wp-json\/wp\/v2\/product_tag?post=2471"}],"curies":[{"name":"wp","href":"https:\/\/api.w.org\/{rel}","templated":true}]}}