{"id":2524,"date":"2025-05-16T07:24:19","date_gmt":"2025-05-16T07:24:19","guid":{"rendered":"https:\/\/cmykprinted.com\/?post_type=product&#038;p=2524"},"modified":"2025-05-16T07:24:19","modified_gmt":"2025-05-16T07:24:19","slug":"custom-table-cloths-for-6-foot-table","status":"publish","type":"product","link":"https:\/\/cmykprinted.com\/pl\/produkt\/niestandardowe-obrusy-na-stol-o-dlugosci-6-stop\/","title":{"rendered":"Niestandardowe obrusy na st\u00f3\u0142 6-stopowy"},"content":{"rendered":"","protected":false},"excerpt":{"rendered":"<p>Niestandardowe obrusy na st\u00f3\u0142 6-stopowy \u2013 spersonalizowana elegancja i funkcjonalno\u015b\u0107<\/p>\n<p>Przekszta\u0142\u0107 ka\u017cde wydarzenie, targi lub miejsce do spo\u017cywania posi\u0142k\u00f3w dzi\u0119ki naszym najwy\u017cszej jako\u015bci niestandardowym obrusom na sto\u0142y o d\u0142ugo\u015bci 6 st\u00f3p. Zaprojektowane tak, aby idealnie pasowa\u0142y do \u200b\u200bstandardowych prostok\u0105tnych sto\u0142\u00f3w o d\u0142ugo\u015bci 6 st\u00f3p (zwykle 72 cale d\u0142ugo\u015bci, 30 cali szeroko\u015bci i 29-30 cali wysoko\u015bci), nasze obrusy oferuj\u0105 idealne po\u0142\u0105czenie szytego na miar\u0119 projektu, wysokiej jako\u015bci tkaniny i spersonalizowanego stylu. Niezale\u017cnie od tego, czy chcesz wypromowa\u0107 swoj\u0105 firm\u0119, czy podnie\u015b\u0107 poziom wystroju domu, te niestandardowe obrusy zapewniaj\u0105 zar\u00f3wno pi\u0119kno, jak i praktyczno\u015b\u0107.<\/p>\n<p>Dopasowany kr\u00f3j zapewniaj\u0105cy profesjonalny wygl\u0105d<br \/>\nNasze niestandardowe obrusy s\u0105 wykonane z precyzj\u0105, aby zapewni\u0107 \u015bcis\u0142e, eleganckie dopasowanie do 6-stopowego sto\u0142u. Proporcje s\u0105 zaprojektowane tak, aby g\u0142adko uk\u0142ada\u0107 si\u0119 ze wszystkich stron, zapewniaj\u0105c czysty, bez zagniece\u0144 wygl\u0105d, kt\u00f3ry poprawia estetyk\u0119 prezentacji lub wydarzenia. Niezale\u017cnie od tego, czy s\u0105 u\u017cywane na formalnych bankietach, wystawach czy nieformalnych spotkaniach, dopasowany styl dodaje odrobin\u0119 profesjonalizmu i wyrafinowania.<\/p>\n<div style=\"width: 1280px;\" class=\"wp-video\"><!--[if lt IE 9]><script>document.createElement('video');<\/script><![endif]--><br \/>\n<video class=\"wp-video-shortcode\" id=\"video-2524-1\" width=\"1280\" height=\"720\" preload=\"metadata\" controls=\"controls\"><source type=\"video\/mp4\" src=\"https:\/\/cmykprinted.com\/wp-content\/uploads\/2025\/05\/Logo-Table-Covers-for-Trade-Shows-01.mp4?_=1\" \/><a href=\"https:\/\/cmykprinted.com\/wp-content\/uploads\/2025\/05\/Logo-Table-Covers-for-Trade-Shows-01.mp4\">https:\/\/cmykprinted.com\/wp-content\/uploads\/2025\/05\/Logo-Table-Covers-for-Trade-Shows-01.mp4<\/a><\/video><\/div>","protected":false},"featured_media":2527,"template":"","meta":{"_kad_post_transparent":"default","_kad_post_title":"hide","_kad_post_layout":"fullwidth","_kad_post_sidebar_id":"","_kad_post_content_style":"unboxed","_kad_post_vertical_padding":"hide","_kad_post_feature":"hide","_kad_post_feature_position":"","_kad_post_header":false,"_kad_post_footer":false},"product_cat":[80,81],"product_tag":[563,158,562],"class_list":{"0":"post-2524","1":"product","2":"type-product","3":"status-publish","4":"has-post-thumbnail","6":"product_cat-custom-tablecloth","7":"product_cat-custom-stretch-tablecloth","8":"product_tag-custom-table-cloths","9":"product_tag-custom-tablecloth","10":"product_tag-tablecloth-for-6-foot-table","12":"first","13":"instock","14":"shipping-taxable","15":"product-type-simple","16":"entry","17":"content-bg","18":"loop-entry"},"_links":{"self":[{"href":"https:\/\/cmykprinted.com\/pl\/wp-json\/wp\/v2\/product\/2524","targetHints":{"allow":["GET"]}}],"collection":[{"href":"https:\/\/cmykprinted.com\/pl\/wp-json\/wp\/v2\/product"}],"about":[{"href":"https:\/\/cmykprinted.com\/pl\/wp-json\/wp\/v2\/types\/product"}],"version-history":[{"count":2,"href":"https:\/\/cmykprinted.com\/pl\/wp-json\/wp\/v2\/product\/2524\/revisions"}],"predecessor-version":[{"id":2530,"href":"https:\/\/cmykprinted.com\/pl\/wp-json\/wp\/v2\/product\/2524\/revisions\/2530"}],"wp:featuredmedia":[{"embeddable":true,"href":"https:\/\/cmykprinted.com\/pl\/wp-json\/wp\/v2\/media\/2527"}],"wp:attachment":[{"href":"https:\/\/cmykprinted.com\/pl\/wp-json\/wp\/v2\/media?parent=2524"}],"wp:term":[{"taxonomy":"product_cat","embeddable":true,"href":"https:\/\/cmykprinted.com\/pl\/wp-json\/wp\/v2\/product_cat?post=2524"},{"taxonomy":"product_tag","embeddable":true,"href":"https:\/\/cmykprinted.com\/pl\/wp-json\/wp\/v2\/product_tag?post=2524"}],"curies":[{"name":"wp","href":"https:\/\/api.w.org\/{rel}","templated":true}]}}