{"id":2556,"date":"2025-05-20T09:02:02","date_gmt":"2025-05-20T09:02:02","guid":{"rendered":"https:\/\/cmykprinted.com\/?post_type=product&#038;p=2556"},"modified":"2025-05-20T09:02:02","modified_gmt":"2025-05-20T09:02:02","slug":"cheap-step-and-repeat-backdrop-with-stand","status":"publish","type":"product","link":"https:\/\/cmykprinted.com\/pl\/produkt\/tani-step-and-repeat-tlo-z-stojakiem\/","title":{"rendered":"Tanie t\u0142o Step and Repeat ze stojakiem"},"content":{"rendered":"","protected":false},"excerpt":{"rendered":"<p>Stw\u00f3rz profesjonaln\u0105 okazj\u0119 do zrobienia zdj\u0119cia na swoim nast\u0119pnym wydarzeniu dzi\u0119ki temu Step and Repeat Backdrop ze stojakiem. Idealne na wydarzenia z czerwonym dywanem, konferencje prasowe, targi, wesela i imprezy korporacyjne, to t\u0142o zawiera konfigurowalny baner z tkaniny, zwykle drukowany z powtarzaj\u0105cymi si\u0119 logo lub wzorami marki.<\/p>\n<p>Wykonany z wytrzyma\u0142ej, odpornej na zagniecenia tkaniny poliestrowej baner oferuje wysok\u0105 rozdzielczo\u015b\u0107 wydruku, co pozwala na tworzenie \u017cywych, przyci\u0105gaj\u0105cych wzrok ekspozycji. Solidny aluminiowy stojak jest regulowany zar\u00f3wno pod wzgl\u0119dem wysoko\u015bci, jak i szeroko\u015bci, dzi\u0119ki czemu nadaje si\u0119 do baner\u00f3w o r\u00f3\u017cnych rozmiarach, zazwyczaj do 8 st\u00f3p x 8 st\u00f3p. \u0141atwy w monta\u017cu i demonta\u017cu, rama zawiera teleskopowe dr\u0105\u017cki i bezpieczne mechanizmy blokuj\u0105ce zapewniaj\u0105ce stabiln\u0105 konfiguracj\u0119. W zestawie znajduje si\u0119 torba transportowa do wygodnego transportu i przechowywania.<\/p>\n<p>To t\u0142o nie tylko zwi\u0119ksza widoczno\u015b\u0107 marki, ale tak\u017ce dodaje odrobin\u0119 elegancji i profesjonalizmu do ka\u017cdego otoczenia. Niezale\u017cnie od tego, czy chodzi o zdj\u0119cia promocyjne, wywiady czy specjalne uroczysto\u015bci, t\u0142o Step and Repeat gwarantuje, \u017ce Twoje wydarzenie pozostawi trwa\u0142e wra\u017cenie.<\/p>\n<div style=\"width: 720px;\" class=\"wp-video\"><!--[if lt IE 9]><script>document.createElement('video');<\/script><![endif]--><br \/>\n<video class=\"wp-video-shortcode\" id=\"video-2556-1\" width=\"720\" height=\"720\" preload=\"metadata\" controls=\"controls\"><source type=\"video\/mp4\" src=\"https:\/\/cmykprinted.com\/wp-content\/uploads\/2025\/05\/\u89c6\u9891-383512795067.mp4?_=1\" \/><a href=\"https:\/\/cmykprinted.com\/wp-content\/uploads\/2025\/05\/\u89c6\u9891-383512795067.mp4\">https:\/\/cmykprinted.com\/wp-content\/uploads\/2025\/05\/\u89c6\u9891-383512795067.mp4<\/a><\/video><\/div>\n<div style=\"width: 540px;\" class=\"wp-video\"><video class=\"wp-video-shortcode\" id=\"video-2556-2\" width=\"540\" height=\"540\" preload=\"metadata\" controls=\"controls\"><source type=\"video\/mp4\" src=\"https:\/\/cmykprinted.com\/wp-content\/uploads\/2025\/05\/Step-and-Repeat-Backdrop-with-Stand.mp4?_=2\" \/><a href=\"https:\/\/cmykprinted.com\/wp-content\/uploads\/2025\/05\/Step-and-Repeat-Backdrop-with-Stand.mp4\">https:\/\/cmykprinted.com\/wp-content\/uploads\/2025\/05\/Step-and-Repeat-Backdrop-with-Stand.mp4<\/a><\/video><\/div>","protected":false},"featured_media":2561,"template":"","meta":{"_kad_post_transparent":"default","_kad_post_title":"hide","_kad_post_layout":"fullwidth","_kad_post_sidebar_id":"","_kad_post_content_style":"unboxed","_kad_post_vertical_padding":"hide","_kad_post_feature":"hide","_kad_post_feature_position":"","_kad_post_header":false,"_kad_post_footer":false},"product_cat":[97,98],"product_tag":[567,566,568],"class_list":{"0":"post-2556","1":"product","2":"type-product","3":"status-publish","4":"has-post-thumbnail","6":"product_cat-tension-fabric-displays","7":"product_cat-curved-tension-fabric-pop-up-displays","8":"product_tag-custom-step-and-repeat-backdrop","9":"product_tag-logo-wall-backdrop","10":"product_tag-step-and-repeat-logo-backdrop","12":"first","13":"instock","14":"shipping-taxable","15":"product-type-simple","16":"entry","17":"content-bg","18":"loop-entry"},"_links":{"self":[{"href":"https:\/\/cmykprinted.com\/pl\/wp-json\/wp\/v2\/product\/2556","targetHints":{"allow":["GET"]}}],"collection":[{"href":"https:\/\/cmykprinted.com\/pl\/wp-json\/wp\/v2\/product"}],"about":[{"href":"https:\/\/cmykprinted.com\/pl\/wp-json\/wp\/v2\/types\/product"}],"version-history":[{"count":1,"href":"https:\/\/cmykprinted.com\/pl\/wp-json\/wp\/v2\/product\/2556\/revisions"}],"predecessor-version":[{"id":2567,"href":"https:\/\/cmykprinted.com\/pl\/wp-json\/wp\/v2\/product\/2556\/revisions\/2567"}],"wp:featuredmedia":[{"embeddable":true,"href":"https:\/\/cmykprinted.com\/pl\/wp-json\/wp\/v2\/media\/2561"}],"wp:attachment":[{"href":"https:\/\/cmykprinted.com\/pl\/wp-json\/wp\/v2\/media?parent=2556"}],"wp:term":[{"taxonomy":"product_cat","embeddable":true,"href":"https:\/\/cmykprinted.com\/pl\/wp-json\/wp\/v2\/product_cat?post=2556"},{"taxonomy":"product_tag","embeddable":true,"href":"https:\/\/cmykprinted.com\/pl\/wp-json\/wp\/v2\/product_tag?post=2556"}],"curies":[{"name":"wp","href":"https:\/\/api.w.org\/{rel}","templated":true}]}}