{"id":2582,"date":"2025-05-21T06:04:22","date_gmt":"2025-05-21T06:04:22","guid":{"rendered":"https:\/\/cmykprinted.com\/?post_type=product&#038;p=2582"},"modified":"2025-05-21T06:04:22","modified_gmt":"2025-05-21T06:04:22","slug":"custom-feather-flags-australia-queensland-beach-banners","status":"publish","type":"product","link":"https:\/\/cmykprinted.com\/pl\/produkt\/niestandardowe-flagi-z-pior-australia-queensland-banery-na-plaze\/","title":{"rendered":"Niestandardowe flagi pi\u00f3rowe Australia Queensland Beach Banners"},"content":{"rendered":"","protected":false},"excerpt":{"rendered":"<p>Niestandardowe flagi pi\u00f3rkowe to \u017cywy i skuteczny spos\u00f3b na promocj\u0119 Twojej firmy, marki lub wydarzenia w ca\u0142ej Australii. Zaprojektowane z my\u015bl\u0105 o wysokiej widoczno\u015bci, te przyci\u0105gaj\u0105ce wzrok banery s\u0105 idealne na targi zewn\u0119trzne, witryny sklepowe, festiwale, wydarzenia sportowe i targi. Niezale\u017cnie od tego, czy prowadzisz ma\u0142\u0105 firm\u0119, czy krajow\u0105 mark\u0119, flagi pi\u00f3rkowe oferuj\u0105 profesjonalne i niedrogie rozwi\u0105zanie reklamowe.<\/p>\n<p>W zr\u00f3\u017cnicowanym klimacie Australii nasze flagi z pi\u00f3r s\u0105 zbudowane tak, aby przetrwa\u0142y. Wykonane z wytrzyma\u0142ej tkaniny poliestrowej i zadrukowane farbami odpornymi na promieniowanie UV, wytrzymuj\u0105 ostre s\u0142o\u0144ce, wiatr i deszcz. Lekka konstrukcja sprawia, \u017ce \u200b\u200bs\u0105 \u0142atwe do rozstawienia, transportu i zmiany po\u0142o\u017cenia, kiedy tylko zajdzie taka potrzeba.<\/p>\n<p>Mo\u017cesz wybra\u0107 druk jednostronny lub dwustronny, w zale\u017cno\u015bci od potrzeb widoczno\u015bci. Ka\u017cda flaga mo\u017ce by\u0107 w pe\u0142ni dostosowana do Twojego logo, kolor\u00f3w i przekazu, co pomo\u017ce Ci wyr\u00f3\u017cni\u0107 si\u0119 w ka\u017cdym miejscu. Dost\u0119pne s\u0105 r\u00f3\u017cne rozmiary i opcje podstaw, aby dopasowa\u0107 si\u0119 do r\u00f3\u017cnych powierzchni \u2014 niezale\u017cnie od tego, czy potrzebujesz kolc\u00f3w gruntowych na pla\u017ce i pola, czy podstaw krzy\u017cowych z workami na wod\u0119 do betonu lub wewn\u0105trz pomieszcze\u0144.<\/p>\n<p>Od Melbourne do Brisbane, od Sydney do Perth, dostarczamy firmom w ca\u0142ym kraju niestandardowe flagi pi\u00f3rowe, kt\u00f3re s\u0105 szybkie w produkcji i proste w instalacji. Nasz zesp\u00f3\u0142 jest tutaj, aby wesprze\u0107 Ci\u0119 w projektowaniu, drukowaniu i dostawie, zapewniaj\u0105c p\u0142ynne i niezawodne do\u015bwiadczenie za ka\u017cdym razem.<\/p>\n<p>Wybierz Custom Feather Flags Australia, aby wzmocni\u0107 widoczno\u015b\u0107 swojej marki i przyci\u0105ga\u0107 uwag\u0119, gdziekolwiek si\u0119 udasz.<\/p>","protected":false},"featured_media":2584,"template":"","meta":{"_kad_post_transparent":"default","_kad_post_title":"hide","_kad_post_layout":"fullwidth","_kad_post_sidebar_id":"","_kad_post_content_style":"unboxed","_kad_post_vertical_padding":"hide","_kad_post_feature":"hide","_kad_post_feature_position":"","_kad_post_header":false,"_kad_post_footer":false},"product_cat":[64,65,66,67],"product_tag":[321,573,574,575],"class_list":{"0":"post-2582","1":"product","2":"type-product","3":"status-publish","4":"has-post-thumbnail","6":"product_cat-beach-flags","7":"product_cat-feather-flags-banners","8":"product_cat-rectangular-flags-banners","9":"product_cat-teardrop-flags-banners","10":"product_tag-custom-feather-flags","11":"product_tag-feather-flags-australia","12":"product_tag-feather-flags-queensland","13":"product_tag-queensland-beach-banners","15":"first","16":"instock","17":"shipping-taxable","18":"product-type-simple","19":"entry","20":"content-bg","21":"loop-entry"},"_links":{"self":[{"href":"https:\/\/cmykprinted.com\/pl\/wp-json\/wp\/v2\/product\/2582","targetHints":{"allow":["GET"]}}],"collection":[{"href":"https:\/\/cmykprinted.com\/pl\/wp-json\/wp\/v2\/product"}],"about":[{"href":"https:\/\/cmykprinted.com\/pl\/wp-json\/wp\/v2\/types\/product"}],"version-history":[{"count":1,"href":"https:\/\/cmykprinted.com\/pl\/wp-json\/wp\/v2\/product\/2582\/revisions"}],"predecessor-version":[{"id":2590,"href":"https:\/\/cmykprinted.com\/pl\/wp-json\/wp\/v2\/product\/2582\/revisions\/2590"}],"wp:featuredmedia":[{"embeddable":true,"href":"https:\/\/cmykprinted.com\/pl\/wp-json\/wp\/v2\/media\/2584"}],"wp:attachment":[{"href":"https:\/\/cmykprinted.com\/pl\/wp-json\/wp\/v2\/media?parent=2582"}],"wp:term":[{"taxonomy":"product_cat","embeddable":true,"href":"https:\/\/cmykprinted.com\/pl\/wp-json\/wp\/v2\/product_cat?post=2582"},{"taxonomy":"product_tag","embeddable":true,"href":"https:\/\/cmykprinted.com\/pl\/wp-json\/wp\/v2\/product_tag?post=2582"}],"curies":[{"name":"wp","href":"https:\/\/api.w.org\/{rel}","templated":true}]}}