{"id":2591,"date":"2025-05-21T09:11:06","date_gmt":"2025-05-21T09:11:06","guid":{"rendered":"https:\/\/cmykprinted.com\/?post_type=product&#038;p=2591"},"modified":"2025-05-23T14:07:36","modified_gmt":"2025-05-23T14:07:36","slug":"custom-printed-promotional-tablecloths-australia","status":"publish","type":"product","link":"https:\/\/cmykprinted.com\/pl\/produkt\/niestandardowe-drukowane-promocyjne-obrusy-australia\/","title":{"rendered":"Niestandardowe drukowane obrusy reklamowe Australia"},"content":{"rendered":"","protected":false},"excerpt":{"rendered":"<p data-start=\"197\" data-end=\"540\">Niestandardowe, drukowane obrusy promocyjne s\u0105 niezb\u0119dnym narz\u0119dziem brandingowym dla firm i organizacji, kt\u00f3re chc\u0105 stworzy\u0107 profesjonaln\u0105 i przyci\u0105gaj\u0105c\u0105 wzrok ekspozycj\u0119 na targach, wystawach, premierach produkt\u00f3w i innych wydarzeniach w ca\u0142ej Australii. Zaprojektowane w celu zwi\u0119kszenia widoczno\u015bci i obecno\u015bci marki, te obrusy oferuj\u0105 zar\u00f3wno funkcjonalno\u015b\u0107, jak i styl.<\/p>\n<p data-start=\"542\" data-end=\"865\">Nasze obrusy s\u0105 wykonane z wysokiej jako\u015bci tkaniny poliestrowej, znanej ze swojej trwa\u0142o\u015bci, odporno\u015bci na zagniecenia i \u017cywego odwzorowania kolor\u00f3w. Wykorzystuj\u0105c zaawansowany druk sublimacyjny, mo\u017cemy w pe\u0142ni dostosowa\u0107 Tw\u00f3j obrus do Twoich potrzeb, umieszczaj\u0105c na nim logo, slogany, grafiki lub wzory na ca\u0142ej powierzchni \u2014 zapewniaj\u0105c, \u017ce Twoja marka b\u0119dzie widoczna z ka\u017cdej strony.<\/p>\n<p data-start=\"867\" data-end=\"931\">Oferujemy r\u00f3\u017cnorodne style dostosowane do r\u00f3\u017cnych potrzeb, w tym:<\/p>\n<ul data-start=\"932\" data-end=\"1201\">\n<li data-start=\"932\" data-end=\"1022\">\n<p data-start=\"934\" data-end=\"1022\"><strong data-start=\"934\" data-end=\"961\">Lu\u017ane\/drapowane obrusy<\/strong> \u2013 Uniwersalne rozwi\u0105zanie pasuj\u0105ce do wi\u0119kszo\u015bci standardowych sto\u0142\u00f3w koz\u0142owych.<\/p>\n<\/li>\n<li data-start=\"1023\" data-end=\"1105\">\n<p data-start=\"1025\" data-end=\"1105\"><strong data-start=\"1025\" data-end=\"1048\">Dopasowane pokrowce na st\u00f3\u0142<\/strong> \u2013 Zapewniaj\u0105 schludny, dopasowany wygl\u0105d z ostrymi liniami.<\/p>\n<\/li>\n<li data-start=\"1106\" data-end=\"1201\">\n<p data-start=\"1108\" data-end=\"1201\"><strong data-start=\"1108\" data-end=\"1132\">Stretch Table Covers<\/strong> \u2013 Nowoczesne i eleganckie, idealnie dopasowuj\u0105 si\u0119 do cia\u0142a i nie powoduj\u0105 zagniece\u0144.<\/p>\n<\/li>\n<\/ul>\n<p data-start=\"1203\" data-end=\"1377\">Dost\u0119pne rozmiary dla sto\u0142\u00f3w 4ft, 6ft i 8ft, z niestandardowymi rozmiarami dost\u0119pnymi na \u017cyczenie. Opcje obejmuj\u0105 projekty z otwartym ty\u0142em (dla personelu siedz\u0105cego lub dost\u0119pu do magazynu) lub zamkni\u0119tym ty\u0142em.<\/p>\n<p data-start=\"1379\" data-end=\"1529\">Te promocyjne obrusy, idealne do u\u017cytku wewn\u0105trz i na zewn\u0105trz, mo\u017cna pra\u0107 w pralce i ponownie u\u017cywa\u0107, co czyni je op\u0142acaln\u0105 inwestycj\u0105 marketingow\u0105.<\/p>\n<p data-start=\"1531\" data-end=\"1673\">Niezale\u017cnie od tego, czy wystawiasz si\u0119 w Sydney, Melbourne, Brisbane czy Perth, nasze spersonalizowane obrusy z nadrukiem pomog\u0105 Ci wywrze\u0107 silne, trwa\u0142e wra\u017cenie.<\/p>\n<div style=\"width: 1280px;\" class=\"wp-video\"><!--[if lt IE 9]><script>document.createElement('video');<\/script><![endif]--><br \/>\n<video class=\"wp-video-shortcode\" id=\"video-2591-1\" width=\"1280\" height=\"720\" preload=\"metadata\" controls=\"controls\"><source type=\"video\/mp4\" src=\"https:\/\/cmykprinted.com\/wp-content\/uploads\/2025\/05\/Promotional-Tablecloths-Australia.mp4?_=1\" \/><a href=\"https:\/\/cmykprinted.com\/wp-content\/uploads\/2025\/05\/Promotional-Tablecloths-Australia.mp4\">https:\/\/cmykprinted.com\/wp-content\/uploads\/2025\/05\/Promotional-Tablecloths-Australia.mp4<\/a><\/video><\/div>","protected":false},"featured_media":2610,"template":"","meta":{"_kad_post_transparent":"default","_kad_post_title":"hide","_kad_post_layout":"fullwidth","_kad_post_sidebar_id":"","_kad_post_content_style":"unboxed","_kad_post_vertical_padding":"hide","_kad_post_feature":"hide","_kad_post_feature_position":"","_kad_post_header":false,"_kad_post_footer":false},"product_cat":[80,81],"product_tag":[577,579,578,576],"class_list":{"0":"post-2591","1":"product","2":"type-product","3":"status-publish","4":"has-post-thumbnail","6":"product_cat-custom-tablecloth","7":"product_cat-custom-stretch-tablecloth","8":"product_tag-custom-printed-promotional-tablecloths","9":"product_tag-custom-printed-tablecloths","10":"product_tag-printed-promotional-tablecloths","11":"product_tag-promotional-tablecloths-australia","13":"first","14":"instock","15":"shipping-taxable","16":"product-type-simple","17":"entry","18":"content-bg","19":"loop-entry"},"_links":{"self":[{"href":"https:\/\/cmykprinted.com\/pl\/wp-json\/wp\/v2\/product\/2591","targetHints":{"allow":["GET"]}}],"collection":[{"href":"https:\/\/cmykprinted.com\/pl\/wp-json\/wp\/v2\/product"}],"about":[{"href":"https:\/\/cmykprinted.com\/pl\/wp-json\/wp\/v2\/types\/product"}],"version-history":[{"count":2,"href":"https:\/\/cmykprinted.com\/pl\/wp-json\/wp\/v2\/product\/2591\/revisions"}],"predecessor-version":[{"id":2611,"href":"https:\/\/cmykprinted.com\/pl\/wp-json\/wp\/v2\/product\/2591\/revisions\/2611"}],"wp:featuredmedia":[{"embeddable":true,"href":"https:\/\/cmykprinted.com\/pl\/wp-json\/wp\/v2\/media\/2610"}],"wp:attachment":[{"href":"https:\/\/cmykprinted.com\/pl\/wp-json\/wp\/v2\/media?parent=2591"}],"wp:term":[{"taxonomy":"product_cat","embeddable":true,"href":"https:\/\/cmykprinted.com\/pl\/wp-json\/wp\/v2\/product_cat?post=2591"},{"taxonomy":"product_tag","embeddable":true,"href":"https:\/\/cmykprinted.com\/pl\/wp-json\/wp\/v2\/product_tag?post=2591"}],"curies":[{"name":"wp","href":"https:\/\/api.w.org\/{rel}","templated":true}]}}