{"id":2602,"date":"2025-05-23T13:50:03","date_gmt":"2025-05-23T13:50:03","guid":{"rendered":"https:\/\/cmykprinted.com\/?post_type=product&#038;p=2602"},"modified":"2025-05-23T13:56:32","modified_gmt":"2025-05-23T13:56:32","slug":"custom-fitted-table-cloth-with-zipper-back-australia","status":"publish","type":"product","link":"https:\/\/cmykprinted.com\/pl\/produkt\/dopasowany-obrus-na-mie-z-suwakiem-z-tylu-australia\/","title":{"rendered":"Dopasowany obrus z zamkiem b\u0142yskawicznym Australia"},"content":{"rendered":"","protected":false},"excerpt":{"rendered":"<p>Podnie\u015b obecno\u015b\u0107 swojej marki na wydarzeniach, targach i wystawach dzi\u0119ki naszemu najwy\u017cszej jako\u015bci dopasowanemu obrusowi z zamkiem b\u0142yskawicznym z ty\u0142u \u2013 dostosowanemu specjalnie do australijskich firm. Wykonany z wysokiej jako\u015bci elastycznej tkaniny poliestrowej, ten obrus jest zaprojektowany tak, aby idealnie przylega\u0142 do sto\u0142u, tworz\u0105c elegancki, profesjonalny wygl\u0105d, kt\u00f3ry si\u0119 wyr\u00f3\u017cnia.<\/p>\n<p>Tylny zamek b\u0142yskawiczny zapewnia wygodny dost\u0119p do schowk\u00f3w pod sto\u0142em, ukrywaj\u0105c ba\u0142agan, a jednocze\u015bnie zapewniaj\u0105c \u0142atwy dost\u0119p do materia\u0142\u00f3w marketingowych, przedmiot\u00f3w osobistych lub zapas\u00f3w. Dost\u0119pne dla standardowych sto\u0142\u00f3w 4 ft, 6 ft i 8 ft, ka\u017cdy materia\u0142 jest w pe\u0142ni dostosowany do Twojego logo, kolor\u00f3w i grafiki za pomoc\u0105 \u017cywego, pe\u0142nokolorowego druku sublimacyjnego.<\/p>\n<p>Idealny na konferencje, wystawy, handel detaliczny i wydarzenia promocyjne, ten dopasowany obrus jest odporny na zagniecenia, mo\u017cna go pra\u0107 w pralce i jest wielokrotnego u\u017cytku \u2013 oferuj\u0105c d\u0142ugoterminow\u0105 warto\u015b\u0107 i widoczno\u015b\u0107 marki. Zaprojektowany i wydrukowany w Australii, z szybk\u0105 realizacj\u0105 i dostaw\u0105 na terenie ca\u0142ego kraju.<\/p>\n<p>Wyr\u00f3\u017cnij si\u0119 z t\u0142umu i spraw, by Twoja prezentacja sta\u0142a si\u0119 niezapomniana dzi\u0119ki naszym profesjonalnym, zapinanym na suwak pokrowcom na sto\u0142y.<\/p>\n<div style=\"width: 1280px;\" class=\"wp-video\"><!--[if lt IE 9]><script>document.createElement('video');<\/script><![endif]--><br \/>\n<video class=\"wp-video-shortcode\" id=\"video-2602-1\" width=\"1280\" height=\"720\" preload=\"metadata\" controls=\"controls\"><source type=\"video\/mp4\" src=\"https:\/\/cmykprinted.com\/wp-content\/uploads\/2025\/05\/Promotional-Tablecloths-Australia.mp4?_=1\" \/><a href=\"https:\/\/cmykprinted.com\/wp-content\/uploads\/2025\/05\/Promotional-Tablecloths-Australia.mp4\">https:\/\/cmykprinted.com\/wp-content\/uploads\/2025\/05\/Promotional-Tablecloths-Australia.mp4<\/a><\/video><\/div>","protected":false},"featured_media":2609,"template":"","meta":{"_kad_post_transparent":"default","_kad_post_title":"hide","_kad_post_layout":"fullwidth","_kad_post_sidebar_id":"","_kad_post_content_style":"unboxed","_kad_post_vertical_padding":"hide","_kad_post_feature":"hide","_kad_post_feature_position":"","_kad_post_header":false,"_kad_post_footer":false},"product_cat":[80,81],"product_tag":[535,580,581,582],"class_list":{"0":"post-2602","1":"product","2":"type-product","3":"status-publish","4":"has-post-thumbnail","6":"product_cat-custom-tablecloth","7":"product_cat-custom-stretch-tablecloth","8":"product_tag-custom-fitted-table-cloth","9":"product_tag-fitted-table-cloth","10":"product_tag-fitted-table-cloth-with-zipper-back","11":"product_tag-fitted-table-cloth-with-zipper-back-australia","13":"first","14":"instock","15":"shipping-taxable","16":"product-type-simple","17":"entry","18":"content-bg","19":"loop-entry"},"_links":{"self":[{"href":"https:\/\/cmykprinted.com\/pl\/wp-json\/wp\/v2\/product\/2602","targetHints":{"allow":["GET"]}}],"collection":[{"href":"https:\/\/cmykprinted.com\/pl\/wp-json\/wp\/v2\/product"}],"about":[{"href":"https:\/\/cmykprinted.com\/pl\/wp-json\/wp\/v2\/types\/product"}],"version-history":[{"count":1,"href":"https:\/\/cmykprinted.com\/pl\/wp-json\/wp\/v2\/product\/2602\/revisions"}],"predecessor-version":[{"id":2607,"href":"https:\/\/cmykprinted.com\/pl\/wp-json\/wp\/v2\/product\/2602\/revisions\/2607"}],"wp:featuredmedia":[{"embeddable":true,"href":"https:\/\/cmykprinted.com\/pl\/wp-json\/wp\/v2\/media\/2609"}],"wp:attachment":[{"href":"https:\/\/cmykprinted.com\/pl\/wp-json\/wp\/v2\/media?parent=2602"}],"wp:term":[{"taxonomy":"product_cat","embeddable":true,"href":"https:\/\/cmykprinted.com\/pl\/wp-json\/wp\/v2\/product_cat?post=2602"},{"taxonomy":"product_tag","embeddable":true,"href":"https:\/\/cmykprinted.com\/pl\/wp-json\/wp\/v2\/product_tag?post=2602"}],"curies":[{"name":"wp","href":"https:\/\/api.w.org\/{rel}","templated":true}]}}