{"id":2612,"date":"2025-05-26T09:45:45","date_gmt":"2025-05-26T09:45:45","guid":{"rendered":"https:\/\/cmykprinted.com\/?post_type=product&#038;p=2612"},"modified":"2025-05-26T12:51:05","modified_gmt":"2025-05-26T12:51:05","slug":"cheap-custom-stretch-printed-tablecloth-near-me","status":"publish","type":"product","link":"https:\/\/cmykprinted.com\/pl\/produkt\/tania-na-zamowienie-elastyczna-z-nadrukiem-obrus-blisko-mnie\/","title":{"rendered":"Tani niestandardowy rozci\u0105gliwy drukowany obrus w mojej okolicy"},"content":{"rendered":"","protected":false},"excerpt":{"rendered":"<p data-start=\"139\" data-end=\"468\">Szukasz niedrogiego sposobu na ulepszenie swojego stoiska lub sto\u0142u wystawowego na wydarzeniach? Nasze <strong data-start=\"223\" data-end=\"267\">Tanie, spersonalizowane, rozci\u0105gliwe, drukowane obrusy<\/strong> s\u0105 idealnym rozwi\u0105zaniem! Zaprojektowane tak, aby \u015bci\u015ble przylega\u0107 do standardowych sto\u0142\u00f3w o d\u0142ugo\u015bci 6 st\u00f3p i 8 st\u00f3p, te rozci\u0105gliwe pokrowce na sto\u0142y tworz\u0105 czysty, profesjonalny wygl\u0105d, jednocze\u015bnie prezentuj\u0105c Twoj\u0105 mark\u0119 w \u017cywym, pe\u0142nokolorowym nadruku.<\/p>\n<p data-start=\"470\" data-end=\"837\">Wykonane z wysokiej jako\u015bci, odpornego na zagniecenia poliestru spandex, te pokrowce s\u0105 trwa\u0142e, wielokrotnego u\u017cytku i mo\u017cna je pra\u0107 w pralce. Elastyczna tkanina dopasowuje si\u0119 do kontur\u00f3w sto\u0142u, zapewniaj\u0105c elegancki i nowoczesny wygl\u0105d \u2014 bez konieczno\u015bci u\u017cycia klips\u00f3w lub szpilek. Dostosuj za pomoc\u0105 logo, sloganu lub grafiki swojej firmy, aby zapewni\u0107 maksymaln\u0105 widoczno\u015b\u0107 marki na targach, rynkach, wystawach i wydarzeniach korporacyjnych.<\/p>\n<p data-start=\"839\" data-end=\"1105\">Dost\u0119pne z opcjonalnymi wzorami z odkrytymi lub zamkni\u0119tymi plecami oraz opcjami zamk\u00f3w b\u0142yskawicznych dla dodatkowej wygody. Niezale\u017cnie od tego, czy prowadzisz ma\u0142\u0105 firm\u0119, start-up, czy przygotowujesz si\u0119 do kolejnego wydarzenia handlowego, nasze drukowane obrusy rozci\u0105gliwe oferuj\u0105 niedrogie rozwi\u0105zanie brandingowe w Twojej okolicy.<\/p>\n<p data-start=\"1107\" data-end=\"1265\">Szybka lokalna wysy\u0142ka, \u0142atwe zamawianie online i dost\u0119pne rabaty hurtowe. Wyr\u00f3\u017cnij si\u0119, nie przekraczaj\u0105c bud\u017cetu \u2014 zam\u00f3w sw\u00f3j niestandardowy pokrowiec na st\u00f3\u0142 rozci\u0105gliwy ju\u017c dzi\u015b!<\/p>\n<div style=\"width: 960px;\" class=\"wp-video\"><!--[if lt IE 9]><script>document.createElement('video');<\/script><![endif]--><br \/>\n<video class=\"wp-video-shortcode\" id=\"video-2612-1\" width=\"960\" height=\"544\" preload=\"metadata\" controls=\"controls\"><source type=\"video\/mp4\" src=\"https:\/\/cmykprinted.com\/wp-content\/uploads\/2025\/05\/Custom-Printed-Tablecloth-Stretch.mp4?_=1\" \/><a href=\"https:\/\/cmykprinted.com\/wp-content\/uploads\/2025\/05\/Custom-Printed-Tablecloth-Stretch.mp4\">https:\/\/cmykprinted.com\/wp-content\/uploads\/2025\/05\/Custom-Printed-Tablecloth-Stretch.mp4<\/a><\/video><\/div>","protected":false},"featured_media":2614,"template":"","meta":{"_kad_post_transparent":"default","_kad_post_title":"hide","_kad_post_layout":"fullwidth","_kad_post_sidebar_id":"","_kad_post_content_style":"unboxed","_kad_post_vertical_padding":"hide","_kad_post_feature":"hide","_kad_post_feature_position":"","_kad_post_header":false,"_kad_post_footer":false},"product_cat":[80,81],"product_tag":[585,584,583,586],"class_list":{"0":"post-2612","1":"product","2":"type-product","3":"status-publish","4":"has-post-thumbnail","6":"product_cat-custom-tablecloth","7":"product_cat-custom-stretch-tablecloth","8":"product_tag-cheap-custom-stretch-printed-tablecloth","9":"product_tag-custom-stretch-printed-tablecloth","10":"product_tag-stretch-printed-tablecloth","11":"product_tag-stretch-printed-tablecloth-near-me","13":"first","14":"instock","15":"shipping-taxable","16":"product-type-simple","17":"entry","18":"content-bg","19":"loop-entry"},"_links":{"self":[{"href":"https:\/\/cmykprinted.com\/pl\/wp-json\/wp\/v2\/product\/2612","targetHints":{"allow":["GET"]}}],"collection":[{"href":"https:\/\/cmykprinted.com\/pl\/wp-json\/wp\/v2\/product"}],"about":[{"href":"https:\/\/cmykprinted.com\/pl\/wp-json\/wp\/v2\/types\/product"}],"version-history":[{"count":1,"href":"https:\/\/cmykprinted.com\/pl\/wp-json\/wp\/v2\/product\/2612\/revisions"}],"predecessor-version":[{"id":2615,"href":"https:\/\/cmykprinted.com\/pl\/wp-json\/wp\/v2\/product\/2612\/revisions\/2615"}],"wp:featuredmedia":[{"embeddable":true,"href":"https:\/\/cmykprinted.com\/pl\/wp-json\/wp\/v2\/media\/2614"}],"wp:attachment":[{"href":"https:\/\/cmykprinted.com\/pl\/wp-json\/wp\/v2\/media?parent=2612"}],"wp:term":[{"taxonomy":"product_cat","embeddable":true,"href":"https:\/\/cmykprinted.com\/pl\/wp-json\/wp\/v2\/product_cat?post=2612"},{"taxonomy":"product_tag","embeddable":true,"href":"https:\/\/cmykprinted.com\/pl\/wp-json\/wp\/v2\/product_tag?post=2612"}],"curies":[{"name":"wp","href":"https:\/\/api.w.org\/{rel}","templated":true}]}}