{"id":2620,"date":"2025-05-27T07:13:40","date_gmt":"2025-05-27T07:13:40","guid":{"rendered":"https:\/\/cmykprinted.com\/?post_type=product&#038;p=2620"},"modified":"2025-05-27T07:45:05","modified_gmt":"2025-05-27T07:45:05","slug":"custom-printed-branded-tablecloth-for-events","status":"publish","type":"product","link":"https:\/\/cmykprinted.com\/pl\/produkt\/niestandardowy-zadrukowany-markowy-obrus-na-wydarzenia\/","title":{"rendered":"Spersonalizowany nadrukowany firmowy obrus na imprezy"},"content":{"rendered":"","protected":false},"excerpt":{"rendered":"<p>Nadrukowany firmowy obrus jest niezb\u0119dnym narz\u0119dziem promocyjnym dla ka\u017cdej firmy uczestnicz\u0105cej w wydarzeniach takich jak targi, wystawy, konferencje, premiery produkt\u00f3w i aktywizacje marketingowe. Przekszta\u0142ca standardowy st\u00f3\u0142 w profesjonalny i atrakcyjny wizualnie eksponat, kt\u00f3ry pomaga Twojej marce wyr\u00f3\u017cni\u0107 si\u0119 w zat\u0142oczonych miejscach wydarze\u0144. Wykonane z wysokiej jako\u015bci, trwa\u0142ych tkanin, takich jak poliester lub rozci\u0105gliwy spandex, te obrusy s\u0105 przeznaczone do u\u017cytku zar\u00f3wno wewn\u0105trz, jak i na zewn\u0105trz.<\/p>\n<p>Projekt zazwyczaj obejmuje logo, kolory marki, slogan i inne istotne grafiki, drukowane w pe\u0142nym kolorze przy u\u017cyciu technik sublimacji barwnika lub druku cyfrowego. Zapewnia to \u017cywe, trwa\u0142e efekty wizualne, kt\u00f3re nie blakn\u0105 nawet po wielokrotnym praniu. Dost\u0119pne w r\u00f3\u017cnych stylach \u2014 takich jak dopasowane, lu\u017ano uk\u0142adaj\u0105ce si\u0119 lub rozci\u0105gliwe \u2014 markowe obrusy mo\u017cna dostosowa\u0107 do standardowych rozmiar\u00f3w sto\u0142\u00f3w, takich jak 4 stopy, 6 st\u00f3p lub 8 st\u00f3p, lub dostosowa\u0107 do unikalnych wymiar\u00f3w sto\u0142u.<\/p>\n<p>Niezale\u017cnie od tego, czy wybierzesz tr\u00f3jstronny projekt dla \u0142atwego dost\u0119pu do przechowywania pod sto\u0142em, czy pe\u0142ne czterostronne pokrycie dla wypolerowanego wygl\u0105du 360\u00b0, markowy obrus dodaje odrobin\u0119 profesjonalizmu i sp\u00f3jno\u015bci marki. Jest \u0142atwy do z\u0142o\u017cenia, przechowywania i transportu, dzi\u0119ki czemu idealnie nadaje si\u0119 dla firm, kt\u00f3re regularnie uczestnicz\u0105 w wydarzeniach. Przyst\u0119pne cenowo, wielokrotnego u\u017cytku i skuteczne, nadrukowane markowe obrusy to m\u0105dra inwestycja w popraw\u0119 obecno\u015bci Twojej marki na ka\u017cdym wydarzeniu.<\/p>\n<div style=\"width: 1280px;\" class=\"wp-video\"><!--[if lt IE 9]><script>document.createElement('video');<\/script><![endif]--><br \/>\n<video class=\"wp-video-shortcode\" id=\"video-2620-1\" width=\"1280\" height=\"720\" preload=\"metadata\" controls=\"controls\"><source type=\"video\/mp4\" src=\"https:\/\/cmykprinted.com\/wp-content\/uploads\/2025\/05\/Printed-Branded-Tablecloth-for-Events.mp4?_=1\" \/><a href=\"https:\/\/cmykprinted.com\/wp-content\/uploads\/2025\/05\/Printed-Branded-Tablecloth-for-Events.mp4\">https:\/\/cmykprinted.com\/wp-content\/uploads\/2025\/05\/Printed-Branded-Tablecloth-for-Events.mp4<\/a><\/video><\/div>","protected":false},"featured_media":2626,"template":"","meta":{"_kad_post_transparent":"default","_kad_post_title":"hide","_kad_post_layout":"fullwidth","_kad_post_sidebar_id":"","_kad_post_content_style":"unboxed","_kad_post_vertical_padding":"hide","_kad_post_feature":"hide","_kad_post_feature_position":"","_kad_post_header":false,"_kad_post_footer":false},"product_cat":[80,81,83],"product_tag":[587,590,589,588],"class_list":{"0":"post-2620","1":"product","2":"type-product","3":"status-publish","4":"has-post-thumbnail","6":"product_cat-custom-tablecloth","7":"product_cat-custom-stretch-tablecloth","8":"product_cat-fitted-table-cover","9":"product_tag-branded-tablecloth-for-events","10":"product_tag-custom-branded-tablecloth-for-events","11":"product_tag-custom-printed-branded-tablecloth-f","12":"product_tag-printed-branded-tablecloth","14":"first","15":"instock","16":"shipping-taxable","17":"product-type-simple","18":"entry","19":"content-bg","20":"loop-entry"},"_links":{"self":[{"href":"https:\/\/cmykprinted.com\/pl\/wp-json\/wp\/v2\/product\/2620","targetHints":{"allow":["GET"]}}],"collection":[{"href":"https:\/\/cmykprinted.com\/pl\/wp-json\/wp\/v2\/product"}],"about":[{"href":"https:\/\/cmykprinted.com\/pl\/wp-json\/wp\/v2\/types\/product"}],"version-history":[{"count":1,"href":"https:\/\/cmykprinted.com\/pl\/wp-json\/wp\/v2\/product\/2620\/revisions"}],"predecessor-version":[{"id":2622,"href":"https:\/\/cmykprinted.com\/pl\/wp-json\/wp\/v2\/product\/2620\/revisions\/2622"}],"wp:featuredmedia":[{"embeddable":true,"href":"https:\/\/cmykprinted.com\/pl\/wp-json\/wp\/v2\/media\/2626"}],"wp:attachment":[{"href":"https:\/\/cmykprinted.com\/pl\/wp-json\/wp\/v2\/media?parent=2620"}],"wp:term":[{"taxonomy":"product_cat","embeddable":true,"href":"https:\/\/cmykprinted.com\/pl\/wp-json\/wp\/v2\/product_cat?post=2620"},{"taxonomy":"product_tag","embeddable":true,"href":"https:\/\/cmykprinted.com\/pl\/wp-json\/wp\/v2\/product_tag?post=2620"}],"curies":[{"name":"wp","href":"https:\/\/api.w.org\/{rel}","templated":true}]}}