{"id":2627,"date":"2025-05-28T03:20:18","date_gmt":"2025-05-28T03:20:18","guid":{"rendered":"https:\/\/cmykprinted.com\/?post_type=product&#038;p=2627"},"modified":"2025-05-28T03:22:18","modified_gmt":"2025-05-28T03:22:18","slug":"custom-branded-table-cloth-with-bottom-price","status":"publish","type":"product","link":"https:\/\/cmykprinted.com\/pl\/produkt\/spersonalizowany-firmowy-obrus-w-najnizszej-cenie\/","title":{"rendered":"Spersonalizowany markowy obrus w najni\u017cszej cenie"},"content":{"rendered":"","protected":false},"excerpt":{"rendered":"<p data-start=\"235\" data-end=\"483\">Szukasz niedrogiego sposobu na zaprezentowanie swojej marki na wydarzeniach bez utraty jako\u015bci? Nasze <strong data-start=\"335\" data-end=\"376\">Markowy obrus w najni\u017cszej cenie<\/strong> jest idealnym rozwi\u0105zaniem dla firm dbaj\u0105cych o bud\u017cet, kt\u00f3rym zale\u017cy na zachowaniu profesjonalnego wra\u017cenia.<\/p>\n<p data-start=\"485\" data-end=\"818\">Niezale\u017cnie od tego, czy wystawiasz si\u0119 na targach, uczestniczysz w targach biznesowych, czy prowadzisz sklep pop-up, ten obrus doda Twojej aran\u017cacji czysty, sp\u00f3jny i markowy wygl\u0105d. Wykonany z wytrzyma\u0142ej tkaniny poliestrowej, jest lekki, odporny na zagniecenia i \u0142atwy w utrzymaniu \u2014 idealny dla firm, kt\u00f3re cz\u0119sto podr\u00f3\u017cuj\u0105 lub organizuj\u0105 wiele wydarze\u0144.<\/p>\n<p data-start=\"820\" data-end=\"1149\">Wydrukowane przy u\u017cyciu wysokiej jako\u015bci technologii sublimacji, Twoje logo i kolory marki s\u0105 ostre i \u017cywe, pomagaj\u0105c Ci wyr\u00f3\u017cni\u0107 si\u0119 z t\u0142umu. Atrament jest osadzony w tkaninie, wi\u0119c wz\u00f3r nie b\u0119dzie si\u0119 \u0142uszczy\u0142 ani blak\u0142 po praniu. Otrzymujesz trwa\u0142y materia\u0142 promocyjny za u\u0142amek koszt\u00f3w innych materia\u0142\u00f3w wystawowych z mark\u0105.<\/p>\n<p data-start=\"1151\" data-end=\"1429\">Ten obrus jest dost\u0119pny w wielu rozmiarach (4 stopy, 6 st\u00f3p, 8 st\u00f3p) i stylach (dopasowany, drapowany lub rozci\u0105gliwy), aby spe\u0142ni\u0107 Twoje potrzeby. Sk\u0142ada si\u0119 r\u00f3wnie\u017c kompaktowo, co u\u0142atwia transport i przechowywanie, dzi\u0119ki czemu idealnie nadaje si\u0119 dla ma\u0142ych firm, startup\u00f3w i zespo\u0142\u00f3w marketingowych pracuj\u0105cych przy ograniczonym bud\u017cecie.<\/p>\n<p data-start=\"1431\" data-end=\"1712\">Kr\u00f3tko m\u00f3wi\u0105c, jest to niedroga inwestycja, kt\u00f3ra zapewnia mark\u0119 o du\u017cym wp\u0142ywie. Uzyskaj wygl\u0105d wy\u015bwietlacza premium bez wysokiej ceny. Je\u015bli szukasz <strong data-start=\"1588\" data-end=\"1648\">\u015bwietna warto\u015b\u0107, niezawodna jako\u015b\u0107 i silna obecno\u015b\u0107 marki<\/strong>, nasz markowy obrus w najni\u017cszej cenie to m\u0105dry wyb\u00f3r.<\/p>\n<div style=\"width: 1280px;\" class=\"wp-video\"><!--[if lt IE 9]><script>document.createElement('video');<\/script><![endif]--><br \/>\n<video class=\"wp-video-shortcode\" id=\"video-2627-1\" width=\"1280\" height=\"720\" preload=\"metadata\" controls=\"controls\"><source type=\"video\/mp4\" src=\"https:\/\/cmykprinted.com\/wp-content\/uploads\/2025\/05\/Printed-Branded-Tablecloth-for-Events.mp4?_=1\" \/><a href=\"https:\/\/cmykprinted.com\/wp-content\/uploads\/2025\/05\/Printed-Branded-Tablecloth-for-Events.mp4\">https:\/\/cmykprinted.com\/wp-content\/uploads\/2025\/05\/Printed-Branded-Tablecloth-for-Events.mp4<\/a><\/video><\/div>","protected":false},"featured_media":2630,"template":"","meta":{"_kad_post_transparent":"default","_kad_post_title":"hide","_kad_post_layout":"fullwidth","_kad_post_sidebar_id":"","_kad_post_content_style":"unboxed","_kad_post_vertical_padding":"hide","_kad_post_feature":"hide","_kad_post_feature_position":"","_kad_post_header":false,"_kad_post_footer":false},"product_cat":[80,81,83],"product_tag":[592,591,593],"class_list":{"0":"post-2627","1":"product","2":"type-product","3":"status-publish","4":"has-post-thumbnail","6":"product_cat-custom-tablecloth","7":"product_cat-custom-stretch-tablecloth","8":"product_cat-fitted-table-cover","9":"product_tag-branded-table-cloth","10":"product_tag-branded-table-cloth-price","11":"product_tag-custom-branded-table-cloth","13":"first","14":"instock","15":"shipping-taxable","16":"product-type-simple","17":"entry","18":"content-bg","19":"loop-entry"},"_links":{"self":[{"href":"https:\/\/cmykprinted.com\/pl\/wp-json\/wp\/v2\/product\/2627","targetHints":{"allow":["GET"]}}],"collection":[{"href":"https:\/\/cmykprinted.com\/pl\/wp-json\/wp\/v2\/product"}],"about":[{"href":"https:\/\/cmykprinted.com\/pl\/wp-json\/wp\/v2\/types\/product"}],"version-history":[{"count":2,"href":"https:\/\/cmykprinted.com\/pl\/wp-json\/wp\/v2\/product\/2627\/revisions"}],"predecessor-version":[{"id":2633,"href":"https:\/\/cmykprinted.com\/pl\/wp-json\/wp\/v2\/product\/2627\/revisions\/2633"}],"wp:featuredmedia":[{"embeddable":true,"href":"https:\/\/cmykprinted.com\/pl\/wp-json\/wp\/v2\/media\/2630"}],"wp:attachment":[{"href":"https:\/\/cmykprinted.com\/pl\/wp-json\/wp\/v2\/media?parent=2627"}],"wp:term":[{"taxonomy":"product_cat","embeddable":true,"href":"https:\/\/cmykprinted.com\/pl\/wp-json\/wp\/v2\/product_cat?post=2627"},{"taxonomy":"product_tag","embeddable":true,"href":"https:\/\/cmykprinted.com\/pl\/wp-json\/wp\/v2\/product_tag?post=2627"}],"curies":[{"name":"wp","href":"https:\/\/api.w.org\/{rel}","templated":true}]}}