{"id":2634,"date":"2025-05-28T05:01:54","date_gmt":"2025-05-28T05:01:54","guid":{"rendered":"https:\/\/cmykprinted.com\/?post_type=product&#038;p=2634"},"modified":"2025-05-28T05:01:54","modified_gmt":"2025-05-28T05:01:54","slug":"custom-metal-transfer-logo-stickers-for-perfume-bottle","status":"publish","type":"product","link":"https:\/\/cmykprinted.com\/pl\/produkt\/spersonalizowane-metalowe-naklejki-z-logo-transferowym-na-butelki-perfum\/","title":{"rendered":"Niestandardowe naklejki z logo transferowym na metalow\u0105 butelk\u0119 perfum"},"content":{"rendered":"","protected":false},"excerpt":{"rendered":"<p>Podkre\u015bl elegancj\u0119 i to\u017csamo\u015b\u0107 marki swojego produktu dzi\u0119ki naszym najwy\u017cszej jako\u015bci niestandardowym metalowym naklejkom z logo, specjalnie zaprojektowanym do butelek perfum. Te wysokiej jako\u015bci metalowe naklejki oferuj\u0105 luksusowe i profesjonalne wyko\u0144czenie, kt\u00f3re natychmiast podnosi poziom opakowania i odzwierciedla jako\u015b\u0107 Twojej marki.<\/p>\n<p>Wykonane przy u\u017cyciu zaawansowanej technologii transferu, te naklejki maj\u0105 g\u0142adk\u0105 metalow\u0105 powierzchni\u0119 z precyzyjnymi szczeg\u00f3\u0142ami, dzi\u0119ki czemu idealnie nadaj\u0105 si\u0119 do logo, nazw marek lub element\u00f3w dekoracyjnych. Aplikacja transferu zapewnia, \u017ce \u200b\u200btylko metalowa cz\u0119\u015b\u0107 przylega do powierzchni, nie pozostawiaj\u0105c \u017cadnego t\u0142a ani kraw\u0119dzi klej\u0105cych \u2014 tworz\u0105c jednolity, grawerowany wygl\u0105d bezpo\u015brednio na szklanej lub plastikowej butelce.<\/p>\n<p>Dost\u0119pne w r\u00f3\u017cnych wyko\u0144czeniach, takich jak z\u0142oto, srebro, r\u00f3\u017cowe z\u0142oto, matowa czer\u0144 i chrom, nasze metalowe naklejki z logo mo\u017cna dostosowa\u0107 do estetyki Twojej marki. Niezale\u017cnie od tego, czy wolisz minimalistyczny monogram, czy skomplikowany projekt logo, oferujemy dostosowane rozwi\u0105zania, aby spe\u0142ni\u0107 Twoje konkretne potrzeby.<\/p>\n<p>Te naklejki s\u0105 nie tylko atrakcyjne wizualnie, ale tak\u017ce trwa\u0142e \u2014 odporne na wod\u0119, olej i perfumy, dzi\u0119ki czemu Twoja marka pozostanie nienaruszona przez d\u0142ugi czas. Idealne do luksusowych linii perfum, produkt\u00f3w kosmetycznych lub wysokiej klasy artyku\u0142\u00f3w promocyjnych.<\/p>\n<p>Nasz zesp\u00f3\u0142 projektant\u00f3w b\u0119dzie \u015bci\u015ble z Tob\u0105 wsp\u00f3\u0142pracowa\u0107, aby stworzy\u0107 idealn\u0105 naklejk\u0119 z logo, kt\u00f3ra b\u0119dzie rezonowa\u0107 z to\u017csamo\u015bci\u0105 Twojej marki. Minimalne zam\u00f3wienie i ceny hurtowe dost\u0119pne dla zam\u00f3wie\u0144 hurtowych.<\/p>\n<p>Ulepsz swoje opakowanie, nadaj\u0105c mu elegancji i wyj\u0105tkowo\u015bci \u2014 wybierz nasze niestandardowe naklejki z logo na metalu, aby nada\u0107 mu wyrafinowany wygl\u0105d.<\/p>\n<div style=\"width: 480px;\" class=\"wp-video\"><!--[if lt IE 9]><script>document.createElement('video');<\/script><![endif]--><br \/>\n<video class=\"wp-video-shortcode\" id=\"video-2634-1\" width=\"480\" height=\"480\" preload=\"metadata\" controls=\"controls\"><source type=\"video\/mp4\" src=\"https:\/\/cmykprinted.com\/wp-content\/uploads\/2025\/05\/Metal-Transfer-Logo-Stickers-For-Perfume-Bottle.mp4?_=1\" \/><a href=\"https:\/\/cmykprinted.com\/wp-content\/uploads\/2025\/05\/Metal-Transfer-Logo-Stickers-For-Perfume-Bottle.mp4\">https:\/\/cmykprinted.com\/wp-content\/uploads\/2025\/05\/Metal-Transfer-Logo-Stickers-For-Perfume-Bottle.mp4<\/a><\/video><\/div>","protected":false},"featured_media":2635,"template":"","meta":{"_kad_post_transparent":"default","_kad_post_title":"hide","_kad_post_layout":"fullwidth","_kad_post_sidebar_id":"","_kad_post_content_style":"unboxed","_kad_post_vertical_padding":"hide","_kad_post_feature":"hide","_kad_post_feature_position":"","_kad_post_header":false,"_kad_post_footer":false},"product_cat":[101,102],"product_tag":[596,594,595,597],"class_list":{"0":"post-2634","1":"product","2":"type-product","3":"status-publish","4":"has-post-thumbnail","6":"product_cat-transfer-stickers","7":"product_cat-metal-transfer-stickers","8":"product_tag-custom-metal-transfer-logo-stickers","9":"product_tag-logo-stickers-for-perfume-bottle","10":"product_tag-metal-transfer-logo-stickers","11":"product_tag-transfer-logo-stickers-for-perfume-bottle","13":"first","14":"instock","15":"shipping-taxable","16":"product-type-simple","17":"entry","18":"content-bg","19":"loop-entry"},"_links":{"self":[{"href":"https:\/\/cmykprinted.com\/pl\/wp-json\/wp\/v2\/product\/2634","targetHints":{"allow":["GET"]}}],"collection":[{"href":"https:\/\/cmykprinted.com\/pl\/wp-json\/wp\/v2\/product"}],"about":[{"href":"https:\/\/cmykprinted.com\/pl\/wp-json\/wp\/v2\/types\/product"}],"version-history":[{"count":1,"href":"https:\/\/cmykprinted.com\/pl\/wp-json\/wp\/v2\/product\/2634\/revisions"}],"predecessor-version":[{"id":2640,"href":"https:\/\/cmykprinted.com\/pl\/wp-json\/wp\/v2\/product\/2634\/revisions\/2640"}],"wp:featuredmedia":[{"embeddable":true,"href":"https:\/\/cmykprinted.com\/pl\/wp-json\/wp\/v2\/media\/2635"}],"wp:attachment":[{"href":"https:\/\/cmykprinted.com\/pl\/wp-json\/wp\/v2\/media?parent=2634"}],"wp:term":[{"taxonomy":"product_cat","embeddable":true,"href":"https:\/\/cmykprinted.com\/pl\/wp-json\/wp\/v2\/product_cat?post=2634"},{"taxonomy":"product_tag","embeddable":true,"href":"https:\/\/cmykprinted.com\/pl\/wp-json\/wp\/v2\/product_tag?post=2634"}],"curies":[{"name":"wp","href":"https:\/\/api.w.org\/{rel}","templated":true}]}}