{"id":2668,"date":"2025-06-06T04:34:33","date_gmt":"2025-06-06T04:34:33","guid":{"rendered":"https:\/\/cmykprinted.com\/?post_type=product&#038;p=2668"},"modified":"2025-06-06T05:55:38","modified_gmt":"2025-06-06T05:55:38","slug":"custom-made-canopy-tents-with-your-logo-printed","status":"publish","type":"product","link":"https:\/\/cmykprinted.com\/pl\/produkt\/namioty-na-zamowienie-z-twoim-logo-nadrukowanym\/","title":{"rendered":"Namioty z baldachimem na zam\u00f3wienie z nadrukowanym logo"},"content":{"rendered":"","protected":false},"excerpt":{"rendered":"<p>Wyr\u00f3\u017cnij si\u0119 na ka\u017cdym wydarzeniu dzi\u0119ki naszym wysokiej jako\u015bci namiotom z baldachimem. Zaprojektowane tak, aby eksponowa\u0107 Twoj\u0105 mark\u0119, nasze namioty maj\u0105 pe\u0142nokolorowy nadruk Twojego logo, sloganu lub grafiki ze wszystkich stron. Niezale\u017cnie od tego, czy bierzesz udzia\u0142 w targach, festiwalu, targu czy wydarzeniu sportowym, nasze spersonalizowane namioty zapewniaj\u0105 maksymaln\u0105 widoczno\u015b\u0107 i profesjonaln\u0105 obecno\u015b\u0107.<\/p>\n<p>Ka\u017cdy namiot jest wykonany z trwa\u0142ych, odpornych na warunki atmosferyczne materia\u0142\u00f3w, zbudowanych tak, aby wytrzyma\u0107 australijski klimat. Wybierz spo\u015br\u00f3d r\u00f3\u017cnych rozmiar\u00f3w, wytrzyma\u0142o\u015bci ramy i opcji drukowania, aby spe\u0142ni\u0107 swoje potrzeby. Konstrukcja typu pop-up umo\u017cliwia szybkie i \u0142atwe rozstawienie, dzi\u0119ki czemu jest idealny zar\u00f3wno do u\u017cytku wewn\u0105trz, jak i na zewn\u0105trz.<\/p>\n<p>Wykorzystujemy najnowocze\u015bniejsz\u0105 technologi\u0119 druku, aby zapewni\u0107 \u017cywe, trwa\u0142e kolory, kt\u00f3re nie blakn\u0105. Opcjonalne dodatki obejmuj\u0105 \u015bciany, banery, flagi i torby transportowe \u2014 wszystko w pe\u0142ni dostosowane<\/p>\n<p>Nasze markowe namioty z baldachimem idealnie nadaj\u0105 si\u0119 dla firm, szk\u00f3\u0142, organizacji non-profit i organizator\u00f3w wydarze\u0144, pomagaj\u0105c stworzy\u0107 niezapomniane pierwsze wra\u017cenie.<\/p>\n<p>Pozw\u00f3l swojej marce zab\u0142ysn\u0105\u0107 \u2014 skontaktuj si\u0119 z nami ju\u017c dzi\u015b, aby uzyska\u0107 wycen\u0119 lub bezp\u0142atny model.<\/p>\n<div style=\"width: 960px;\" class=\"wp-video\"><!--[if lt IE 9]><script>document.createElement('video');<\/script><![endif]--><br \/>\n<video class=\"wp-video-shortcode\" id=\"video-2668-1\" width=\"960\" height=\"544\" preload=\"metadata\" controls=\"controls\"><source type=\"video\/mp4\" src=\"https:\/\/cmykprinted.com\/wp-content\/uploads\/2024\/04\/digicel-tents.mp4?_=1\" \/><a href=\"https:\/\/cmykprinted.com\/wp-content\/uploads\/2024\/04\/digicel-tents.mp4\">https:\/\/cmykprinted.com\/wp-content\/uploads\/2024\/04\/digicel-tents.mp4<\/a><\/video><\/div>","protected":false},"featured_media":2677,"template":"","meta":{"_kad_post_transparent":"default","_kad_post_title":"hide","_kad_post_layout":"normal","_kad_post_sidebar_id":"","_kad_post_content_style":"unboxed","_kad_post_vertical_padding":"hide","_kad_post_feature":"hide","_kad_post_feature_position":"","_kad_post_header":false,"_kad_post_footer":false},"product_cat":[68,76,74],"product_tag":[605,604,606],"class_list":{"0":"post-2668","1":"product","2":"type-product","3":"status-publish","4":"has-post-thumbnail","6":"product_cat-custom-canopy-tents","7":"product_cat-10x15ft-pop-up-tents-50mm-heavy-duty-hexagon-aluminum-tents-custom-canopy-tents","8":"product_cat-50mm-heavy-duty-hexagon-aluminum-tents","9":"product_tag-custom-canopy-tents-with-logo","10":"product_tag-custom-made-canopy-tents","11":"product_tag-custom-printed-canopy-tents","13":"first","14":"instock","15":"shipping-taxable","16":"product-type-simple","17":"entry","18":"content-bg","19":"loop-entry"},"_links":{"self":[{"href":"https:\/\/cmykprinted.com\/pl\/wp-json\/wp\/v2\/product\/2668","targetHints":{"allow":["GET"]}}],"collection":[{"href":"https:\/\/cmykprinted.com\/pl\/wp-json\/wp\/v2\/product"}],"about":[{"href":"https:\/\/cmykprinted.com\/pl\/wp-json\/wp\/v2\/types\/product"}],"version-history":[{"count":1,"href":"https:\/\/cmykprinted.com\/pl\/wp-json\/wp\/v2\/product\/2668\/revisions"}],"predecessor-version":[{"id":2671,"href":"https:\/\/cmykprinted.com\/pl\/wp-json\/wp\/v2\/product\/2668\/revisions\/2671"}],"wp:featuredmedia":[{"embeddable":true,"href":"https:\/\/cmykprinted.com\/pl\/wp-json\/wp\/v2\/media\/2677"}],"wp:attachment":[{"href":"https:\/\/cmykprinted.com\/pl\/wp-json\/wp\/v2\/media?parent=2668"}],"wp:term":[{"taxonomy":"product_cat","embeddable":true,"href":"https:\/\/cmykprinted.com\/pl\/wp-json\/wp\/v2\/product_cat?post=2668"},{"taxonomy":"product_tag","embeddable":true,"href":"https:\/\/cmykprinted.com\/pl\/wp-json\/wp\/v2\/product_tag?post=2668"}],"curies":[{"name":"wp","href":"https:\/\/api.w.org\/{rel}","templated":true}]}}