{"id":2678,"date":"2025-06-09T08:44:00","date_gmt":"2025-06-09T08:44:00","guid":{"rendered":"https:\/\/cmykprinted.com\/?post_type=product&#038;p=2678"},"modified":"2025-06-09T08:44:00","modified_gmt":"2025-06-09T08:44:00","slug":"outdoor-marketing-flags-supplier-best-price-with-48-hours-turnaround","status":"publish","type":"product","link":"https:\/\/cmykprinted.com\/pl\/produkt\/dostawca-flag-reklamowych-na-zewnatrz-najlepsza-cena-z-realizacja-w-48-godzin\/","title":{"rendered":"Dostawca flag do marketingu zewn\u0119trznego Najlepsza cena z czasem realizacji 48 godzin"},"content":{"rendered":"","protected":false},"excerpt":{"rendered":"<p>W szybko zmieniaj\u0105cym si\u0119 \u015bwiecie reklamy, przyci\u0105gni\u0119cie uwagi jest wszystkim. Niezale\u017cnie od tego, czy promujesz wielkie otwarcie, og\u0142aszasz wyprzeda\u017c, bierzesz udzia\u0142 w targach, czy po prostu pr\u00f3bujesz wyr\u00f3\u017cni\u0107 si\u0119 na ruchliwej ulicy, niestandardowe flagi z pi\u00f3rami do marketingu zewn\u0119trznego sta\u0142y si\u0119 niezb\u0119dnym i skutecznym narz\u0119dziem promocyjnym dla firm ka\u017cdej wielko\u015bci. Te przyci\u0105gaj\u0105ce wzrok banery powiewaj\u0105 na wietrze, tworz\u0105c dynamiczny ruch i widoczno\u015b\u0107, zapewniaj\u0105c, \u017ce Tw\u00f3j przekaz jest widoczny \u2014 g\u0142o\u015bno i wyra\u017anie.<\/p>\n<p>W tym przewodniku om\u00f3wimy wszystko, co musisz wiedzie\u0107 o flagach pi\u00f3rowych wykorzystywanych w marketingu zewn\u0119trznym: czym s\u0105, dlaczego s\u0105 skuteczne, jak je skutecznie zaprojektowa\u0107 oraz gdzie i kiedy ich u\u017cywa\u0107.<\/p>\n<p>Niestandardowe flagi zewn\u0119trzne z pi\u00f3rami to inteligentne, stylowe i skalowalne rozwi\u0105zanie dla wsp\u00f3\u0142czesnych marketer\u00f3w. Ich po\u0142\u0105czenie ruchu, wysoko\u015bci, koloru i przyst\u0119pnej ceny sprawia, \u017ce \u200b\u200bs\u0105 jednym z najbardziej wp\u0142ywowych narz\u0119dzi reklamowych dost\u0119pnych obecnie na rynku. Niezale\u017cnie od tego, czy potrzebujesz pojedynczej flagi na weekendow\u0105 wyprzeda\u017c, czy floty flag na kampani\u0119 na du\u017c\u0105 skal\u0119, inwestowanie w niestandardowe flagi z pi\u00f3rami to sprawdzona strategia przyci\u0105gania uwagi \u2014 i przekszta\u0142cania ruchu w klient\u00f3w.<\/p>\n<p>Dzi\u0119ki odpowiedniemu projektowi, wysokiej jako\u015bci materia\u0142om i strategicznemu umiejscowieniu Twoja flaga b\u0119dzie ci\u0119\u017cko pracowa\u0107 dla Twojej firmy \u2014 bez wzgl\u0119du na pogod\u0119, dzie\u0144 po dniu.<\/p>\n<p>&nbsp;<\/p>","protected":false},"featured_media":2679,"template":"","meta":{"_kad_post_transparent":"default","_kad_post_title":"hide","_kad_post_layout":"fullwidth","_kad_post_sidebar_id":"","_kad_post_content_style":"unboxed","_kad_post_vertical_padding":"hide","_kad_post_feature":"hide","_kad_post_feature_position":"","_kad_post_header":false,"_kad_post_footer":false},"product_cat":[64,65],"product_tag":[609,610,607,608],"class_list":{"0":"post-2678","1":"product","2":"type-product","3":"status-publish","4":"has-post-thumbnail","6":"product_cat-beach-flags","7":"product_cat-feather-flags-banners","8":"product_tag-outdoor-flags","9":"product_tag-outdoor-flags-with-best-price","10":"product_tag-outdoor-marketing-flags","11":"product_tag-outdoor-marketing-flags-supplier","13":"first","14":"instock","15":"shipping-taxable","16":"product-type-simple","17":"entry","18":"content-bg","19":"loop-entry"},"_links":{"self":[{"href":"https:\/\/cmykprinted.com\/pl\/wp-json\/wp\/v2\/product\/2678","targetHints":{"allow":["GET"]}}],"collection":[{"href":"https:\/\/cmykprinted.com\/pl\/wp-json\/wp\/v2\/product"}],"about":[{"href":"https:\/\/cmykprinted.com\/pl\/wp-json\/wp\/v2\/types\/product"}],"version-history":[{"count":1,"href":"https:\/\/cmykprinted.com\/pl\/wp-json\/wp\/v2\/product\/2678\/revisions"}],"predecessor-version":[{"id":2684,"href":"https:\/\/cmykprinted.com\/pl\/wp-json\/wp\/v2\/product\/2678\/revisions\/2684"}],"wp:featuredmedia":[{"embeddable":true,"href":"https:\/\/cmykprinted.com\/pl\/wp-json\/wp\/v2\/media\/2679"}],"wp:attachment":[{"href":"https:\/\/cmykprinted.com\/pl\/wp-json\/wp\/v2\/media?parent=2678"}],"wp:term":[{"taxonomy":"product_cat","embeddable":true,"href":"https:\/\/cmykprinted.com\/pl\/wp-json\/wp\/v2\/product_cat?post=2678"},{"taxonomy":"product_tag","embeddable":true,"href":"https:\/\/cmykprinted.com\/pl\/wp-json\/wp\/v2\/product_tag?post=2678"}],"curies":[{"name":"wp","href":"https:\/\/api.w.org\/{rel}","templated":true}]}}