{"id":2686,"date":"2025-06-14T12:05:03","date_gmt":"2025-06-14T12:05:03","guid":{"rendered":"https:\/\/cmykprinted.com\/?post_type=product&#038;p=2686"},"modified":"2025-06-14T12:58:32","modified_gmt":"2025-06-14T12:58:32","slug":"factory-with-best-quality-custom-canopy-tent-10x15","status":"publish","type":"product","link":"https:\/\/cmykprinted.com\/pl\/produkt\/fabryka-z-najlepsza-jakoscia-namiot-na-zamowienie-10x15\/","title":{"rendered":"Fabryka z najlepszej jako\u015bci niestandardowym namiotem baldachimowym 10\u00d715"},"content":{"rendered":"","protected":false},"excerpt":{"rendered":"<p>Szukasz idealnego rozwi\u0105zania na zewn\u0105trz, aby podnie\u015b\u0107 obecno\u015b\u0107 swojej marki? Nasze namioty 10\u00d715 z baldachimem s\u0105 wytwarzane w naszej profesjonalnej fabryce z najwy\u017cszej jako\u015bci materia\u0142\u00f3w i precyzyjnego wykonania. Niezale\u017cnie od tego, czy prezentujesz swoj\u0105 firm\u0119 na targach, targach plenerowych, festiwalu, wydarzeniu sportowym czy akcji promocyjnej, ten namiot zapewnia niezr\u00f3wnan\u0105 trwa\u0142o\u015b\u0107, funkcjonalno\u015b\u0107 i styl.<\/p>\n<p>Wykonane z wytrzyma\u0142ego poliestru 600D o w\u0142a\u015bciwo\u015bciach wodoodpornych, odpornych na promieniowanie UV i ognioodpornych, nasze daszki s\u0105 zaprojektowane tak, aby wytrzyma\u0107 wszystkie warunki pogodowe. Solidne aluminiowe lub stalowe ramy zapewniaj\u0105 d\u0142ugotrwa\u0142e wsparcie i s\u0105 \u0142atwe do rozstawienia w ci\u0105gu kilku minut. Dostosuj ka\u017cdy szczeg\u00f3\u0142 \u2014 dodaj pe\u0142nokolorowe logo, komunikat marki lub efektowne grafiki za pomoc\u0105 zaawansowanego druku sublimacyjnego, kt\u00f3ry zapewnia \u017cywe, odporne na blakni\u0119cie rezultaty.<\/p>\n<p>Dzi\u0119ki cenom fabrycznym, szybkim terminom realizacji i wysy\u0142ce na ca\u0142y \u015bwiat nie otrzymujesz po prostu namiotu \u2014 otrzymujesz narz\u0119dzie marketingowe o wysokiej widoczno\u015bci, stworzone do dzia\u0142ania. Wyr\u00f3\u017cnij si\u0119 w ka\u017cdym t\u0142umie dzi\u0119ki naszemu najlepszej jako\u015bci namiotowi z baldachimem 10\u00d715.<\/p>","protected":false},"featured_media":2690,"template":"","meta":{"_kad_post_transparent":"default","_kad_post_title":"hide","_kad_post_layout":"normal","_kad_post_sidebar_id":"","_kad_post_content_style":"unboxed","_kad_post_vertical_padding":"hide","_kad_post_feature":"hide","_kad_post_feature_position":"","_kad_post_header":false,"_kad_post_footer":false},"product_cat":[68,76,74],"product_tag":[612,613,611],"class_list":{"0":"post-2686","1":"product","2":"type-product","3":"status-publish","4":"has-post-thumbnail","6":"product_cat-custom-canopy-tents","7":"product_cat-10x15ft-pop-up-tents-50mm-heavy-duty-hexagon-aluminum-tents-custom-canopy-tents","8":"product_cat-50mm-heavy-duty-hexagon-aluminum-tents","9":"product_tag-best-quality-custom-canopy-tent","10":"product_tag-canopy-tent-10x15","11":"product_tag-custom-canopy-tent-10x15","13":"first","14":"instock","15":"shipping-taxable","16":"product-type-simple","17":"entry","18":"content-bg","19":"loop-entry"},"_links":{"self":[{"href":"https:\/\/cmykprinted.com\/pl\/wp-json\/wp\/v2\/product\/2686","targetHints":{"allow":["GET"]}}],"collection":[{"href":"https:\/\/cmykprinted.com\/pl\/wp-json\/wp\/v2\/product"}],"about":[{"href":"https:\/\/cmykprinted.com\/pl\/wp-json\/wp\/v2\/types\/product"}],"version-history":[{"count":1,"href":"https:\/\/cmykprinted.com\/pl\/wp-json\/wp\/v2\/product\/2686\/revisions"}],"predecessor-version":[{"id":2688,"href":"https:\/\/cmykprinted.com\/pl\/wp-json\/wp\/v2\/product\/2686\/revisions\/2688"}],"wp:featuredmedia":[{"embeddable":true,"href":"https:\/\/cmykprinted.com\/pl\/wp-json\/wp\/v2\/media\/2690"}],"wp:attachment":[{"href":"https:\/\/cmykprinted.com\/pl\/wp-json\/wp\/v2\/media?parent=2686"}],"wp:term":[{"taxonomy":"product_cat","embeddable":true,"href":"https:\/\/cmykprinted.com\/pl\/wp-json\/wp\/v2\/product_cat?post=2686"},{"taxonomy":"product_tag","embeddable":true,"href":"https:\/\/cmykprinted.com\/pl\/wp-json\/wp\/v2\/product_tag?post=2686"}],"curies":[{"name":"wp","href":"https:\/\/api.w.org\/{rel}","templated":true}]}}