{"id":2696,"date":"2025-06-16T04:06:39","date_gmt":"2025-06-16T04:06:39","guid":{"rendered":"https:\/\/cmykprinted.com\/?post_type=product&#038;p=2696"},"modified":"2025-06-16T04:08:43","modified_gmt":"2025-06-16T04:08:43","slug":"custom-printed-canopy-tent-10x10-with-free-mock-up","status":"publish","type":"product","link":"https:\/\/cmykprinted.com\/pl\/produkt\/namiot-z-nadrukiem-na-zamowienie-10x10-z-darmowa-wizualizacja\/","title":{"rendered":"Namiot z baldachimem 10\u00d710 z nadrukiem i bezp\u0142atnym makiet\u0105"},"content":{"rendered":"","protected":false},"excerpt":{"rendered":"<p>Wyr\u00f3\u017cnij si\u0119 na ka\u017cdym wydarzeniu dzi\u0119ki namiotowi z baldachimem o wymiarach 10 x 10 st\u00f3p (300*300 cm) z nadrukiem na zam\u00f3wienie \u2013 w zestawie bezp\u0142atny makiet!<\/p>\n<p>Spraw, aby Twojej marki nie mo\u017cna by\u0142o przegapi\u0107 dzi\u0119ki naszemu namiotowi Canopy 10 x 10 z nadrukiem niestandardowym, idealnemu na targi, festiwale, targi plenerowe, wydarzenia sportowe i nie tylko. Zaprojektowany tak, aby \u0142\u0105czy\u0107 trwa\u0142o\u015b\u0107, \u0142atwo\u015b\u0107 rozk\u0142adania i osza\u0142amiaj\u0105c\u0105 pe\u0142nokolorow\u0105 grafik\u0119, ten namiot przekszta\u0142ca ka\u017cd\u0105 przestrze\u0144 w profesjonaln\u0105, przyci\u0105gaj\u0105c\u0105 wzrok wizyt\u00f3wk\u0119 marki.<\/p>\n<p>1. Zadaszenie z pe\u0142nym nadrukiem kolorowym \u2013 Nadrukuj swoje logo, wiadomo\u015b\u0107 lub grafik\u0119 na wszystkich stronach, aby zmaksymalizowa\u0107 widoczno\u015b\u0107 i oddzia\u0142ywanie marki.<br \/>\n2. Bezp\u0142atny Mock-Up przed zakupem \u2013 Otrzymaj realistyczny cyfrowy podgl\u0105d swojego projektu przed rozpocz\u0119ciem produkcji. Bez zgadywania, bez niespodzianek.<br \/>\n3. Solidna rama + ognioodporna tkanina 600 D odporna na warunki atmosferyczne \u2013 wykonana tak, aby wytrzyma\u0107 wiatr, deszcz i s\u0142o\u0144ce, a jednocze\u015bnie zapewni\u0107 nienaganny wygl\u0105d stoiska.<br \/>\n4. Szybki monta\u017c bez u\u017cycia narz\u0119dzi \u2013 roz\u0142\u00f3\u017c namiot w kilka minut dzi\u0119ki naszemu \u0142atwemu w obs\u0142udze stela\u017cowi typu pop-up.<br \/>\n5. Idealny rozmiar 10 x 10 \u2013 idealny do stworzenia profesjonalnej obecno\u015bci, kt\u00f3ry wygodnie mie\u015bci si\u0119 w standardowych przestrzeniach stoisk.<\/p>\n<p>Niezale\u017cnie od tego, czy promujesz produkt, zwi\u0119kszasz \u015bwiadomo\u015b\u0107 marki, czy po prostu przyci\u0105gasz wi\u0119cej klient\u00f3w, nasze namioty z baldachimem z nadrukiem sprawi\u0105, \u017ce Twoja marka stanie si\u0119 centrum uwagi \u2014 a to wszystko dzi\u0119ki naszej bezp\u0142atnej us\u0142udze tworzenia makiet, bez ryzyka projektowego!<\/p>\n<p><strong>\u00a0Z\u0142\u00f3\u017c zam\u00f3wienie ju\u017c dzi\u015b i pozw\u00f3l, aby Tw\u00f3j namiot m\u00f3wi\u0142 sam za siebie!<\/strong><\/p>","protected":false},"featured_media":2704,"template":"","meta":{"_kad_post_transparent":"default","_kad_post_title":"hide","_kad_post_layout":"normal","_kad_post_sidebar_id":"","_kad_post_content_style":"unboxed","_kad_post_vertical_padding":"hide","_kad_post_feature":"hide","_kad_post_feature_position":"","_kad_post_header":false,"_kad_post_footer":false},"product_cat":[68,76,74],"product_tag":[615,614],"class_list":{"0":"post-2696","1":"product","2":"type-product","3":"status-publish","4":"has-post-thumbnail","6":"product_cat-custom-canopy-tents","7":"product_cat-10x15ft-pop-up-tents-50mm-heavy-duty-hexagon-aluminum-tents-custom-canopy-tents","8":"product_cat-50mm-heavy-duty-hexagon-aluminum-tents","9":"product_tag-custom-printed-canopy-tent","10":"product_tag-custom-printed-canopy-tent-10x10","12":"first","13":"instock","14":"shipping-taxable","15":"product-type-simple","16":"entry","17":"content-bg","18":"loop-entry"},"_links":{"self":[{"href":"https:\/\/cmykprinted.com\/pl\/wp-json\/wp\/v2\/product\/2696","targetHints":{"allow":["GET"]}}],"collection":[{"href":"https:\/\/cmykprinted.com\/pl\/wp-json\/wp\/v2\/product"}],"about":[{"href":"https:\/\/cmykprinted.com\/pl\/wp-json\/wp\/v2\/types\/product"}],"version-history":[{"count":1,"href":"https:\/\/cmykprinted.com\/pl\/wp-json\/wp\/v2\/product\/2696\/revisions"}],"predecessor-version":[{"id":2703,"href":"https:\/\/cmykprinted.com\/pl\/wp-json\/wp\/v2\/product\/2696\/revisions\/2703"}],"wp:featuredmedia":[{"embeddable":true,"href":"https:\/\/cmykprinted.com\/pl\/wp-json\/wp\/v2\/media\/2704"}],"wp:attachment":[{"href":"https:\/\/cmykprinted.com\/pl\/wp-json\/wp\/v2\/media?parent=2696"}],"wp:term":[{"taxonomy":"product_cat","embeddable":true,"href":"https:\/\/cmykprinted.com\/pl\/wp-json\/wp\/v2\/product_cat?post=2696"},{"taxonomy":"product_tag","embeddable":true,"href":"https:\/\/cmykprinted.com\/pl\/wp-json\/wp\/v2\/product_tag?post=2696"}],"curies":[{"name":"wp","href":"https:\/\/api.w.org\/{rel}","templated":true}]}}