{"id":2705,"date":"2025-06-18T08:15:16","date_gmt":"2025-06-18T08:15:16","guid":{"rendered":"https:\/\/cmykprinted.com\/?post_type=product&#038;p=2705"},"modified":"2025-06-23T02:43:20","modified_gmt":"2025-06-23T02:43:20","slug":"3d-metal-transfer-stickers","status":"publish","type":"product","link":"https:\/\/cmykprinted.com\/pl\/produkt\/spersonalizowane-3d-metalowe-naklejki-transferowe-z-wlasna-grafika\/","title":{"rendered":"Spersonalizowane-3D-metalowe-naklejki-transferowe-z-w\u0142asn\u0105-grafik\u0105"},"content":{"rendered":"","protected":false},"excerpt":{"rendered":"<p>Wyr\u00f3\u017cnij swoj\u0105 mark\u0119 dzi\u0119ki niestandardowym naklejkom 3D na metal \u2013 zaprojektowanym przez Ciebie, stworzonym, aby robi\u0107 wra\u017cenie<\/p>\n<p>Dodaj swoim produktom, opakowaniom lub artyku\u0142om promocyjnym najwy\u017cszej jako\u015bci, przyci\u0105gaj\u0105ce wzrok wyko\u0144czenie dzi\u0119ki niestandardowym naklejkom 3D Metal Transfer Stickers z Twoj\u0105 w\u0142asn\u0105 grafik\u0105. Te eleganckie, metalowe emblematy oferuj\u0105 wysokiej klasy, profesjonalny wygl\u0105d, kt\u00f3ry natychmiast podnosi presti\u017c Twojej marki. Niezale\u017cnie od tego, czy nak\u0142adasz je na laptopy, urz\u0105dzenia elektroniczne, cz\u0119\u015bci samochodowe czy towary detaliczne, te metalowe naklejki tworz\u0105 \u015bmia\u0142e o\u015bwiadczenie o jako\u015bci i wzornictwie.<\/p>\n<p>Wykonane z trwa\u0142ych, odpornych na warunki atmosferyczne materia\u0142\u00f3w, takich jak chrom, szczotkowane aluminium lub stal nierdzewna, nasze naklejki 3D nie s\u0105 tylko dla wygl\u0105du \u2014 s\u0105 zrobione, aby przetrwa\u0107. Ka\u017cdy element jest precyzyjnie ci\u0119ty i dostarczany z mocnym klejem i \u0142atw\u0105 do odklejenia foli\u0105 transferow\u0105, zapewniaj\u0105c bezp\u0119cherzykow\u0105, bezbrudn\u0105 aplikacj\u0119 za ka\u017cdym razem.<\/p>\n<p>Brak minimalnego zam\u00f3wienia. Szybka realizacja. Darmowe makiety cyfrowe. Prze\u015blij swoje logo lub niestandardowy projekt ju\u017c dzi\u015b i zmie\u0144 swoj\u0105 kreatywn\u0105 wizj\u0119 w metaliczn\u0105 rzeczywisto\u015b\u0107 o du\u017cym wp\u0142ywie.<\/p>\n<div style=\"width: 726px;\" class=\"wp-video\"><!--[if lt IE 9]><script>document.createElement('video');<\/script><![endif]--><br \/>\n<video class=\"wp-video-shortcode\" id=\"video-2705-1\" width=\"726\" height=\"720\" preload=\"metadata\" controls=\"controls\"><source type=\"video\/mp4\" src=\"https:\/\/cmykprinted.com\/wp-content\/uploads\/2025\/06\/3d-Metal-Transfer-Stickers.mp4?_=1\" \/><a href=\"https:\/\/cmykprinted.com\/wp-content\/uploads\/2025\/06\/3d-Metal-Transfer-Stickers.mp4\">https:\/\/cmykprinted.com\/wp-content\/uploads\/2025\/06\/3d-Metal-Transfer-Stickers.mp4<\/a><\/video><\/div>","protected":false},"featured_media":2711,"template":"","meta":{"_kad_post_transparent":"default","_kad_post_title":"hide","_kad_post_layout":"fullwidth","_kad_post_sidebar_id":"","_kad_post_content_style":"unboxed","_kad_post_vertical_padding":"hide","_kad_post_feature":"hide","_kad_post_feature_position":"","_kad_post_header":false,"_kad_post_footer":false},"product_cat":[101,102],"product_tag":[299,618,617,616],"class_list":{"0":"post-2705","1":"product","2":"type-product","3":"status-publish","4":"has-post-thumbnail","6":"product_cat-transfer-stickers","7":"product_cat-metal-transfer-stickers","8":"product_tag-3d-metal-transfer-stickers","9":"product_tag-custom-3d-metal-transfer-stickers","10":"product_tag-metallic-transfer-sticker","11":"product_tag-transfer-sticker","13":"first","14":"instock","15":"shipping-taxable","16":"product-type-simple","17":"entry","18":"content-bg","19":"loop-entry"},"_links":{"self":[{"href":"https:\/\/cmykprinted.com\/pl\/wp-json\/wp\/v2\/product\/2705","targetHints":{"allow":["GET"]}}],"collection":[{"href":"https:\/\/cmykprinted.com\/pl\/wp-json\/wp\/v2\/product"}],"about":[{"href":"https:\/\/cmykprinted.com\/pl\/wp-json\/wp\/v2\/types\/product"}],"version-history":[{"count":1,"href":"https:\/\/cmykprinted.com\/pl\/wp-json\/wp\/v2\/product\/2705\/revisions"}],"predecessor-version":[{"id":2714,"href":"https:\/\/cmykprinted.com\/pl\/wp-json\/wp\/v2\/product\/2705\/revisions\/2714"}],"wp:featuredmedia":[{"embeddable":true,"href":"https:\/\/cmykprinted.com\/pl\/wp-json\/wp\/v2\/media\/2711"}],"wp:attachment":[{"href":"https:\/\/cmykprinted.com\/pl\/wp-json\/wp\/v2\/media?parent=2705"}],"wp:term":[{"taxonomy":"product_cat","embeddable":true,"href":"https:\/\/cmykprinted.com\/pl\/wp-json\/wp\/v2\/product_cat?post=2705"},{"taxonomy":"product_tag","embeddable":true,"href":"https:\/\/cmykprinted.com\/pl\/wp-json\/wp\/v2\/product_tag?post=2705"}],"curies":[{"name":"wp","href":"https:\/\/api.w.org\/{rel}","templated":true}]}}