{"id":2716,"date":"2025-06-23T02:33:41","date_gmt":"2025-06-23T02:33:41","guid":{"rendered":"https:\/\/cmykprinted.com\/?post_type=product&#038;p=2716"},"modified":"2025-06-23T02:33:41","modified_gmt":"2025-06-23T02:33:41","slug":"logo-transfer-stickers","status":"publish","type":"product","link":"https:\/\/cmykprinted.com\/pl\/produkt\/naklejki-transferowe-z-logo\/","title":{"rendered":"Niestandardowe metalowe naklejki transferowe z logo Nickle, wyprodukowane w Chinach"},"content":{"rendered":"","protected":false},"excerpt":{"rendered":"<p>Chcesz, aby Twoja marka wyr\u00f3\u017cnia\u0142a si\u0119 eleganckim, wysokiej jako\u015bci wyko\u0144czeniem? Nasze niestandardowe naklejki z logo z niklu metalowego to idealne rozwi\u0105zanie dla firm, kt\u00f3re wymagaj\u0105 jako\u015bci, trwa\u0142o\u015bci i efektu wizualnego. Wyprodukowane w Chinach przy u\u017cyciu zaawansowanej technologii galwanizacji, te naklejki charakteryzuj\u0105 si\u0119 ultracienkim, lekkim materia\u0142em niklowym o osza\u0142amiaj\u0105cym metalicznym wyko\u0144czeniu \u2014 dost\u0119pne w kolorze srebrnym, z\u0142otym, matowym, b\u0142yszcz\u0105cym lub szczotkowanym.<\/p>\n<p>Idealne do laptop\u00f3w, elektroniki, opakowa\u0144, urz\u0105dze\u0144, artyku\u0142\u00f3w promocyjnych, butelek do pakowania kosmetyk\u00f3w, butelek perfum, pude\u0142ek na opakowania \u015bwiec i innych, te naklejki transferowe s\u0105 \u0142atwe w aplikacji dzi\u0119ki mocnemu klejowi i bez ba\u0142aganu. Ka\u017cde logo jest wycinane na zam\u00f3wienie z wyra\u017anymi szczeg\u00f3\u0142ami, zapewniaj\u0105c czysty i profesjonalny wygl\u0105d na ka\u017cdej g\u0142adkiej powierzchni.<\/p>\n<p>Minimalne ilo\u015bci zam\u00f3wie\u0144 s\u0105 niskie, dost\u0119pne s\u0105 rabaty hurtowe, a szybka globalna wysy\u0142ka zapewnia terminow\u0105 dostaw\u0119. Niezale\u017cnie od tego, czy jeste\u015b startupem, czy uznan\u0105 mark\u0105, wybierz jako\u015b\u0107 produkowan\u0105 w Chinach, kt\u00f3rej mo\u017cesz zaufa\u0107 \u2014 wyrafinowan\u0105, niedrog\u0105 i stworzon\u0105, aby robi\u0107 wra\u017cenie.<\/p>\n<div style=\"width: 726px;\" class=\"wp-video\"><!--[if lt IE 9]><script>document.createElement('video');<\/script><![endif]--><br \/>\n<video class=\"wp-video-shortcode\" id=\"video-2716-1\" width=\"726\" height=\"720\" preload=\"metadata\" controls=\"controls\"><source type=\"video\/mp4\" src=\"https:\/\/cmykprinted.com\/wp-content\/uploads\/2025\/06\/3d-Metal-Transfer-Stickers.mp4?_=1\" \/><a href=\"https:\/\/cmykprinted.com\/wp-content\/uploads\/2025\/06\/3d-Metal-Transfer-Stickers.mp4\">https:\/\/cmykprinted.com\/wp-content\/uploads\/2025\/06\/3d-Metal-Transfer-Stickers.mp4<\/a><\/video><\/div>","protected":false},"featured_media":2717,"template":"","meta":{"_kad_post_transparent":"default","_kad_post_title":"hide","_kad_post_layout":"fullwidth","_kad_post_sidebar_id":"","_kad_post_content_style":"unboxed","_kad_post_vertical_padding":"hide","_kad_post_feature":"hide","_kad_post_feature_position":"","_kad_post_header":false,"_kad_post_footer":false},"product_cat":[101,102],"product_tag":[620,619,621],"class_list":{"0":"post-2716","1":"product","2":"type-product","3":"status-publish","4":"has-post-thumbnail","6":"product_cat-transfer-stickers","7":"product_cat-metal-transfer-stickers","8":"product_tag-custom-logo-transfer-stickers","9":"product_tag-logo-transfer-stickers","10":"product_tag-metal-nickle-logo-transfer-stickers","12":"first","13":"instock","14":"shipping-taxable","15":"product-type-simple","16":"entry","17":"content-bg","18":"loop-entry"},"_links":{"self":[{"href":"https:\/\/cmykprinted.com\/pl\/wp-json\/wp\/v2\/product\/2716","targetHints":{"allow":["GET"]}}],"collection":[{"href":"https:\/\/cmykprinted.com\/pl\/wp-json\/wp\/v2\/product"}],"about":[{"href":"https:\/\/cmykprinted.com\/pl\/wp-json\/wp\/v2\/types\/product"}],"version-history":[{"count":1,"href":"https:\/\/cmykprinted.com\/pl\/wp-json\/wp\/v2\/product\/2716\/revisions"}],"predecessor-version":[{"id":2722,"href":"https:\/\/cmykprinted.com\/pl\/wp-json\/wp\/v2\/product\/2716\/revisions\/2722"}],"wp:featuredmedia":[{"embeddable":true,"href":"https:\/\/cmykprinted.com\/pl\/wp-json\/wp\/v2\/media\/2717"}],"wp:attachment":[{"href":"https:\/\/cmykprinted.com\/pl\/wp-json\/wp\/v2\/media?parent=2716"}],"wp:term":[{"taxonomy":"product_cat","embeddable":true,"href":"https:\/\/cmykprinted.com\/pl\/wp-json\/wp\/v2\/product_cat?post=2716"},{"taxonomy":"product_tag","embeddable":true,"href":"https:\/\/cmykprinted.com\/pl\/wp-json\/wp\/v2\/product_tag?post=2716"}],"curies":[{"name":"wp","href":"https:\/\/api.w.org\/{rel}","templated":true}]}}