{"id":2723,"date":"2025-06-27T03:53:26","date_gmt":"2025-06-27T03:53:26","guid":{"rendered":"https:\/\/cmykprinted.com\/?post_type=product&#038;p=2723"},"modified":"2025-06-27T06:33:48","modified_gmt":"2025-06-27T06:33:48","slug":"custom-made-football-flags","status":"publish","type":"product","link":"https:\/\/cmykprinted.com\/pl\/produkt\/na-zamowienie-flagi-pilkarskie\/","title":{"rendered":"Du\u017ce rozmiary flag pi\u0142karskich na zam\u00f3wienie banery w niskiej cenie"},"content":{"rendered":"","protected":false},"excerpt":{"rendered":"<p>Chcesz pokaza\u0107 swoj\u0105 dum\u0119 z futbolu w wielkim stylu? Nasze flagi pi\u0142karskie w du\u017cym rozmiarze, wykonane na zam\u00f3wienie, s\u0105 idealnym rozwi\u0105zaniem dla zagorza\u0142ych fan\u00f3w, klub\u00f3w lub organizator\u00f3w wydarze\u0144, kt\u00f3rzy chc\u0105 zrobi\u0107 mocne wra\u017cenie. Wykonane z najwy\u017cszej jako\u015bci, wytrzyma\u0142ej tkaniny poliestrowej, te banery wytrzymuj\u0105 warunki zewn\u0119trzne i pozostaj\u0105 \u017cywe przez ca\u0142y sezon.<\/p>\n<p>Oferujemy pe\u0142n\u0105 personalizacj\u0119 \u2014 wybierz kolory swojej dru\u017cyny, logo, has\u0142a i dowolny unikalny projekt, aby stworzy\u0107 flagi, kt\u00f3re naprawd\u0119 odzwierciedlaj\u0105 Twojego pi\u0142karskiego ducha. Niezale\u017cnie od tego, czy dekorujesz stadiony, strefy kibica, bary sportowe czy wydarzenia na \u015bwie\u017cym powietrzu, nasz druk w wysokiej rozdzielczo\u015bci zapewnia ostre grafiki i przyci\u0105gaj\u0105ce wzrok kolory, kt\u00f3re wyr\u00f3\u017cniaj\u0105 si\u0119 z t\u0142umu.<\/p>\n<p>Pomimo imponuj\u0105cych rozmiar\u00f3w i jako\u015bci gwarantujemy bardzo konkurencyjne ceny dostosowane do ka\u017cdego bud\u017cetu, dzi\u0119ki czemu zamawianie hurtowe na turnieje, ligi lub kampanie promocyjne jest \u0142atwiejsze ni\u017c kiedykolwiek. Szybka realizacja i wysy\u0142ka na ca\u0142y \u015bwiat oznaczaj\u0105, \u017ce otrzymasz banery na czas, gdziekolwiek jeste\u015b.<\/p>\n<p>Nie zadowalaj si\u0119 przeci\u0119tno\u015bci\u0105. Poka\u017c pasj\u0119 swojej dru\u017cyny g\u0142o\u015bno i dumnie dzi\u0119ki naszym du\u017cym, spersonalizowanym flagom sportowym Football Sports Flags Banners \u2014 najwy\u017csza jako\u015b\u0107 bez najwy\u017cszej ceny!<\/p>\n<div style=\"width: 854px;\" class=\"wp-video\"><!--[if lt IE 9]><script>document.createElement('video');<\/script><![endif]--><br \/>\n<video class=\"wp-video-shortcode\" id=\"video-2723-1\" width=\"854\" height=\"480\" preload=\"metadata\" controls=\"controls\"><source type=\"video\/mp4\" src=\"https:\/\/cmykprinted.com\/wp-content\/uploads\/2025\/06\/Large-Flag-Banner-for-Football-Events.mp4?_=1\" \/><a href=\"https:\/\/cmykprinted.com\/wp-content\/uploads\/2025\/06\/Large-Flag-Banner-for-Football-Events.mp4\">https:\/\/cmykprinted.com\/wp-content\/uploads\/2025\/06\/Large-Flag-Banner-for-Football-Events.mp4<\/a><\/video><\/div>","protected":false},"featured_media":2724,"template":"","meta":{"_kad_post_transparent":"default","_kad_post_title":"hide","_kad_post_layout":"fullwidth","_kad_post_sidebar_id":"","_kad_post_content_style":"unboxed","_kad_post_vertical_padding":"hide","_kad_post_feature":"hide","_kad_post_feature_position":"","_kad_post_header":false,"_kad_post_footer":false},"product_cat":[79],"product_tag":[625,622,626,624,623],"class_list":{"0":"post-2723","1":"product","2":"type-product","3":"status-publish","4":"has-post-thumbnail","6":"product_cat-custom-flags","7":"product_tag-custom-football-flags","8":"product_tag-custom-made-football-flags","9":"product_tag-custom-made-sports-flags","10":"product_tag-large-size-flags","11":"product_tag-sports-flags-banners","13":"first","14":"instock","15":"shipping-taxable","16":"product-type-simple","17":"entry","18":"content-bg","19":"loop-entry"},"_links":{"self":[{"href":"https:\/\/cmykprinted.com\/pl\/wp-json\/wp\/v2\/product\/2723","targetHints":{"allow":["GET"]}}],"collection":[{"href":"https:\/\/cmykprinted.com\/pl\/wp-json\/wp\/v2\/product"}],"about":[{"href":"https:\/\/cmykprinted.com\/pl\/wp-json\/wp\/v2\/types\/product"}],"version-history":[{"count":5,"href":"https:\/\/cmykprinted.com\/pl\/wp-json\/wp\/v2\/product\/2723\/revisions"}],"predecessor-version":[{"id":2743,"href":"https:\/\/cmykprinted.com\/pl\/wp-json\/wp\/v2\/product\/2723\/revisions\/2743"}],"wp:featuredmedia":[{"embeddable":true,"href":"https:\/\/cmykprinted.com\/pl\/wp-json\/wp\/v2\/media\/2724"}],"wp:attachment":[{"href":"https:\/\/cmykprinted.com\/pl\/wp-json\/wp\/v2\/media?parent=2723"}],"wp:term":[{"taxonomy":"product_cat","embeddable":true,"href":"https:\/\/cmykprinted.com\/pl\/wp-json\/wp\/v2\/product_cat?post=2723"},{"taxonomy":"product_tag","embeddable":true,"href":"https:\/\/cmykprinted.com\/pl\/wp-json\/wp\/v2\/product_tag?post=2723"}],"curies":[{"name":"wp","href":"https:\/\/api.w.org\/{rel}","templated":true}]}}