{"id":2738,"date":"2025-06-27T06:28:32","date_gmt":"2025-06-27T06:28:32","guid":{"rendered":"https:\/\/cmykprinted.com\/?post_type=product&#038;p=2738"},"modified":"2025-06-27T06:28:33","modified_gmt":"2025-06-27T06:28:33","slug":"business-flags","status":"publish","type":"product","link":"https:\/\/cmykprinted.com\/pl\/produkt\/flagi-biznesowe\/","title":{"rendered":"Niestandardowe flagi biznesowe w kszta\u0142cie \u0142ezki z dostaw\u0105 w ci\u0105gu 24 godzin"},"content":{"rendered":"","protected":false},"excerpt":{"rendered":"<p><strong>Wyr\u00f3\u017cnij si\u0119 natychmiast dzi\u0119ki spersonalizowanym flagom biznesowym w kszta\u0142cie \u0142ezki \u2013 dostarczonym w zaledwie 24 godziny!<\/strong><\/p>\n<p>Chcesz, aby Twoja firma szybko przyci\u0105gn\u0119\u0142a uwag\u0119? Nasze niestandardowe flagi biznesowe w kszta\u0142cie \u0142ezki to idealne rozwi\u0105zanie o du\u017cym wp\u0142ywie, aby zaprezentowa\u0107 swoj\u0105 mark\u0119, promocje lub wydarzenia. Zaprojektowane z my\u015bl\u0105 o maksymalnej widoczno\u015bci, te flagi maj\u0105 elegancki, nowoczesny kszta\u0142t, kt\u00f3ry pi\u0119knie powiewa, przyci\u0105gaj\u0105c wzrok z ka\u017cdej strony.<\/p>\n<p>Oferujemy pe\u0142nokolorowy, wysokiej rozdzielczo\u015bci druk na najwy\u017cszej jako\u015bci tkaninie poliestrowej, zapewniaj\u0105c, \u017ce Twoje logo, slogany i grafiki b\u0119d\u0105 wygl\u0105da\u0107 \u017cywo i profesjonalnie. Dzi\u0119ki wielu dost\u0119pnym rozmiarom mo\u017cesz wybra\u0107 idealn\u0105 wysoko\u015b\u0107 i szeroko\u015b\u0107, aby dopasowa\u0107 je do witryny sklepowej, stoiska targowego, wydarzenia na \u015bwie\u017cym powietrzu lub ekspozycji przydro\u017cnej.<\/p>\n<p>A co najwa\u017cniejsze, zapewniamy niezr\u00f3wnan\u0105 us\u0142ug\u0119 realizacji zam\u00f3wienia w ci\u0105gu 24 godzin, dzi\u0119ki czemu mo\u017cesz dotrzyma\u0107 napi\u0119tych termin\u00f3w bez po\u015bwi\u0119cania jako\u015bci. Od zatwierdzenia projektu do produkcji, nasz usprawniony proces zapewnia szybk\u0105 wysy\u0142k\u0119 flag, pomagaj\u0105c Ci wykorzysta\u0107 okazje bez op\u00f3\u017anie\u0144.<\/p>\n<p>Przyst\u0119pne ceny, trwa\u0142e materia\u0142y i \u0142atwy monta\u017c sprawiaj\u0105, \u017ce nasze flagi biznesowe w kszta\u0142cie \u0142ezki s\u0105 doskona\u0142ym narz\u0119dziem marketingowym dla ka\u017cdej firmy, kt\u00f3ra chce szybko zrobi\u0107 wra\u017cenie!<\/p>\n<div style=\"width: 1290px;\" class=\"wp-video\"><!--[if lt IE 9]><script>document.createElement('video');<\/script><![endif]--><br \/>\n<video class=\"wp-video-shortcode\" id=\"video-2738-1\" width=\"1290\" height=\"726\" poster=\"https:\/\/cmykprinted.com\/wp-content\/uploads\/2023\/10\/Wholesale-Teardrop-Flags-1026002.jpg\" preload=\"metadata\" controls=\"controls\"><source type=\"video\/mp4\" src=\"https:\/\/cmykprinted.com\/wp-content\/uploads\/2023\/10\/Wholesale-Teardrop-Flags.mp4?_=1\" \/><a href=\"https:\/\/cmykprinted.com\/wp-content\/uploads\/2023\/10\/Wholesale-Teardrop-Flags.mp4\">https:\/\/cmykprinted.com\/wp-content\/uploads\/2023\/10\/Wholesale-Teardrop-Flags.mp4<\/a><\/video><\/div>","protected":false},"featured_media":2741,"template":"","meta":{"_kad_post_transparent":"default","_kad_post_title":"hide","_kad_post_layout":"fullwidth","_kad_post_sidebar_id":"","_kad_post_content_style":"unboxed","_kad_post_vertical_padding":"hide","_kad_post_feature":"hide","_kad_post_feature_position":"","_kad_post_header":false,"_kad_post_footer":false},"product_cat":[64,67],"product_tag":[627,629,628],"class_list":{"0":"post-2738","1":"product","2":"type-product","3":"status-publish","4":"has-post-thumbnail","6":"product_cat-beach-flags","7":"product_cat-teardrop-flags-banners","8":"product_tag-business-flags","9":"product_tag-custom-business-flags","10":"product_tag-teardrop-business-flags","12":"first","13":"instock","14":"shipping-taxable","15":"product-type-simple","16":"entry","17":"content-bg","18":"loop-entry"},"_links":{"self":[{"href":"https:\/\/cmykprinted.com\/pl\/wp-json\/wp\/v2\/product\/2738","targetHints":{"allow":["GET"]}}],"collection":[{"href":"https:\/\/cmykprinted.com\/pl\/wp-json\/wp\/v2\/product"}],"about":[{"href":"https:\/\/cmykprinted.com\/pl\/wp-json\/wp\/v2\/types\/product"}],"version-history":[{"count":1,"href":"https:\/\/cmykprinted.com\/pl\/wp-json\/wp\/v2\/product\/2738\/revisions"}],"predecessor-version":[{"id":2742,"href":"https:\/\/cmykprinted.com\/pl\/wp-json\/wp\/v2\/product\/2738\/revisions\/2742"}],"wp:featuredmedia":[{"embeddable":true,"href":"https:\/\/cmykprinted.com\/pl\/wp-json\/wp\/v2\/media\/2741"}],"wp:attachment":[{"href":"https:\/\/cmykprinted.com\/pl\/wp-json\/wp\/v2\/media?parent=2738"}],"wp:term":[{"taxonomy":"product_cat","embeddable":true,"href":"https:\/\/cmykprinted.com\/pl\/wp-json\/wp\/v2\/product_cat?post=2738"},{"taxonomy":"product_tag","embeddable":true,"href":"https:\/\/cmykprinted.com\/pl\/wp-json\/wp\/v2\/product_tag?post=2738"}],"curies":[{"name":"wp","href":"https:\/\/api.w.org\/{rel}","templated":true}]}}