{"id":2745,"date":"2025-07-01T12:15:17","date_gmt":"2025-07-01T12:15:17","guid":{"rendered":"https:\/\/cmykprinted.com\/?post_type=product&#038;p=2745"},"modified":"2025-07-01T12:35:43","modified_gmt":"2025-07-01T12:35:43","slug":"display-signs-for-trade-shows","status":"publish","type":"product","link":"https:\/\/cmykprinted.com\/pl\/produkt\/tablice-wystawowe-na-targi\/","title":{"rendered":"Niestandardowe szyldy wystawowe z tkaniny na targi z czasem realizacji 48 godzin"},"content":{"rendered":"","protected":false},"excerpt":{"rendered":"<p>Wyr\u00f3\u017cnij swoj\u0105 mark\u0119 na targach dzi\u0119ki naszym niestandardowym szyldom wystawowym z tkaniny, stworzonym tak, aby zapewnia\u0107 \u017cywe obrazy i profesjonalny wp\u0142yw. Wyprodukowane w naszym zaawansowanym zak\u0142adzie produkcyjnym, te wy\u015bwietlacze charakteryzuj\u0105 si\u0119 drukiem sublimacyjnym o wysokiej rozdzielczo\u015bci na materia\u0142ach premium, takich jak poliester o gramaturze 250 gsm, co zapewnia \u017cywe kolory i odporno\u015b\u0107 na zagniecenia.<\/p>\n<p>Od niestandardowych znak\u00f3w wystawowych z tkaniny na targi handlowe po wisz\u0105ce banery i ekspozytory sto\u0142owe, oferujemy szeroki zakres dostosowywanych rozmiar\u00f3w i kszta\u0142t\u00f3w, aby dopasowa\u0107 je do projektu Twojego stoiska. Lekkie i \u0142atwe w monta\u017cu, nasze znaki z tkaniny s\u0105 idealne do szybkiego ustawiania i transportu, oszcz\u0119dzaj\u0105c Tw\u00f3j czas i wysi\u0142ek podczas zat\u0142oczonych wydarze\u0144.<\/p>\n<p>Ciesz si\u0119 prawdziwymi cenami bezpo\u015brednio od producenta bez po\u015bwi\u0119cania jako\u015bci. Niezale\u017cnie od tego, czy potrzebujesz pojedynczego wy\u015bwietlacza, czy masowej produkcji, gwarantujemy konkurencyjne ceny, szybkie terminy realizacji i wysy\u0142k\u0119 na ca\u0142y \u015bwiat. Promuj swoj\u0105 mark\u0119 za pomoc\u0105 niestandardowych znak\u00f3w wystawowych z tkaniny, kt\u00f3re przyci\u0105gaj\u0105 uwag\u0119 i zapewniaj\u0105 trwa\u0142e wra\u017cenia na ka\u017cdych targach!<\/p>\n<div style=\"width: 720px;\" class=\"wp-video\"><!--[if lt IE 9]><script>document.createElement('video');<\/script><![endif]--><br \/>\n<video class=\"wp-video-shortcode\" id=\"video-2745-1\" width=\"720\" height=\"1280\" preload=\"metadata\" controls=\"controls\"><source type=\"video\/mp4\" src=\"https:\/\/cmykprinted.com\/wp-content\/uploads\/2025\/07\/Instruction-Installation-Custom-Pillowcase-Backdrop.mp4?_=1\" \/><a href=\"https:\/\/cmykprinted.com\/wp-content\/uploads\/2025\/07\/Instruction-Installation-Custom-Pillowcase-Backdrop.mp4\">https:\/\/cmykprinted.com\/wp-content\/uploads\/2025\/07\/Instruction-Installation-Custom-Pillowcase-Backdrop.mp4<\/a><\/video><\/div>\n<p>&nbsp;<\/p>","protected":false},"featured_media":2751,"template":"","meta":{"_kad_post_transparent":"default","_kad_post_title":"hide","_kad_post_layout":"fullwidth","_kad_post_sidebar_id":"","_kad_post_content_style":"unboxed","_kad_post_vertical_padding":"hide","_kad_post_feature":"hide","_kad_post_feature_position":"","_kad_post_header":false,"_kad_post_footer":false},"product_cat":[97,99],"product_tag":[632,630,631],"class_list":{"0":"post-2745","1":"product","2":"type-product","3":"status-publish","4":"has-post-thumbnail","6":"product_cat-tension-fabric-displays","7":"product_cat-custom-fabric-displays","8":"product_tag-custom-fabric-display-signs","9":"product_tag-display-signs-for-trade-shows","10":"product_tag-fabric-display-signs","12":"first","13":"instock","14":"shipping-taxable","15":"product-type-simple","16":"entry","17":"content-bg","18":"loop-entry"},"_links":{"self":[{"href":"https:\/\/cmykprinted.com\/pl\/wp-json\/wp\/v2\/product\/2745","targetHints":{"allow":["GET"]}}],"collection":[{"href":"https:\/\/cmykprinted.com\/pl\/wp-json\/wp\/v2\/product"}],"about":[{"href":"https:\/\/cmykprinted.com\/pl\/wp-json\/wp\/v2\/types\/product"}],"version-history":[{"count":1,"href":"https:\/\/cmykprinted.com\/pl\/wp-json\/wp\/v2\/product\/2745\/revisions"}],"predecessor-version":[{"id":2756,"href":"https:\/\/cmykprinted.com\/pl\/wp-json\/wp\/v2\/product\/2745\/revisions\/2756"}],"wp:featuredmedia":[{"embeddable":true,"href":"https:\/\/cmykprinted.com\/pl\/wp-json\/wp\/v2\/media\/2751"}],"wp:attachment":[{"href":"https:\/\/cmykprinted.com\/pl\/wp-json\/wp\/v2\/media?parent=2745"}],"wp:term":[{"taxonomy":"product_cat","embeddable":true,"href":"https:\/\/cmykprinted.com\/pl\/wp-json\/wp\/v2\/product_cat?post=2745"},{"taxonomy":"product_tag","embeddable":true,"href":"https:\/\/cmykprinted.com\/pl\/wp-json\/wp\/v2\/product_tag?post=2745"}],"curies":[{"name":"wp","href":"https:\/\/api.w.org\/{rel}","templated":true}]}}