{"id":2758,"date":"2025-07-02T03:30:52","date_gmt":"2025-07-02T03:30:52","guid":{"rendered":"https:\/\/cmykprinted.com\/?post_type=product&#038;p=2758"},"modified":"2025-07-02T03:30:52","modified_gmt":"2025-07-02T03:30:52","slug":"waterproof-transfer-stickers","status":"publish","type":"product","link":"https:\/\/cmykprinted.com\/pl\/produkt\/wodoodporne-naklejki-transferowe\/","title":{"rendered":"Naklejki transferowe wodoodporne z logo na kosmetyki, perfumy, butelki szklane"},"content":{"rendered":"","protected":false},"excerpt":{"rendered":"<p>Ulepsz swoje opakowania kosmetyk\u00f3w i perfum za pomoc\u0105 niestandardowych wodoodpornych naklejek transferowych z logo, zaprojektowanych tak, aby idealnie przylega\u0142y do \u200b\u200bszklanych butelek i g\u0142adkich powierzchni. Wykonane z wysokiej jako\u015bci materia\u0142\u00f3w, te naklejki maj\u0105 mocny klej, kt\u00f3ry zapewnia bezpieczne trzymanie, nawet w wilgotnym lub mokrym \u015brodowisku. Wodoodporne i odporne na olej w\u0142a\u015bciwo\u015bci utrzymuj\u0105 blask Twojego logo bez \u0142uszczenia si\u0119 lub blakni\u0119cia z czasem. Idealne do brandingu kosmetyk\u00f3w, perfum, olejk\u00f3w eterycznych lub luksusowych szklanych pojemnik\u00f3w, zapewniaj\u0105 profesjonalny i elegancki wygl\u0105d. Nasza zaawansowana technologia drukowania gwarantuje \u017cywe kolory, wyra\u017ane szczeg\u00f3\u0142y i g\u0142adkie wyko\u0144czenie, kt\u00f3re p\u0142ynnie \u0142\u0105czy si\u0119 z powierzchni\u0105 butelki, zapewniaj\u0105c wygl\u0105d bez etykiety, wysokiej klasy. \u0141atwe w aplikacji i bardzo trwa\u0142e, te naklejki transferowe zapewniaj\u0105 trwa\u0142e wra\u017cenie marki, zwi\u0119kszaj\u0105c atrakcyjno\u015b\u0107 wizualn\u0105 Twoich produkt\u00f3w i sprawiaj\u0105c, \u017ce wyr\u00f3\u017cniaj\u0105 si\u0119 na p\u00f3\u0142kach. Dostosuj kszta\u0142ty, rozmiary i wyko\u0144czenia, aby odzwierciedla\u0142y Twoj\u0105 wyj\u0105tkow\u0105 to\u017csamo\u015b\u0107 marki.<\/p>\n<div style=\"width: 1280px;\" class=\"wp-video\"><!--[if lt IE 9]><script>document.createElement('video');<\/script><![endif]--><br \/>\n<video class=\"wp-video-shortcode\" id=\"video-2758-1\" width=\"1280\" height=\"720\" preload=\"metadata\" controls=\"controls\"><source type=\"video\/mp4\" src=\"https:\/\/cmykprinted.com\/wp-content\/uploads\/2025\/07\/Waterproof-Transfer-Stickers.mp4?_=1\" \/><a href=\"https:\/\/cmykprinted.com\/wp-content\/uploads\/2025\/07\/Waterproof-Transfer-Stickers.mp4\">https:\/\/cmykprinted.com\/wp-content\/uploads\/2025\/07\/Waterproof-Transfer-Stickers.mp4<\/a><\/video><\/div>","protected":false},"featured_media":2762,"template":"","meta":{"_kad_post_transparent":"default","_kad_post_title":"hide","_kad_post_layout":"fullwidth","_kad_post_sidebar_id":"","_kad_post_content_style":"unboxed","_kad_post_vertical_padding":"hide","_kad_post_feature":"hide","_kad_post_feature_position":"","_kad_post_header":false,"_kad_post_footer":false},"product_cat":[101,102],"product_tag":[636,635,634,633],"class_list":{"0":"post-2758","1":"product","2":"type-product","3":"status-publish","4":"has-post-thumbnail","6":"product_cat-transfer-stickers","7":"product_cat-metal-transfer-stickers","8":"product_tag-transfer-stickers-for-cosmetics-bottle","9":"product_tag-transfer-stickers-for-glass-bottle","10":"product_tag-transfer-stickers-for-perfume-bottle","11":"product_tag-waterproof-transfer-stickers","13":"first","14":"instock","15":"shipping-taxable","16":"product-type-simple","17":"entry","18":"content-bg","19":"loop-entry"},"_links":{"self":[{"href":"https:\/\/cmykprinted.com\/pl\/wp-json\/wp\/v2\/product\/2758","targetHints":{"allow":["GET"]}}],"collection":[{"href":"https:\/\/cmykprinted.com\/pl\/wp-json\/wp\/v2\/product"}],"about":[{"href":"https:\/\/cmykprinted.com\/pl\/wp-json\/wp\/v2\/types\/product"}],"version-history":[{"count":1,"href":"https:\/\/cmykprinted.com\/pl\/wp-json\/wp\/v2\/product\/2758\/revisions"}],"predecessor-version":[{"id":2766,"href":"https:\/\/cmykprinted.com\/pl\/wp-json\/wp\/v2\/product\/2758\/revisions\/2766"}],"wp:featuredmedia":[{"embeddable":true,"href":"https:\/\/cmykprinted.com\/pl\/wp-json\/wp\/v2\/media\/2762"}],"wp:attachment":[{"href":"https:\/\/cmykprinted.com\/pl\/wp-json\/wp\/v2\/media?parent=2758"}],"wp:term":[{"taxonomy":"product_cat","embeddable":true,"href":"https:\/\/cmykprinted.com\/pl\/wp-json\/wp\/v2\/product_cat?post=2758"},{"taxonomy":"product_tag","embeddable":true,"href":"https:\/\/cmykprinted.com\/pl\/wp-json\/wp\/v2\/product_tag?post=2758"}],"curies":[{"name":"wp","href":"https:\/\/api.w.org\/{rel}","templated":true}]}}