{"id":2767,"date":"2025-07-03T07:12:11","date_gmt":"2025-07-03T07:12:11","guid":{"rendered":"https:\/\/cmykprinted.com\/?post_type=product&#038;p=2767"},"modified":"2025-07-03T07:55:11","modified_gmt":"2025-07-03T07:55:11","slug":"banner-with-velcro","status":"publish","type":"product","link":"https:\/\/cmykprinted.com\/pl\/produkt\/baner-z-rzepem\/","title":{"rendered":"Niestandardowy baner t\u0142owy z rzepem - cena ni\u017csza o 30%"},"content":{"rendered":"","protected":false},"excerpt":{"rendered":"<p>Stw\u00f3rz przyci\u0105gaj\u0105c\u0105 wzrok ekspozycj\u0119 dzi\u0119ki naszemu niestandardowemu banerowi t\u0142a z wygodnym mocowaniem na rzep! Zaprojektowany z my\u015bl\u0105 o \u0142atwo\u015bci i wszechstronno\u015bci, ten baner t\u0142a z rzepem jest idealny na targi, stoiska fotograficzne, konferencje prasowe, powierzchnie handlowe i wydarzenia specjalne. Wykonany z wysokiej jako\u015bci, trwa\u0142ej tkaniny lub winylu, oferuje \u017cywy, pe\u0142nokolorowy nadruk, kt\u00f3ry prezentuje Twoj\u0105 mark\u0119, przes\u0142anie lub grafik\u0119 w osza\u0142amiaj\u0105cych szczeg\u00f3\u0142ach.<\/p>\n<p>Paski rzepowe wzd\u0142u\u017c kraw\u0119dzi zapewniaj\u0105 szybk\u0105 instalacj\u0119 i bezproblemowe dopasowanie do ram lub stojak\u00f3w, umo\u017cliwiaj\u0105c bezproblemow\u0105 zmian\u0119 grafiki bez u\u017cycia narz\u0119dzi. Dost\u0119pny w r\u00f3\u017cnych rozmiarach, aby dopasowa\u0107 si\u0119 do Twojej przestrzeni, nasz niestandardowy baner t\u0142a jest lekki, przeno\u015bny i \u0142atwy w transporcie. Niezale\u017cnie od tego, czy jest u\u017cywany wewn\u0105trz, czy na zewn\u0105trz, zachowuje \u017cywe kolory i wyra\u017ane obrazy. Zr\u00f3b profesjonalne wra\u017cenie i podnie\u015b poziom swojego marketingu dzi\u0119ki rozwi\u0105zaniu t\u0142a, kt\u00f3re jest zar\u00f3wno praktyczne, jak i efektowne wizualnie. Zmie\u0144 swoj\u0105 wizj\u0119 w rzeczywisto\u015b\u0107 dzi\u0119ki naszemu niestandardowemu banerowi t\u0142a z rzepem ju\u017c dzi\u015b!<\/p>\n<div style=\"width: 1290px;\" class=\"wp-video\"><!--[if lt IE 9]><script>document.createElement('video');<\/script><![endif]--><br \/>\n<video class=\"wp-video-shortcode\" id=\"video-2767-1\" width=\"1290\" height=\"726\" loop autoplay preload=\"auto\" controls=\"controls\"><source type=\"video\/mp4\" src=\"http:\/\/cmykprinted.com\/wp-content\/uploads\/2022\/12\/vinyl-PVC-banners.mp4?_=1\" \/><a href=\"http:\/\/cmykprinted.com\/wp-content\/uploads\/2022\/12\/vinyl-PVC-banners.mp4\">http:\/\/cmykprinted.com\/wp-content\/uploads\/2022\/12\/vinyl-PVC-banners.mp4<\/a><\/video><\/div>\n<p>&nbsp;<\/p>","protected":false},"featured_media":2772,"template":"","meta":{"_kad_post_transparent":"default","_kad_post_title":"hide","_kad_post_layout":"fullwidth","_kad_post_sidebar_id":"","_kad_post_content_style":"unboxed","_kad_post_vertical_padding":"hide","_kad_post_feature":"hide","_kad_post_feature_position":"","_kad_post_header":false,"_kad_post_footer":false},"product_cat":[85,90,91,89],"product_tag":[637,638],"class_list":{"0":"post-2767","1":"product","2":"type-product","3":"status-publish","4":"has-post-thumbnail","6":"product_cat-outdoor-vinyl-banners","7":"product_cat-glossy-pvc-banners","8":"product_cat-matte-vinyl-banners","9":"product_cat-pvc-banners","10":"product_tag-banner-with-velcro","11":"product_tag-custom-backdrop-banner","13":"first","14":"instock","15":"shipping-taxable","16":"product-type-simple","17":"entry","18":"content-bg","19":"loop-entry"},"_links":{"self":[{"href":"https:\/\/cmykprinted.com\/pl\/wp-json\/wp\/v2\/product\/2767","targetHints":{"allow":["GET"]}}],"collection":[{"href":"https:\/\/cmykprinted.com\/pl\/wp-json\/wp\/v2\/product"}],"about":[{"href":"https:\/\/cmykprinted.com\/pl\/wp-json\/wp\/v2\/types\/product"}],"version-history":[{"count":1,"href":"https:\/\/cmykprinted.com\/pl\/wp-json\/wp\/v2\/product\/2767\/revisions"}],"predecessor-version":[{"id":2775,"href":"https:\/\/cmykprinted.com\/pl\/wp-json\/wp\/v2\/product\/2767\/revisions\/2775"}],"wp:featuredmedia":[{"embeddable":true,"href":"https:\/\/cmykprinted.com\/pl\/wp-json\/wp\/v2\/media\/2772"}],"wp:attachment":[{"href":"https:\/\/cmykprinted.com\/pl\/wp-json\/wp\/v2\/media?parent=2767"}],"wp:term":[{"taxonomy":"product_cat","embeddable":true,"href":"https:\/\/cmykprinted.com\/pl\/wp-json\/wp\/v2\/product_cat?post=2767"},{"taxonomy":"product_tag","embeddable":true,"href":"https:\/\/cmykprinted.com\/pl\/wp-json\/wp\/v2\/product_tag?post=2767"}],"curies":[{"name":"wp","href":"https:\/\/api.w.org\/{rel}","templated":true}]}}