{"id":2790,"date":"2025-07-07T09:16:58","date_gmt":"2025-07-07T09:16:58","guid":{"rendered":"https:\/\/cmykprinted.com\/?post_type=product&#038;p=2790"},"modified":"2025-07-08T00:21:16","modified_gmt":"2025-07-08T00:21:16","slug":"double-sided-vinyl-banners","status":"publish","type":"product","link":"https:\/\/cmykprinted.com\/pl\/produkt\/dwustronne-banery-winylowe\/","title":{"rendered":"18 oz. Dwustronne banery winylowe w cenie 11 USD"},"content":{"rendered":"","protected":false},"excerpt":{"rendered":"<p>W dynamicznym \u015bwiecie marketingu i promocji najwa\u017cniejsze jest odwa\u017cne o\u015bwiadczenie i przyci\u0105gni\u0119cie uwagi. Przedstawiamy nasze 18-uncjowe dwustronne banery winylowe \u2013 najlepsze rozwi\u0105zanie dla firm, wydarze\u0144 i os\u00f3b, kt\u00f3re chc\u0105 pozostawi\u0107 niezatarty \u015blad.<\/p>\n<p>Wykonane z precyzj\u0105 i zaprojektowane z my\u015bl\u0105 o doskona\u0142o\u015bci, te banery to nie tylko kawa\u0142ki winylu; to pot\u0119\u017cne narz\u0119dzia zaprojektowane, aby wznie\u015b\u0107 Tw\u00f3j przekaz na nowy poziom.<\/p>\n<p>Podstaw\u0105 naszych 18-uncjowych dwustronnych baner\u00f3w winylowych jest wyj\u0105tkowy poziom trwa\u0142o\u015bci. Wykonane z wysokiej jako\u015bci, wytrzyma\u0142ego materia\u0142u winylowego, banery te s\u0105 zbudowane tak, aby wytrzyma\u0107 najtrudniejsze warunki. Niezale\u017cnie od tego, czy jest to pal\u0105ce s\u0142o\u0144ce, ulewny deszcz, silny wiatr czy mro\u017ane temperatury, nasze banery pozostaj\u0105 nienaruszone i \u017cywe. Waga 18 uncji zapewnia solidn\u0105 i wytrzyma\u0142\u0105 konstrukcj\u0119, gwarantuj\u0105c, \u017ce baner nie rozerwie si\u0119, nie strz\u0119pi ani nie wyblaknie \u0142atwo.<\/p>\n<p>Ta trwa\u0142o\u015b\u0107 sprawia, \u017ce \u200b\u200bs\u0105 idealne zar\u00f3wno do kr\u00f3tkoterminowego, jak i d\u0142ugoterminowego u\u017cytku na zewn\u0105trz. Na przyk\u0142ad, je\u015bli promujesz sezonow\u0105 wyprzeda\u017c poza witryn\u0105 sklepow\u0105, baner zachowa swoj\u0105 integralno\u015b\u0107 przez ca\u0142\u0105 kampani\u0119. Albo, je\u015bli u\u017cywasz go do oznaczenia lokalizacji wydarzenia na du\u017c\u0105 skal\u0119 przez kilka dni, mo\u017cesz by\u0107 pewien, \u017ce nadal b\u0119dzie wygl\u0105da\u0142 \u015bwietnie i wyra\u017anie przeka\u017ce Twoj\u0105 wiadomo\u015b\u0107.\u200b<\/p>\n<p>Dwustronna natura tych baner\u00f3w podwaja si\u0142\u0119 oddzia\u0142ywania. Niezale\u017cnie od tego, z kt\u00f3rej strony nadchodzi Twoja publiczno\u015b\u0107, zostanie ona powitana jasnym i przekonuj\u0105cym przekazem. Jest to szczeg\u00f3lnie korzystne w miejscach o du\u017cym nat\u0119\u017ceniu ruchu, takich jak ruchliwe ulice, skrzy\u017cowania lub du\u017ce otwarte przestrzenie na festiwalach i targach.<\/p>\n<p>Maksymalizuje widoczno\u015b\u0107 Twojej marki, produktu lub wydarzenia, gwarantuj\u0105c, \u017ce Twoje inwestycje marketingowe b\u0119d\u0105 bardziej efektywne.<\/p>\n<figure id=\"attachment_2785\" aria-describedby=\"caption-attachment-2785\" style=\"width: 1000px\" class=\"wp-caption alignnone\"><img fetchpriority=\"high\" decoding=\"async\" class=\"size-full wp-image-2785\" src=\"https:\/\/cmykprinted.com\/wp-content\/uploads\/2025\/07\/Street-Light-Pole-Banner.jpg\" alt=\" Dwustronne banery winylowe\" width=\"1000\" height=\"560\" srcset=\"https:\/\/cmykprinted.com\/wp-content\/uploads\/2025\/07\/Street-Light-Pole-Banner.jpg 1000w, https:\/\/cmykprinted.com\/wp-content\/uploads\/2025\/07\/Street-Light-Pole-Banner-300x168.jpg 300w, https:\/\/cmykprinted.com\/wp-content\/uploads\/2025\/07\/Street-Light-Pole-Banner-768x430.jpg 768w, https:\/\/cmykprinted.com\/wp-content\/uploads\/2025\/07\/Street-Light-Pole-Banner-18x10.jpg 18w, https:\/\/cmykprinted.com\/wp-content\/uploads\/2025\/07\/Street-Light-Pole-Banner-600x336.jpg 600w\" sizes=\"(max-width: 1000px) 100vw, 1000px\" \/><figcaption id=\"caption-attachment-2785\" class=\"wp-caption-text\">Dwustronne banery winylowe<\/figcaption><\/figure>","protected":false},"featured_media":2792,"template":"","meta":{"_kad_post_transparent":"default","_kad_post_title":"hide","_kad_post_layout":"fullwidth","_kad_post_sidebar_id":"","_kad_post_content_style":"unboxed","_kad_post_vertical_padding":"hide","_kad_post_feature":"hide","_kad_post_feature_position":"","_kad_post_header":false,"_kad_post_footer":false},"product_cat":[85,90,91,89],"product_tag":[644,645,643],"class_list":{"0":"post-2790","1":"product","2":"type-product","3":"status-publish","4":"has-post-thumbnail","6":"product_cat-outdoor-vinyl-banners","7":"product_cat-glossy-pvc-banners","8":"product_cat-matte-vinyl-banners","9":"product_cat-pvc-banners","10":"product_tag-18-oz-vinyl-banners","11":"product_tag-double-sided-banners","12":"product_tag-double-sided-vinyl-banners","14":"first","15":"instock","16":"shipping-taxable","17":"product-type-simple","18":"entry","19":"content-bg","20":"loop-entry"},"_links":{"self":[{"href":"https:\/\/cmykprinted.com\/pl\/wp-json\/wp\/v2\/product\/2790","targetHints":{"allow":["GET"]}}],"collection":[{"href":"https:\/\/cmykprinted.com\/pl\/wp-json\/wp\/v2\/product"}],"about":[{"href":"https:\/\/cmykprinted.com\/pl\/wp-json\/wp\/v2\/types\/product"}],"version-history":[{"count":1,"href":"https:\/\/cmykprinted.com\/pl\/wp-json\/wp\/v2\/product\/2790\/revisions"}],"predecessor-version":[{"id":2796,"href":"https:\/\/cmykprinted.com\/pl\/wp-json\/wp\/v2\/product\/2790\/revisions\/2796"}],"wp:featuredmedia":[{"embeddable":true,"href":"https:\/\/cmykprinted.com\/pl\/wp-json\/wp\/v2\/media\/2792"}],"wp:attachment":[{"href":"https:\/\/cmykprinted.com\/pl\/wp-json\/wp\/v2\/media?parent=2790"}],"wp:term":[{"taxonomy":"product_cat","embeddable":true,"href":"https:\/\/cmykprinted.com\/pl\/wp-json\/wp\/v2\/product_cat?post=2790"},{"taxonomy":"product_tag","embeddable":true,"href":"https:\/\/cmykprinted.com\/pl\/wp-json\/wp\/v2\/product_tag?post=2790"}],"curies":[{"name":"wp","href":"https:\/\/api.w.org\/{rel}","templated":true}]}}