{"id":2799,"date":"2025-07-08T08:16:30","date_gmt":"2025-07-08T08:16:30","guid":{"rendered":"https:\/\/cmykprinted.com\/?post_type=product&#038;p=2799"},"modified":"2025-07-08T08:16:30","modified_gmt":"2025-07-08T08:16:30","slug":"custom-fabric-banners","status":"publish","type":"product","link":"https:\/\/cmykprinted.com\/pl\/produkt\/banery-z-tkaniny-na-zamowienie\/","title":{"rendered":"Niestandardowe banery materia\u0142owe na targi\/sport\/wydarzenia z 20% rabatem"},"content":{"rendered":"","protected":false},"excerpt":{"rendered":"<p>Zr\u00f3b wra\u017cenie na targach, imprezach sportowych lub innych specjalnych okazjach dzi\u0119ki naszym ekskluzywnym banerom z tkaniny na zam\u00f3wienie. Wykonane z wysokiej jako\u015bci, trwa\u0142ych materia\u0142\u00f3w, banery te oferuj\u0105 \u017cyw\u0105, wyrazist\u0105 grafik\u0119, kt\u00f3ra przyci\u0105ga wzrok i podkre\u015bla rozpoznawalno\u015b\u0107 Twojej marki. Lekkie, a jednocze\u015bnie wytrzyma\u0142e, s\u0105 \u0142atwe w transporcie, monta\u017cu i ponownym u\u017cyciu, oszcz\u0119dzaj\u0105c Tw\u00f3j czas i pieni\u0105dze.<\/p>\n<p>Niezale\u017cnie od tego, czy prezentujesz swoj\u0105 firm\u0119 na wystawie, kibicujesz dru\u017cynie, czy tworzysz efektown\u0105 opraw\u0119 wydarzenia, nasze banery materia\u0142owe oferuj\u0105 wszechstronne rozwi\u0105zania dopasowane do Twoich unikalnych potrzeb. Ciesz si\u0119 \u017cywymi kolorami dzi\u0119ki zaawansowanemu drukowi sublimacyjnemu, kt\u00f3ry gwarantuje, \u017ce Tw\u00f3j przekaz pozostanie wyrazisty i profesjonalny.<\/p>\n<p>Nie przegap naszej oferty ograniczonej czasowo: Zyskaj 20% zni\u017cki na spersonalizowane banery materia\u0142owe ju\u017c dzi\u015b i spraw, by Twoja marka \u015bwieci\u0142a ja\u015bniej ni\u017c kiedykolwiek. Skontaktuj si\u0119 z nami ju\u017c teraz, aby podnie\u015b\u0107 poziom swojej ekspozycji i wyr\u00f3\u017cni\u0107 si\u0119 na tle konkurencji!<\/p>\n<div style=\"width: 854px;\" class=\"wp-video\"><!--[if lt IE 9]><script>document.createElement('video');<\/script><![endif]--><br \/>\n<video class=\"wp-video-shortcode\" id=\"video-2799-1\" width=\"854\" height=\"480\" preload=\"metadata\" controls=\"controls\"><source type=\"video\/mp4\" src=\"https:\/\/cmykprinted.com\/wp-content\/uploads\/2025\/06\/Large-Flag-Banner-for-Football-Events.mp4?_=1\" \/><a href=\"https:\/\/cmykprinted.com\/wp-content\/uploads\/2025\/06\/Large-Flag-Banner-for-Football-Events.mp4\">https:\/\/cmykprinted.com\/wp-content\/uploads\/2025\/06\/Large-Flag-Banner-for-Football-Events.mp4<\/a><\/video><\/div>","protected":false},"featured_media":2807,"template":"","meta":{"_kad_post_transparent":"default","_kad_post_title":"hide","_kad_post_layout":"fullwidth","_kad_post_sidebar_id":"","_kad_post_content_style":"unboxed","_kad_post_vertical_padding":"hide","_kad_post_feature":"hide","_kad_post_feature_position":"","_kad_post_header":false,"_kad_post_footer":false},"product_cat":[79],"product_tag":[646,408,648,647],"class_list":{"0":"post-2799","1":"product","2":"type-product","3":"status-publish","4":"has-post-thumbnail","6":"product_cat-custom-flags","7":"product_tag-custom-fabric-banners","8":"product_tag-fabric-banners","9":"product_tag-fabric-banners-for-events","10":"product_tag-fabric-banners-for-trade-show","12":"first","13":"instock","14":"shipping-taxable","15":"product-type-simple","16":"entry","17":"content-bg","18":"loop-entry"},"_links":{"self":[{"href":"https:\/\/cmykprinted.com\/pl\/wp-json\/wp\/v2\/product\/2799","targetHints":{"allow":["GET"]}}],"collection":[{"href":"https:\/\/cmykprinted.com\/pl\/wp-json\/wp\/v2\/product"}],"about":[{"href":"https:\/\/cmykprinted.com\/pl\/wp-json\/wp\/v2\/types\/product"}],"version-history":[{"count":1,"href":"https:\/\/cmykprinted.com\/pl\/wp-json\/wp\/v2\/product\/2799\/revisions"}],"predecessor-version":[{"id":2808,"href":"https:\/\/cmykprinted.com\/pl\/wp-json\/wp\/v2\/product\/2799\/revisions\/2808"}],"wp:featuredmedia":[{"embeddable":true,"href":"https:\/\/cmykprinted.com\/pl\/wp-json\/wp\/v2\/media\/2807"}],"wp:attachment":[{"href":"https:\/\/cmykprinted.com\/pl\/wp-json\/wp\/v2\/media?parent=2799"}],"wp:term":[{"taxonomy":"product_cat","embeddable":true,"href":"https:\/\/cmykprinted.com\/pl\/wp-json\/wp\/v2\/product_cat?post=2799"},{"taxonomy":"product_tag","embeddable":true,"href":"https:\/\/cmykprinted.com\/pl\/wp-json\/wp\/v2\/product_tag?post=2799"}],"curies":[{"name":"wp","href":"https:\/\/api.w.org\/{rel}","templated":true}]}}