{"id":2810,"date":"2025-07-10T09:30:52","date_gmt":"2025-07-10T09:30:52","guid":{"rendered":"https:\/\/cmykprinted.com\/?post_type=product&#038;p=2810"},"modified":"2025-07-10T09:30:52","modified_gmt":"2025-07-10T09:30:52","slug":"breakaway-banner-for-football","status":"publish","type":"product","link":"https:\/\/cmykprinted.com\/pl\/produkt\/baner-przebiciowy-do-pilki-noznej-2\/","title":{"rendered":"Baner zrywalny na pi\u0142k\u0119 no\u017cn\u0105 w konkurencyjnej cenie"},"content":{"rendered":"","protected":false},"excerpt":{"rendered":"<p>Chcesz wnie\u015b\u0107 niezr\u00f3wnane emocje i ducha zespo\u0142owego do swoich mecz\u00f3w pi\u0142karskich, nie nadwyr\u0119\u017caj\u0105c bud\u017cetu? Nasz baner Breakaway for Football to idealne rozwi\u0105zanie w konkurencyjnej cenie. Zaprojektowane z my\u015bl\u0105 o efektownych wej\u015bciach zawodnik\u00f3w, te banery tworz\u0105 ekscytuj\u0105ce widowisko, kt\u00f3re doda energii zar\u00f3wno sportowcom, jak i kibicom.<\/p>\n<p>Stw\u00f3rz niesamowite chwile w dniu meczu<\/p>\n<p>Nasze banery pi\u0142karskie typu \u201ebreakaway\u201d s\u0105 wykonane z wysokiej jako\u015bci, trwa\u0142ego materia\u0142u, kt\u00f3ry wytrzyma wielokrotne u\u017cytkowanie, mecz po meczu. Baner sk\u0142ada si\u0119 z dw\u00f3ch paneli, kt\u00f3re mocuje si\u0119 za pomoc\u0105 rzep\u00f3w, umo\u017cliwiaj\u0105c zawodnikom przedarcie si\u0119 przez \u015brodek i efektowne wej\u015bcie na boisko. To niezapomniany spos\u00f3b na okazanie dumy z dru\u017cyny i rozbudzenie entuzjazmu w\u015br\u00f3d kibic\u00f3w.<\/p>\n<p>\u0141atwy w konfiguracji i ponownym u\u017cyciu<\/p>\n<p>Ka\u017cdy sk\u0142adany baner pi\u0142karski posiada kieszenie po obu stronach, w kt\u00f3rych mo\u017cna umie\u015bci\u0107 s\u0142upki. S\u0142upki mo\u017cna zakotwiczy\u0107 w pod\u0142o\u017cu dla zapewnienia stabilno\u015bci, a liny trzymane przez cheerleaderki lub personel zabezpieczaj\u0105 g\u00f3rn\u0105 cz\u0119\u015b\u0107. Monta\u017c jest szybki i prosty, dzi\u0119ki czemu b\u0119dziesz gotowy do rozpocz\u0119cia meczu w kilka minut. Po meczu wystarczy ponownie przymocowa\u0107 panele i zwin\u0105\u0107 baner, aby zaoszcz\u0119dzi\u0107 miejsce podczas przechowywania.<\/p>\n<p>\u017bywe, niestandardowe nadruki<\/p>\n<p>Oferujemy pe\u0142nokolorowy druk w wysokiej rozdzielczo\u015bci, dzi\u0119ki czemu mo\u017cesz spersonalizowa\u0107 sw\u00f3j baner, umieszczaj\u0105c na nim logo dru\u017cyny, nazwy szk\u00f3\u0142, maskotki, has\u0142a lub grafik\u0119 sponsora. \u017bywe nadruki pozostaj\u0105 jasne i przyci\u0105gaj\u0105 wzrok nawet po wielokrotnym u\u017cyciu, pomagaj\u0105c Twojej dru\u017cynie wyr\u00f3\u017cni\u0107 si\u0119 na boisku.<\/p>\n<div style=\"width: 960px;\" class=\"wp-video\"><!--[if lt IE 9]><script>document.createElement('video');<\/script><![endif]--><br \/>\n<video class=\"wp-video-shortcode\" id=\"video-2810-1\" width=\"960\" height=\"540\" preload=\"metadata\" controls=\"controls\"><source type=\"video\/mp4\" src=\"https:\/\/cmykprinted.com\/wp-content\/uploads\/2025\/07\/Breakaway-Banners.mp4?_=1\" \/><a href=\"https:\/\/cmykprinted.com\/wp-content\/uploads\/2025\/07\/Breakaway-Banners.mp4\">https:\/\/cmykprinted.com\/wp-content\/uploads\/2025\/07\/Breakaway-Banners.mp4<\/a><\/video><\/div>","protected":false},"featured_media":2816,"template":"","meta":{"_kad_post_transparent":"default","_kad_post_title":"hide","_kad_post_layout":"fullwidth","_kad_post_sidebar_id":"","_kad_post_content_style":"unboxed","_kad_post_vertical_padding":"hide","_kad_post_feature":"hide","_kad_post_feature_position":"","_kad_post_header":false,"_kad_post_footer":false},"product_cat":[79],"product_tag":[650,649],"class_list":{"0":"post-2810","1":"product","2":"type-product","3":"status-publish","4":"has-post-thumbnail","6":"product_cat-custom-flags","7":"product_tag-breakaway-banner","8":"product_tag-breakaway-banner-for-football","10":"first","11":"instock","12":"shipping-taxable","13":"product-type-simple","14":"entry","15":"content-bg","16":"loop-entry"},"_links":{"self":[{"href":"https:\/\/cmykprinted.com\/pl\/wp-json\/wp\/v2\/product\/2810","targetHints":{"allow":["GET"]}}],"collection":[{"href":"https:\/\/cmykprinted.com\/pl\/wp-json\/wp\/v2\/product"}],"about":[{"href":"https:\/\/cmykprinted.com\/pl\/wp-json\/wp\/v2\/types\/product"}],"version-history":[{"count":1,"href":"https:\/\/cmykprinted.com\/pl\/wp-json\/wp\/v2\/product\/2810\/revisions"}],"predecessor-version":[{"id":2820,"href":"https:\/\/cmykprinted.com\/pl\/wp-json\/wp\/v2\/product\/2810\/revisions\/2820"}],"wp:featuredmedia":[{"embeddable":true,"href":"https:\/\/cmykprinted.com\/pl\/wp-json\/wp\/v2\/media\/2816"}],"wp:attachment":[{"href":"https:\/\/cmykprinted.com\/pl\/wp-json\/wp\/v2\/media?parent=2810"}],"wp:term":[{"taxonomy":"product_cat","embeddable":true,"href":"https:\/\/cmykprinted.com\/pl\/wp-json\/wp\/v2\/product_cat?post=2810"},{"taxonomy":"product_tag","embeddable":true,"href":"https:\/\/cmykprinted.com\/pl\/wp-json\/wp\/v2\/product_tag?post=2810"}],"curies":[{"name":"wp","href":"https:\/\/api.w.org\/{rel}","templated":true}]}}