{"id":2821,"date":"2025-07-16T07:13:11","date_gmt":"2025-07-16T07:13:11","guid":{"rendered":"https:\/\/cmykprinted.com\/?post_type=product&#038;p=2821"},"modified":"2025-07-16T07:13:11","modified_gmt":"2025-07-16T07:13:11","slug":"branded-backdrops","status":"publish","type":"product","link":"https:\/\/cmykprinted.com\/pl\/produkt\/markowe-tla\/","title":{"rendered":"Tanie, spersonalizowane t\u0142a z logo na imprezy sportowe"},"content":{"rendered":"","protected":false},"excerpt":{"rendered":"<p>Personalizowane t\u0142a reklamowe na imprezy sportowe to idealne rozwi\u0105zanie, aby zwi\u0119kszy\u0107 widoczno\u015b\u0107 marki i stworzy\u0107 profesjonaln\u0105 atmosfer\u0119 na ka\u017cdym obiekcie sportowym. Zaprojektowane z wysokiej jako\u015bci materia\u0142u i wykonane w technologii pe\u0142nokolorowego druku sublimacyjnego, te t\u0142a prezentuj\u0105 logo, sponsor\u00f3w, nazwy dru\u017cyn i komunikaty promocyjne z niezwyk\u0142\u0105 wyrazisto\u015bci\u0105.<\/p>\n<p>Niezale\u017cnie od tego, czy s\u0105 stosowane za podium, w strefach konferencji prasowych, strefach fotograficznych czy przy wej\u015bciach, pomagaj\u0105 przyci\u0105gn\u0105\u0107 uwag\u0119 i zapewniaj\u0105 idealne, przyjazne dla medi\u00f3w otoczenie.<\/p>\n<p>Nasze t\u0142a s\u0105 dost\u0119pne w r\u00f3\u017cnych rozmiarach i mog\u0105 zosta\u0107 dopasowane do indywidualnych potrzeb wydarzenia. Lekkie, przeno\u015bne i \u0142atwe w monta\u017cu, wyposa\u017cone s\u0105 w aluminiowe ramy lub systemy napinanej tkaniny, co zapewnia szybki monta\u017c i wyko\u0144czenie bez zagniece\u0144. Idealne zar\u00f3wno na imprezy sportowe w pomieszczeniach, jak i na \u015bwie\u017cym powietrzu, te niestandardowe t\u0142a s\u0105 trwa\u0142e i nadaj\u0105 si\u0119 do wielokrotnego u\u017cytku.<\/p>\n<p>Zwi\u0119ksz widoczno\u015b\u0107 swojej marki i stw\u00f3rz sp\u00f3jn\u0105 identyfikacj\u0119 wizualn\u0105 dzi\u0119ki naszym niestandardowym t\u0142om na wydarzenia sportowe.<\/p>\n<div style=\"width: 720px;\" class=\"wp-video\"><!--[if lt IE 9]><script>document.createElement('video');<\/script><![endif]--><br \/>\n<video class=\"wp-video-shortcode\" id=\"video-2821-1\" width=\"720\" height=\"1280\" preload=\"metadata\" controls=\"controls\"><source type=\"video\/mp4\" src=\"https:\/\/cmykprinted.com\/wp-content\/uploads\/2025\/07\/Branded-Backdrops.mp4?_=1\" \/><a href=\"https:\/\/cmykprinted.com\/wp-content\/uploads\/2025\/07\/Branded-Backdrops.mp4\">https:\/\/cmykprinted.com\/wp-content\/uploads\/2025\/07\/Branded-Backdrops.mp4<\/a><\/video><\/div>","protected":false},"featured_media":2825,"template":"","meta":{"_kad_post_transparent":"default","_kad_post_title":"hide","_kad_post_layout":"fullwidth","_kad_post_sidebar_id":"","_kad_post_content_style":"unboxed","_kad_post_vertical_padding":"hide","_kad_post_feature":"hide","_kad_post_feature_position":"","_kad_post_header":false,"_kad_post_footer":false},"product_cat":[97,100],"product_tag":[651,653,654,652],"class_list":{"0":"post-2821","1":"product","2":"type-product","3":"status-publish","4":"has-post-thumbnail","6":"product_cat-tension-fabric-displays","7":"product_cat-straight-tension-fabric-backdrop","8":"product_tag-branded-backdrops","9":"product_tag-branded-backdrops-for-sports-event","10":"product_tag-cheap-custom-branded-backdrops","11":"product_tag-custom-branded-backdrops","13":"first","14":"instock","15":"shipping-taxable","16":"product-type-simple","17":"entry","18":"content-bg","19":"loop-entry"},"_links":{"self":[{"href":"https:\/\/cmykprinted.com\/pl\/wp-json\/wp\/v2\/product\/2821","targetHints":{"allow":["GET"]}}],"collection":[{"href":"https:\/\/cmykprinted.com\/pl\/wp-json\/wp\/v2\/product"}],"about":[{"href":"https:\/\/cmykprinted.com\/pl\/wp-json\/wp\/v2\/types\/product"}],"version-history":[{"count":2,"href":"https:\/\/cmykprinted.com\/pl\/wp-json\/wp\/v2\/product\/2821\/revisions"}],"predecessor-version":[{"id":2829,"href":"https:\/\/cmykprinted.com\/pl\/wp-json\/wp\/v2\/product\/2821\/revisions\/2829"}],"wp:featuredmedia":[{"embeddable":true,"href":"https:\/\/cmykprinted.com\/pl\/wp-json\/wp\/v2\/media\/2825"}],"wp:attachment":[{"href":"https:\/\/cmykprinted.com\/pl\/wp-json\/wp\/v2\/media?parent=2821"}],"wp:term":[{"taxonomy":"product_cat","embeddable":true,"href":"https:\/\/cmykprinted.com\/pl\/wp-json\/wp\/v2\/product_cat?post=2821"},{"taxonomy":"product_tag","embeddable":true,"href":"https:\/\/cmykprinted.com\/pl\/wp-json\/wp\/v2\/product_tag?post=2821"}],"curies":[{"name":"wp","href":"https:\/\/api.w.org\/{rel}","templated":true}]}}