{"id":2856,"date":"2025-10-17T08:07:33","date_gmt":"2025-10-17T08:07:33","guid":{"rendered":"https:\/\/cmykprinted.com\/?post_type=product&#038;p=2856"},"modified":"2025-10-17T08:07:33","modified_gmt":"2025-10-17T08:07:33","slug":"ez-tube-display","status":"publish","type":"product","link":"https:\/\/cmykprinted.com\/pl\/produkt\/ez-rura-wyswietlacz\/","title":{"rendered":"Tani niestandardowy baner reklamowy EZ Tube z prostym napr\u0119\u017ceniem, t\u0142o z tkaniny"},"content":{"rendered":"","protected":false},"excerpt":{"rendered":"<p>Je\u015bli chodzi o profesjonaln\u0105, przyci\u0105gaj\u0105c\u0105 wzrok i efektywn\u0105 prezentacj\u0119 marki, nic nie dor\u00f3wna EZ Tube Display. Zaprojektowany z my\u015bl\u0105 o eleganckim stylu i \u0142atwym monta\u017cu, ten przeno\u015bny system ekspozycyjny jest ulubionym wyborem wystawc\u00f3w, organizator\u00f3w event\u00f3w i specjalist\u00f3w ds. marketingu, kt\u00f3rzy ceni\u0105 sobie wygod\u0119 i efektowno\u015b\u0107. Niezale\u017cnie od tego, czy chodzi o targi bran\u017cowe, premiery produkt\u00f3w, wystawy, czy eventy firmowe, EZ Tube Display nadaje Twojej marce elegancki, ekskluzywny wygl\u0105d, kt\u00f3ry natychmiast przyci\u0105ga uwag\u0119.<\/p>\n<p>W dzisiejszym konkurencyjnym otoczeniu marketingowym, EZ Tube Display wyr\u00f3\u017cnia si\u0119 jako wszechstronne, trwa\u0142e i zachwycaj\u0105ce wizualnie rozwi\u0105zanie dla firm, kt\u00f3re chc\u0105 zrobi\u0107 trwa\u0142e wra\u017cenie. Dzi\u0119ki beznarz\u0119dziowej instalacji, \u017cywej jako\u015bci druku i konstrukcji wielokrotnego u\u017cytku, oferuje niezr\u00f3wnan\u0105 warto\u015b\u0107 i wygod\u0119 w profesjonalnym marketingu eventowym. Uatrakcyjnij swoje kolejne targi lub wydarzenie promocyjne dzi\u0119ki EZ Tube Display \u2013 gdzie prostota \u0142\u0105czy si\u0119 z wyrafinowaniem, a Twoja marka zajmuje centralne miejsce.<\/p>\n<div style=\"width: 720px;\" class=\"wp-video\"><!--[if lt IE 9]><script>document.createElement('video');<\/script><![endif]--><br \/>\n<video class=\"wp-video-shortcode\" id=\"video-2856-1\" width=\"720\" height=\"1280\" preload=\"metadata\" controls=\"controls\"><source type=\"video\/mp4\" src=\"https:\/\/cmykprinted.com\/wp-content\/uploads\/2025\/07\/Branded-Backdrops.mp4?_=1\" \/><a href=\"https:\/\/cmykprinted.com\/wp-content\/uploads\/2025\/07\/Branded-Backdrops.mp4\">https:\/\/cmykprinted.com\/wp-content\/uploads\/2025\/07\/Branded-Backdrops.mp4<\/a><\/video><\/div>","protected":false},"featured_media":2857,"template":"","meta":{"_kad_post_transparent":"default","_kad_post_title":"hide","_kad_post_layout":"fullwidth","_kad_post_sidebar_id":"","_kad_post_content_style":"unboxed","_kad_post_vertical_padding":"hide","_kad_post_feature":"hide","_kad_post_feature_position":"","_kad_post_header":false,"_kad_post_footer":false},"product_cat":[97,100],"product_tag":[664,662,663,197],"class_list":{"0":"post-2856","1":"product","2":"type-product","3":"status-publish","4":"has-post-thumbnail","6":"product_cat-tension-fabric-displays","7":"product_cat-straight-tension-fabric-backdrop","8":"product_tag-custom-straight-tension-fabric-backdrop","9":"product_tag-ez-tube-display","10":"product_tag-ez-tube-display-banner","11":"product_tag-tension-fabric-backdrop","13":"first","14":"instock","15":"shipping-taxable","16":"product-type-simple","17":"entry","18":"content-bg","19":"loop-entry"},"_links":{"self":[{"href":"https:\/\/cmykprinted.com\/pl\/wp-json\/wp\/v2\/product\/2856","targetHints":{"allow":["GET"]}}],"collection":[{"href":"https:\/\/cmykprinted.com\/pl\/wp-json\/wp\/v2\/product"}],"about":[{"href":"https:\/\/cmykprinted.com\/pl\/wp-json\/wp\/v2\/types\/product"}],"version-history":[{"count":1,"href":"https:\/\/cmykprinted.com\/pl\/wp-json\/wp\/v2\/product\/2856\/revisions"}],"predecessor-version":[{"id":2863,"href":"https:\/\/cmykprinted.com\/pl\/wp-json\/wp\/v2\/product\/2856\/revisions\/2863"}],"wp:featuredmedia":[{"embeddable":true,"href":"https:\/\/cmykprinted.com\/pl\/wp-json\/wp\/v2\/media\/2857"}],"wp:attachment":[{"href":"https:\/\/cmykprinted.com\/pl\/wp-json\/wp\/v2\/media?parent=2856"}],"wp:term":[{"taxonomy":"product_cat","embeddable":true,"href":"https:\/\/cmykprinted.com\/pl\/wp-json\/wp\/v2\/product_cat?post=2856"},{"taxonomy":"product_tag","embeddable":true,"href":"https:\/\/cmykprinted.com\/pl\/wp-json\/wp\/v2\/product_tag?post=2856"}],"curies":[{"name":"wp","href":"https:\/\/api.w.org\/{rel}","templated":true}]}}