{"id":2866,"date":"2025-10-30T09:12:11","date_gmt":"2025-10-30T09:12:11","guid":{"rendered":"https:\/\/cmykprinted.com\/?post_type=product&#038;p=2866"},"modified":"2025-10-30T09:12:11","modified_gmt":"2025-10-30T09:12:11","slug":"collapsible-trade-show-displays","status":"publish","type":"product","link":"https:\/\/cmykprinted.com\/pl\/produkt\/skladane-stoiska-targowe\/","title":{"rendered":"Najwy\u017cszej jako\u015bci sk\u0142adane stoiska targowe z o\u015bwietleniem LED"},"content":{"rendered":"","protected":false},"excerpt":{"rendered":"<p>Zab\u0142y\u015bnij na ka\u017cdej wystawie dzi\u0119ki naszym najwy\u017cszej jako\u015bci sk\u0142adanym stoiskom targowym z o\u015bwietleniem LED \u2013 idealnemu po\u0142\u0105czeniu mobilno\u015bci, profesjonalizmu i efektu wizualnego. Zaprojektowane z my\u015bl\u0105 o nowoczesnych marketerach, kt\u00f3rzy potrzebuj\u0105 szybkiego monta\u017cu i natychmiastowego wyr\u00f3\u017cnienia, te stoiska posiadaj\u0105 lekkie aluminiowe ramy i wysokiej jako\u015bci grafik\u0119 z tkaniny napinanej, kt\u00f3ra zapewnia osza\u0142amiaj\u0105cy, pozbawiony zagniece\u0144 efekt wizualny.<\/p>\n<p>Dzi\u0119ki innowacyjnej, sk\u0142adanej konstrukcji, monta\u017c i demonta\u017c zajmuje zaledwie kilka minut \u2013 bez u\u017cycia narz\u0119dzi. Po z\u0142o\u017ceniu, trwa\u0142a rama stanowi solidny fundament, a zintegrowany system o\u015bwietlenia LED gwarantuje doskona\u0142e o\u015bwietlenie grafiki Twojej marki, przyci\u0105gaj\u0105c uwag\u0119 nawet w najbardziej zat\u0142oczonych miejscach targowych.<\/p>\n<p>Idealne na targi, wystawy, konferencje i promocje w sklepach detalicznych, te ekspozytory s\u0105 \u0142atwe w pakowaniu, transporcie i ponownym u\u017cyciu, co czyni je op\u0142acaln\u0105, d\u0142ugoterminow\u0105 inwestycj\u0105. Opcje druku na zam\u00f3wienie pozwalaj\u0105 zaprezentowa\u0107 kolory, logo i przekazy marketingowe Twojej firmy w \u017cywej, wysokiej rozdzielczo\u015bci.<\/p>\n<p>Niezale\u017cnie od tego, czy wprowadzasz nowy produkt, budujesz \u015bwiadomo\u015b\u0107 marki, czy anga\u017cujesz klient\u00f3w osobi\u015bcie, nasze sk\u0142adane stoiska targowe LED zapewniaj\u0105 maksymalny efekt przy minimalnym wysi\u0142ku. Zr\u00f3b wra\u017cenie na odbiorcach, zwi\u0119ksz rozpoznawalno\u015b\u0107 swojej marki i stw\u00f3rz profesjonaln\u0105 prezentacj\u0119, kt\u00f3ra naprawd\u0119 si\u0119 wyr\u00f3\u017cni \u2014 zawsze i wsz\u0119dzie.<\/p>\n<div style=\"width: 720px;\" class=\"wp-video\"><!--[if lt IE 9]><script>document.createElement('video');<\/script><![endif]--><br \/>\n<video class=\"wp-video-shortcode\" id=\"video-2866-1\" width=\"720\" height=\"1280\" preload=\"metadata\" controls=\"controls\"><source type=\"video\/mp4\" src=\"https:\/\/cmykprinted.com\/wp-content\/uploads\/2025\/10\/Collapsible-Trade-Show-Displays.mp4?_=1\" \/><a href=\"https:\/\/cmykprinted.com\/wp-content\/uploads\/2025\/10\/Collapsible-Trade-Show-Displays.mp4\">https:\/\/cmykprinted.com\/wp-content\/uploads\/2025\/10\/Collapsible-Trade-Show-Displays.mp4<\/a><\/video><\/div>","protected":false},"featured_media":2868,"template":"","meta":{"_kad_post_transparent":"default","_kad_post_title":"hide","_kad_post_layout":"fullwidth","_kad_post_sidebar_id":"","_kad_post_content_style":"unboxed","_kad_post_vertical_padding":"hide","_kad_post_feature":"hide","_kad_post_feature_position":"","_kad_post_header":false,"_kad_post_footer":false},"product_cat":[97,99],"product_tag":[665,667,668,666],"class_list":{"0":"post-2866","1":"product","2":"type-product","3":"status-publish","4":"has-post-thumbnail","6":"product_cat-tension-fabric-displays","7":"product_cat-custom-fabric-displays","8":"product_tag-collapsible-trade-show-displays","9":"product_tag-top-quality-collapsible-trade-show-displays","10":"product_tag-trade-show-displays","11":"product_tag-trade-show-displays-with-led-light","13":"first","14":"instock","15":"shipping-taxable","16":"product-type-simple","17":"entry","18":"content-bg","19":"loop-entry"},"_links":{"self":[{"href":"https:\/\/cmykprinted.com\/pl\/wp-json\/wp\/v2\/product\/2866","targetHints":{"allow":["GET"]}}],"collection":[{"href":"https:\/\/cmykprinted.com\/pl\/wp-json\/wp\/v2\/product"}],"about":[{"href":"https:\/\/cmykprinted.com\/pl\/wp-json\/wp\/v2\/types\/product"}],"version-history":[{"count":1,"href":"https:\/\/cmykprinted.com\/pl\/wp-json\/wp\/v2\/product\/2866\/revisions"}],"predecessor-version":[{"id":2875,"href":"https:\/\/cmykprinted.com\/pl\/wp-json\/wp\/v2\/product\/2866\/revisions\/2875"}],"wp:featuredmedia":[{"embeddable":true,"href":"https:\/\/cmykprinted.com\/pl\/wp-json\/wp\/v2\/media\/2868"}],"wp:attachment":[{"href":"https:\/\/cmykprinted.com\/pl\/wp-json\/wp\/v2\/media?parent=2866"}],"wp:term":[{"taxonomy":"product_cat","embeddable":true,"href":"https:\/\/cmykprinted.com\/pl\/wp-json\/wp\/v2\/product_cat?post=2866"},{"taxonomy":"product_tag","embeddable":true,"href":"https:\/\/cmykprinted.com\/pl\/wp-json\/wp\/v2\/product_tag?post=2866"}],"curies":[{"name":"wp","href":"https:\/\/api.w.org\/{rel}","templated":true}]}}