{"id":2891,"date":"2025-11-03T07:59:54","date_gmt":"2025-11-03T07:59:54","guid":{"rendered":"https:\/\/cmykprinted.com\/?post_type=product&#038;p=2891"},"modified":"2025-11-03T07:59:54","modified_gmt":"2025-11-03T07:59:54","slug":"printed-table-runners-trade-show","status":"publish","type":"product","link":"https:\/\/cmykprinted.com\/pl\/produkt\/drukowane-biezniki-na-stol-targi\/","title":{"rendered":"Bie\u017cniki sto\u0142owe z nadrukiem graficznym w pe\u0142nym kolorze i niskim MOQ na targach w najlepszej cenie"},"content":{"rendered":"<p>Spraw, by Twoje stoisko by\u0142o niezapomniane dzi\u0119ki naszej kolekcji bie\u017cnik\u00f3w na sto\u0142y z nadrukiem graficznym w pe\u0142nej gamie kolor\u00f3w i niskiej cenie minimalnej. Nasze drukowane bie\u017cniki na sto\u0142y, zaprojektowane z my\u015bl\u0105 o firmach ceni\u0105cych jako\u015b\u0107 i warto\u015b\u0107, zapewniaj\u0105 \u017cywe, wysokiej jako\u015bci grafiki, kt\u00f3re o\u017cywi\u0105 Twoj\u0105 mark\u0119. Niezale\u017cnie od tego, czy wybierasz si\u0119 na targi, konferencj\u0119 czy event firmowy, nasze drukowane bie\u017cniki na sto\u0142y zapewni\u0105, \u017ce Tw\u00f3j st\u00f3\u0142 b\u0119dzie wygl\u0105da\u0142 profesjonalnie i przyci\u0105ga\u0142 wzrok z ka\u017cdej strony.<\/p>\n<p>Wykorzystujemy najwy\u017cszej jako\u015bci, odporny na zagniecenia poliester i zaawansowany druk sublimacyjny, aby tworzy\u0107 drukowane bie\u017cniki na st\u00f3\u0142, kt\u00f3re idealnie eksponuj\u0105 Twoje logo, slogan i grafik\u0119 w zachwycaj\u0105cej, pe\u0142nej gamie kolor\u00f3w. Dzi\u0119ki niskim minimalnym ilo\u015bciom zam\u00f3wienia (MOQ) i bezkonkurencyjnym cenom bezpo\u015brednio od producenta, nawet ma\u0142e firmy mog\u0105 cieszy\u0107 si\u0119 indywidualnym brandingiem bez przep\u0142acania. Wybierz spo\u015br\u00f3d r\u00f3\u017cnych rozmiar\u00f3w i styl\u00f3w, aby idealnie dopasowa\u0107 je do ka\u017cdego sto\u0142u ekspozycyjnego.<\/p>\n<p>Szybka produkcja, niezawodna jako\u015b\u0107 i konkurencyjne ceny sprawiaj\u0105, \u017ce nasze drukowane bie\u017cniki na targi s\u0105 najlepszym wyborem, je\u015bli chcesz promowa\u0107 swoj\u0105 mark\u0119 w spos\u00f3b efektowny i stylowy.<\/p>\n<div style=\"width: 1280px;\" class=\"wp-video\"><!--[if lt IE 9]><script>document.createElement('video');<\/script><![endif]-->\n<video class=\"wp-video-shortcode\" id=\"video-2891-1\" width=\"1280\" height=\"720\" preload=\"metadata\" controls=\"controls\"><source type=\"video\/mp4\" src=\"https:\/\/cmykprinted.com\/wp-content\/uploads\/2025\/11\/Printed-Table-Runners-Trade-Show.mp4?_=1\" \/><a href=\"https:\/\/cmykprinted.com\/wp-content\/uploads\/2025\/11\/Printed-Table-Runners-Trade-Show.mp4\">https:\/\/cmykprinted.com\/wp-content\/uploads\/2025\/11\/Printed-Table-Runners-Trade-Show.mp4<\/a><\/video><\/div>","protected":false},"excerpt":{"rendered":"<p>Make your booth unforgettable with our Low MOQ Best Price Full Color Graphic Printed Table Runners Trade Show collection. Designed for businesses that want quality and value, our printed table covers trade show products deliver vibrant, high-definition graphics that bring your brand to life. Whether you\u2019re attending exhibitions, conferences, or corporate events, our printed table&#8230;<\/p>","protected":false},"featured_media":2895,"template":"","meta":{"_kad_post_transparent":"default","_kad_post_title":"hide","_kad_post_layout":"fullwidth","_kad_post_sidebar_id":"","_kad_post_content_style":"unboxed","_kad_post_vertical_padding":"hide","_kad_post_feature":"hide","_kad_post_feature_position":"","_kad_post_header":false,"_kad_post_footer":false},"product_cat":[80,81],"product_tag":[674,673],"class_list":{"0":"post-2891","1":"product","2":"type-product","3":"status-publish","4":"has-post-thumbnail","6":"product_cat-custom-tablecloth","7":"product_cat-custom-stretch-tablecloth","8":"product_tag-full-color-graphic-printed-table-runners","9":"product_tag-printed-table-runners-trade-show","11":"first","12":"instock","13":"shipping-taxable","14":"product-type-simple","15":"entry","16":"content-bg","17":"loop-entry"},"_links":{"self":[{"href":"https:\/\/cmykprinted.com\/pl\/wp-json\/wp\/v2\/product\/2891","targetHints":{"allow":["GET"]}}],"collection":[{"href":"https:\/\/cmykprinted.com\/pl\/wp-json\/wp\/v2\/product"}],"about":[{"href":"https:\/\/cmykprinted.com\/pl\/wp-json\/wp\/v2\/types\/product"}],"version-history":[{"count":1,"href":"https:\/\/cmykprinted.com\/pl\/wp-json\/wp\/v2\/product\/2891\/revisions"}],"predecessor-version":[{"id":2900,"href":"https:\/\/cmykprinted.com\/pl\/wp-json\/wp\/v2\/product\/2891\/revisions\/2900"}],"wp:featuredmedia":[{"embeddable":true,"href":"https:\/\/cmykprinted.com\/pl\/wp-json\/wp\/v2\/media\/2895"}],"wp:attachment":[{"href":"https:\/\/cmykprinted.com\/pl\/wp-json\/wp\/v2\/media?parent=2891"}],"wp:term":[{"taxonomy":"product_cat","embeddable":true,"href":"https:\/\/cmykprinted.com\/pl\/wp-json\/wp\/v2\/product_cat?post=2891"},{"taxonomy":"product_tag","embeddable":true,"href":"https:\/\/cmykprinted.com\/pl\/wp-json\/wp\/v2\/product_tag?post=2891"}],"curies":[{"name":"wp","href":"https:\/\/api.w.org\/{rel}","templated":true}]}}