{"id":393,"date":"2022-12-03T03:54:51","date_gmt":"2022-12-03T03:54:51","guid":{"rendered":"https:\/\/cmykprinted.com\/?post_type=product&#038;p=393"},"modified":"2022-12-09T09:14:36","modified_gmt":"2022-12-09T09:14:36","slug":"custom-printed-advertising-promotional-beach-feather-flag","status":"publish","type":"product","link":"https:\/\/cmykprinted.com\/pl\/produkt\/custom-printed-advertising-promotional-beach-feather-flag\/","title":{"rendered":"Niestandardowo drukowana reklama promocyjna flaga pla\u017cowa z pi\u00f3rami"},"content":{"rendered":"","protected":false},"excerpt":{"rendered":"<p>Chcesz wyr\u00f3\u017cni\u0107 si\u0119 na ruchliwej ulicy lub na zat\u0142oczonych imprezach targowych? Odwa\u017cne niestandardowe flagi to sprawdzony spos\u00f3b na zwr\u00f3cenie uwagi na nasz\u0105 dzia\u0142alno\u015b\u0107 na targu rolniczym, targach lub w food trucku. S\u0105 r\u00f3wnie\u017c skutecznym marketingiem o du\u017cej widoczno\u015bci \u2013 okazj\u0105 do tego, aby nazwa firmy, logo i kolory zosta\u0142y zauwa\u017cone zar\u00f3wno przez pieszych, jak i ruch uliczny. Nasze flagi reklamowe zawieraj\u0105 wszystko, czego potrzebujesz do ustawienia na p\u0142askiej powierzchni. Tw\u00f3j pakiet b\u0119dzie zawiera\u0142 odporn\u0105 na warunki atmosferyczne poliestrow\u0105 flag\u0119, maszt z w\u0142\u00f3kna szklanego i aluminium, podstaw\u0119 do palik\u00f3w, a nawet mi\u0119kki futera\u0142 u\u0142atwiaj\u0105cy transport. Zapoznaj si\u0119 z nasz\u0105 galeri\u0105 niestandardowych szablon\u00f3w flag, w tym opcji bran\u017cowych i wydarze\u0144. Po znalezieniu ulubionej opcji dodaj niestandardowe szczeg\u00f3\u0142y w naszym internetowym studiu projektowym. My zajmiemy si\u0119 reszt\u0105, profesjonalnie drukuj\u0105c i wysy\u0142aj\u0105c Twoje zam\u00f3wienie. Twoja flaga reklamowa przyb\u0119dzie, wygl\u0105daj\u0105c \u015bwietnie i gotowa, by zacz\u0105\u0107 przyci\u0105ga\u0107 wzrok.<\/p>\n<div style=\"width: 1280px;\" class=\"wp-video\"><!--[if lt IE 9]><script>document.createElement('video');<\/script><![endif]--><br \/>\n<video class=\"wp-video-shortcode\" id=\"video-393-1\" width=\"1280\" height=\"720\" loop autoplay preload=\"auto\" controls=\"controls\"><source type=\"video\/mp4\" src=\"http:\/\/cmykprinted.com\/wp-content\/uploads\/2022\/12\/Custom-Printed-Advertising-Promotional-Beach-Feather-Flag.mp4?_=1\" \/><a href=\"http:\/\/cmykprinted.com\/wp-content\/uploads\/2022\/12\/Custom-Printed-Advertising-Promotional-Beach-Feather-Flag.mp4\">http:\/\/cmykprinted.com\/wp-content\/uploads\/2022\/12\/Custom-Printed-Advertising-Promotional-Beach-Feather-Flag.mp4<\/a><\/video><\/div>","protected":false},"featured_media":394,"template":"","meta":{"_kad_post_transparent":"default","_kad_post_title":"hide","_kad_post_layout":"fullwidth","_kad_post_sidebar_id":"","_kad_post_content_style":"unboxed","_kad_post_vertical_padding":"hide","_kad_post_feature":"hide","_kad_post_feature_position":"","_kad_post_header":false,"_kad_post_footer":false},"product_cat":[64,65,66,67],"product_tag":[107,104,105,106,108],"class_list":{"0":"post-393","1":"product","2":"type-product","3":"status-publish","4":"has-post-thumbnail","6":"product_cat-beach-flags","7":"product_cat-feather-flags-banners","8":"product_cat-rectangular-flags-banners","9":"product_cat-teardrop-flags-banners","10":"product_tag-advertising-beach-flag","11":"product_tag-beach-feather-flag","12":"product_tag-custom-beach-flag","13":"product_tag-custom-beach-flag-feather-flag","14":"product_tag-promotional-beach-flag","16":"first","17":"instock","18":"shipping-taxable","19":"product-type-simple","20":"entry","21":"content-bg","22":"loop-entry"},"_links":{"self":[{"href":"https:\/\/cmykprinted.com\/pl\/wp-json\/wp\/v2\/product\/393","targetHints":{"allow":["GET"]}}],"collection":[{"href":"https:\/\/cmykprinted.com\/pl\/wp-json\/wp\/v2\/product"}],"about":[{"href":"https:\/\/cmykprinted.com\/pl\/wp-json\/wp\/v2\/types\/product"}],"version-history":[{"count":3,"href":"https:\/\/cmykprinted.com\/pl\/wp-json\/wp\/v2\/product\/393\/revisions"}],"predecessor-version":[{"id":433,"href":"https:\/\/cmykprinted.com\/pl\/wp-json\/wp\/v2\/product\/393\/revisions\/433"}],"wp:featuredmedia":[{"embeddable":true,"href":"https:\/\/cmykprinted.com\/pl\/wp-json\/wp\/v2\/media\/394"}],"wp:attachment":[{"href":"https:\/\/cmykprinted.com\/pl\/wp-json\/wp\/v2\/media?parent=393"}],"wp:term":[{"taxonomy":"product_cat","embeddable":true,"href":"https:\/\/cmykprinted.com\/pl\/wp-json\/wp\/v2\/product_cat?post=393"},{"taxonomy":"product_tag","embeddable":true,"href":"https:\/\/cmykprinted.com\/pl\/wp-json\/wp\/v2\/product_tag?post=393"}],"curies":[{"name":"wp","href":"https:\/\/api.w.org\/{rel}","templated":true}]}}