{"id":536,"date":"2022-12-18T04:41:34","date_gmt":"2022-12-18T04:41:34","guid":{"rendered":"https:\/\/cmykprinted.com\/?post_type=product&#038;p=536"},"modified":"2022-12-18T05:05:21","modified_gmt":"2022-12-18T05:05:21","slug":"outdoor-circle-pop-up-banner-stand-with-full-color-printing","status":"publish","type":"product","link":"https:\/\/cmykprinted.com\/pl\/produkt\/outdoor-circle-pop-up-banner-stand-with-full-color-printing\/","title":{"rendered":"Stojak na baner typu pop-up Outdoor Circle z nadrukiem w pe\u0142nym kolorze"},"content":{"rendered":"","protected":false},"excerpt":{"rendered":"<p>Okr\u0105g\u0142y wyskakuj\u0105cy baner, kt\u00f3ry opisa\u0142e\u015b, brzmi jak przydatne narz\u0119dzie marketingowe i reklamowe, kt\u00f3re mo\u017cna wykorzysta\u0107 do zaprezentowania logo lub marki firmy na imprezach, targach i innych dzia\u0142aniach promocyjnych. Jego unikalny kszta\u0142t i szybki czas konfiguracji sprawiaj\u0105, \u017ce doskonale nadaje si\u0119 do u\u017cytku w r\u00f3\u017cnych ustawieniach, a dost\u0119pno\u015b\u0107 r\u00f3\u017cnych rozmiar\u00f3w pozwala na elastyczno\u015b\u0107 pod wzgl\u0119dem ilo\u015bci miejsca dost\u0119pnego na ekspozycj\u0119. Wytrzyma\u0142a, opatentowana rama i lekka konstrukcja banera u\u0142atwiaj\u0105 jego transport i przechowywanie, a torba transportowa chroni baner podczas transportu. Druk w pe\u0142nym kolorze pozwala na personalizacj\u0119 i mo\u017cliwo\u015b\u0107 tworzenia atrakcyjnych wizualnie ekspozytor\u00f3w, kt\u00f3re skutecznie eksponuj\u0105 mark\u0119 firmy.<\/p>\n<div style=\"width: 1290px;\" class=\"wp-video\"><!--[if lt IE 9]><script>document.createElement('video');<\/script><![endif]--><br \/>\n<video class=\"wp-video-shortcode\" id=\"video-536-1\" width=\"1290\" height=\"726\" loop autoplay preload=\"auto\" controls=\"controls\"><source type=\"video\/mp4\" src=\"http:\/\/cmykprinted.com\/wp-content\/uploads\/2022\/12\/Circle-Pop-Up-Banners.mp4?_=1\" \/><a href=\"http:\/\/cmykprinted.com\/wp-content\/uploads\/2022\/12\/Circle-Pop-Up-Banners.mp4\">http:\/\/cmykprinted.com\/wp-content\/uploads\/2022\/12\/Circle-Pop-Up-Banners.mp4<\/a><\/video><\/div>\n<p>&nbsp;<\/p>","protected":false},"featured_media":537,"template":"","meta":{"_kad_post_transparent":"default","_kad_post_title":"hide","_kad_post_layout":"fullwidth","_kad_post_sidebar_id":"","_kad_post_content_style":"unboxed","_kad_post_vertical_padding":"hide","_kad_post_feature":"hide","_kad_post_feature_position":"","_kad_post_header":false,"_kad_post_footer":false},"product_cat":[92,93],"product_tag":[125,127,126,128],"class_list":{"0":"post-536","1":"product","2":"type-product","3":"status-publish","4":"has-post-thumbnail","6":"product_cat-pop-up-banners","7":"product_cat-circle-pop-up-banners","8":"product_tag-circle-pop-up-banner","9":"product_tag-circle-pop-up-banner-stand","10":"product_tag-outdoor-pop-up-banner","11":"product_tag-pop-up-banner","13":"first","14":"instock","15":"shipping-taxable","16":"product-type-simple","17":"entry","18":"content-bg","19":"loop-entry"},"_links":{"self":[{"href":"https:\/\/cmykprinted.com\/pl\/wp-json\/wp\/v2\/product\/536","targetHints":{"allow":["GET"]}}],"collection":[{"href":"https:\/\/cmykprinted.com\/pl\/wp-json\/wp\/v2\/product"}],"about":[{"href":"https:\/\/cmykprinted.com\/pl\/wp-json\/wp\/v2\/types\/product"}],"version-history":[{"count":3,"href":"https:\/\/cmykprinted.com\/pl\/wp-json\/wp\/v2\/product\/536\/revisions"}],"predecessor-version":[{"id":548,"href":"https:\/\/cmykprinted.com\/pl\/wp-json\/wp\/v2\/product\/536\/revisions\/548"}],"wp:featuredmedia":[{"embeddable":true,"href":"https:\/\/cmykprinted.com\/pl\/wp-json\/wp\/v2\/media\/537"}],"wp:attachment":[{"href":"https:\/\/cmykprinted.com\/pl\/wp-json\/wp\/v2\/media?parent=536"}],"wp:term":[{"taxonomy":"product_cat","embeddable":true,"href":"https:\/\/cmykprinted.com\/pl\/wp-json\/wp\/v2\/product_cat?post=536"},{"taxonomy":"product_tag","embeddable":true,"href":"https:\/\/cmykprinted.com\/pl\/wp-json\/wp\/v2\/product_tag?post=536"}],"curies":[{"name":"wp","href":"https:\/\/api.w.org\/{rel}","templated":true}]}}