{"id":590,"date":"2022-12-19T03:28:56","date_gmt":"2022-12-19T03:28:56","guid":{"rendered":"https:\/\/cmykprinted.com\/?post_type=product&#038;p=590"},"modified":"2022-12-19T05:12:32","modified_gmt":"2022-12-19T05:12:32","slug":"high-quality-custom-uv-transfer-stickers-in-various-colors","status":"publish","type":"product","link":"https:\/\/cmykprinted.com\/pl\/produkt\/high-quality-custom-uv-transfer-stickers-in-various-colors\/","title":{"rendered":"Wysokiej jako\u015bci niestandardowe naklejki transferowe UV w r\u00f3\u017cnych kolorach"},"content":{"rendered":"","protected":false},"excerpt":{"rendered":"<p>Nasze niestandardowe naklejki transferowe UV to doskona\u0142y i op\u0142acalny spos\u00f3b promowania Twojej firmy lub dodania osobistego charakteru do Twojego pojazdu. Dzi\u0119ki ponad 50 specjalistycznym materia\u0142om i kolorom do wyboru, w tym opcjom odblaskowym, brokatowym i holograficznym, mo\u017cesz stworzy\u0107 idealn\u0105 naklejk\u0119 transferow\u0105 odpowiadaj\u0105c\u0105 Twoim potrzebom. Niezale\u017cnie od tego, czy chcesz u\u017cywa\u0107 pojazd\u00f3w firmowych do reklamowania swojej firmy, marki lub grupy, czy po prostu chcesz doda\u0107 swojemu samochodowi troch\u0119 osobowo\u015bci, nasze niestandardowe naklejki s\u0105 doskona\u0142ym wyborem. Ponadto nasze \u0142atwe w u\u017cyciu narz\u0119dzie do projektowania u\u0142atwia tworzenie niesamowitych, niestandardowych naklejek w ruchu, dzi\u0119ki kt\u00f3rym zostaniesz zauwa\u017cony, gdziekolwiek si\u0119 znajdziesz. Po co wi\u0119c czeka\u0107? Zacznij projektowa\u0107 niestandardowe naklejki transferowe UV ju\u017c dzi\u015b i przenie\u015b swoje dzia\u0142ania marketingowe na wy\u017cszy poziom!<\/p>\n<div style=\"width: 1290px;\" class=\"wp-video\"><!--[if lt IE 9]><script>document.createElement('video');<\/script><![endif]--><br \/>\n<video class=\"wp-video-shortcode\" id=\"video-590-1\" width=\"1290\" height=\"726\" loop autoplay preload=\"auto\" controls=\"controls\"><source type=\"video\/mp4\" src=\"http:\/\/cmykprinted.com\/wp-content\/uploads\/2022\/12\/UV-Transfer-Stickers.mp4?_=1\" \/><a href=\"http:\/\/cmykprinted.com\/wp-content\/uploads\/2022\/12\/UV-Transfer-Stickers.mp4\">http:\/\/cmykprinted.com\/wp-content\/uploads\/2022\/12\/UV-Transfer-Stickers.mp4<\/a><\/video><\/div>\n<p>&nbsp;<\/p>","protected":false},"featured_media":591,"template":"","meta":{"_kad_post_transparent":"default","_kad_post_title":"hide","_kad_post_layout":"fullwidth","_kad_post_sidebar_id":"","_kad_post_content_style":"unboxed","_kad_post_vertical_padding":"hide","_kad_post_feature":"hide","_kad_post_feature_position":"","_kad_post_header":false,"_kad_post_footer":false},"product_cat":[101,103],"product_tag":[139,141,140,138],"class_list":{"0":"post-590","1":"product","2":"type-product","3":"status-publish","4":"has-post-thumbnail","6":"product_cat-transfer-stickers","7":"product_cat-uv-transfer-stickers","8":"product_tag-custom-uv-sticker","9":"product_tag-custom-uv-transfer-stickers","10":"product_tag-high-quality-transfer-stickers","11":"product_tag-uv-transfer-stickers","13":"first","14":"instock","15":"shipping-taxable","16":"product-type-simple","17":"entry","18":"content-bg","19":"loop-entry"},"_links":{"self":[{"href":"https:\/\/cmykprinted.com\/pl\/wp-json\/wp\/v2\/product\/590","targetHints":{"allow":["GET"]}}],"collection":[{"href":"https:\/\/cmykprinted.com\/pl\/wp-json\/wp\/v2\/product"}],"about":[{"href":"https:\/\/cmykprinted.com\/pl\/wp-json\/wp\/v2\/types\/product"}],"version-history":[{"count":3,"href":"https:\/\/cmykprinted.com\/pl\/wp-json\/wp\/v2\/product\/590\/revisions"}],"predecessor-version":[{"id":598,"href":"https:\/\/cmykprinted.com\/pl\/wp-json\/wp\/v2\/product\/590\/revisions\/598"}],"wp:featuredmedia":[{"embeddable":true,"href":"https:\/\/cmykprinted.com\/pl\/wp-json\/wp\/v2\/media\/591"}],"wp:attachment":[{"href":"https:\/\/cmykprinted.com\/pl\/wp-json\/wp\/v2\/media?parent=590"}],"wp:term":[{"taxonomy":"product_cat","embeddable":true,"href":"https:\/\/cmykprinted.com\/pl\/wp-json\/wp\/v2\/product_cat?post=590"},{"taxonomy":"product_tag","embeddable":true,"href":"https:\/\/cmykprinted.com\/pl\/wp-json\/wp\/v2\/product_tag?post=590"}],"curies":[{"name":"wp","href":"https:\/\/api.w.org\/{rel}","templated":true}]}}