{"id":599,"date":"2022-12-21T12:16:59","date_gmt":"2022-12-21T12:16:59","guid":{"rendered":"https:\/\/cmykprinted.com\/?post_type=product&#038;p=599"},"modified":"2022-12-21T13:11:04","modified_gmt":"2022-12-21T13:11:04","slug":"outdoor-promotional-custom-rectangular-beach-flags-banners","status":"publish","type":"product","link":"https:\/\/cmykprinted.com\/pl\/produkt\/outdoor-promotional-custom-rectangular-beach-flags-banners\/","title":{"rendered":"Zewn\u0119trzne, reklamowe, prostok\u0105tne, niestandardowe, pla\u017cowe flagi, banery"},"content":{"rendered":"","protected":false},"excerpt":{"rendered":"<p>W przeciwie\u0144stwie do innych produkt\u00f3w do drukowania flag, prostok\u0105tna flaga pla\u017cowa pozostaje prosta i napi\u0119ta i nie obraca si\u0119 wraz z wiatrem, nawet w najbardziej porywistych warunkach. Wynika to z jego unikalnego projektu i konstrukcji, kt\u00f3ra wykorzystuje lekkie, trwa\u0142e materia\u0142y i solidn\u0105 podstaw\u0119, aby utrzyma\u0107 flag\u0119 w pozycji pionowej i stabilnej. Znana r\u00f3wnie\u017c jako lataj\u0105cy baner, ta szczeg\u00f3lna flaga pla\u017cowa jest idealna do u\u017cycia w sytuacjach, w kt\u00f3rych wa\u017cne jest, aby mie\u0107 wyra\u017anie czytelny tekst na materiale reklamowym. Te drukowane flagi s\u0105 popularn\u0105 form\u0105 reklamy na targach, imprezach i innych spotkaniach na \u015bwie\u017cym powietrzu i nadaj\u0105 si\u0119 do u\u017cytku zar\u00f3wno wewn\u0105trz, jak i na zewn\u0105trz. Opcja dwustronna, w kt\u00f3rej flaga jest drukowana po obu stronach, zapewnia maksymalny efekt i widoczno\u015b\u0107 oraz jest szczeg\u00f3lnie przydatna w sytuacjach, gdy flaga b\u0119dzie ogl\u0105dana pod r\u00f3\u017cnymi k\u0105tami. Wi\u0119cej informacji na temat r\u00f3\u017cnych rozmiar\u00f3w i podstaw dost\u0119pnych dla tych flag mo\u017cna znale\u017a\u0107 w zak\u0142adce Dane techniczne.<\/p>\n<div style=\"width: 1290px;\" class=\"wp-video\"><!--[if lt IE 9]><script>document.createElement('video');<\/script><![endif]--><br \/>\n<video class=\"wp-video-shortcode\" id=\"video-599-1\" width=\"1290\" height=\"726\" loop autoplay preload=\"auto\" controls=\"controls\"><source type=\"video\/mp4\" src=\"http:\/\/cmykprinted.com\/wp-content\/uploads\/2022\/12\/Rectangular-Beach-Flags.mp4?_=1\" \/><a href=\"http:\/\/cmykprinted.com\/wp-content\/uploads\/2022\/12\/Rectangular-Beach-Flags.mp4\">http:\/\/cmykprinted.com\/wp-content\/uploads\/2022\/12\/Rectangular-Beach-Flags.mp4<\/a><\/video><\/div>","protected":false},"featured_media":600,"template":"","meta":{"_kad_post_transparent":"default","_kad_post_title":"hide","_kad_post_layout":"fullwidth","_kad_post_sidebar_id":"","_kad_post_content_style":"unboxed","_kad_post_vertical_padding":"hide","_kad_post_feature":"hide","_kad_post_feature_position":"","_kad_post_header":false,"_kad_post_footer":false},"product_cat":[64,66],"product_tag":[144,142,146,143,145],"class_list":{"0":"post-599","1":"product","2":"type-product","3":"status-publish","4":"has-post-thumbnail","6":"product_cat-beach-flags","7":"product_cat-rectangular-flags-banners","8":"product_tag-custom-beach-flags","9":"product_tag-outdoor-beach-flags","10":"product_tag-outdoor-promotional-beach-banners","11":"product_tag-promotional-beach-flags","12":"product_tag-rectangular-beach-flags","14":"first","15":"instock","16":"shipping-taxable","17":"product-type-simple","18":"entry","19":"content-bg","20":"loop-entry"},"_links":{"self":[{"href":"https:\/\/cmykprinted.com\/pl\/wp-json\/wp\/v2\/product\/599","targetHints":{"allow":["GET"]}}],"collection":[{"href":"https:\/\/cmykprinted.com\/pl\/wp-json\/wp\/v2\/product"}],"about":[{"href":"https:\/\/cmykprinted.com\/pl\/wp-json\/wp\/v2\/types\/product"}],"version-history":[{"count":5,"href":"https:\/\/cmykprinted.com\/pl\/wp-json\/wp\/v2\/product\/599\/revisions"}],"predecessor-version":[{"id":611,"href":"https:\/\/cmykprinted.com\/pl\/wp-json\/wp\/v2\/product\/599\/revisions\/611"}],"wp:featuredmedia":[{"embeddable":true,"href":"https:\/\/cmykprinted.com\/pl\/wp-json\/wp\/v2\/media\/600"}],"wp:attachment":[{"href":"https:\/\/cmykprinted.com\/pl\/wp-json\/wp\/v2\/media?parent=599"}],"wp:term":[{"taxonomy":"product_cat","embeddable":true,"href":"https:\/\/cmykprinted.com\/pl\/wp-json\/wp\/v2\/product_cat?post=599"},{"taxonomy":"product_tag","embeddable":true,"href":"https:\/\/cmykprinted.com\/pl\/wp-json\/wp\/v2\/product_tag?post=599"}],"curies":[{"name":"wp","href":"https:\/\/api.w.org\/{rel}","templated":true}]}}