{"id":612,"date":"2022-12-21T13:15:52","date_gmt":"2022-12-21T13:15:52","guid":{"rendered":"https:\/\/cmykprinted.com\/?post_type=product&#038;p=612"},"modified":"2022-12-21T14:08:22","modified_gmt":"2022-12-21T14:08:22","slug":"outdoor-folding-50mm-heavy-duty-hexagonal-aluminum-tents","status":"publish","type":"product","link":"https:\/\/cmykprinted.com\/pl\/produkt\/outdoor-folding-50mm-heavy-duty-hexagonal-aluminum-tents\/","title":{"rendered":"Namioty aluminiowe sze\u015bciok\u0105tne sk\u0142adane na zewn\u0105trz o grubo\u015bci 50 mm i du\u017cej wytrzyma\u0142o\u015bci"},"content":{"rendered":"","protected":false},"excerpt":{"rendered":"<p>Nasze sze\u015bciok\u0105tne aluminiowe namioty o grubo\u015bci 50 mm to najlepsze rozwi\u0105zanie na wszelkiego rodzaju imprezy plenerowe, w tym pchle targi, pokazy r\u0119kodzie\u0142a, imprezy sportowe i festiwale sztuki. Nadaj\u0105 si\u0119 r\u00f3wnie\u017c do u\u017cytku w pomieszczeniach, dzi\u0119ki czemu s\u0105 niezwykle wszechstronne i wygodne. Blaty baldachim\u00f3w s\u0105 wykonane z wytrzyma\u0142ego poliestru, kt\u00f3ry jest zar\u00f3wno wodoodporny, jak i zadrukowany farbami chroni\u0105cymi przed promieniowaniem UV, dzi\u0119ki czemu s\u0105 trwa\u0142e i odporne na warunki atmosferyczne. Opr\u00f3cz trwa\u0142o\u015bci i funkcjonalno\u015bci, nasze niestandardowe namioty s\u0105 r\u00f3wnie\u017c bardzo przeno\u015bne, co czyni je idealnym wyborem dla os\u00f3b i organizacji, kt\u00f3re potrzebuj\u0105 niezawodnego i \u0142atwego w u\u017cyciu rozwi\u0105zania schronienia, kt\u00f3re mo\u017ce podr\u00f3\u017cowa\u0107 niemal wsz\u0119dzie. Niezale\u017cnie od tego, czy potrzebujesz tymczasowego zadaszenia na jednorazow\u0105 imprez\u0119, czy te\u017c d\u0142ugoterminowego schronienia dla swojej firmy lub organizacji, nasze namioty aluminiowe o grubo\u015bci 50 mm do du\u017cych obci\u0105\u017ce\u0144 oferuj\u0105 idealne po\u0142\u0105czenie wytrzyma\u0142o\u015bci, trwa\u0142o\u015bci i wygody.<\/p>\n<div style=\"width: 1290px;\" class=\"wp-video\"><!--[if lt IE 9]><script>document.createElement('video');<\/script><![endif]--><br \/>\n<video class=\"wp-video-shortcode\" id=\"video-612-1\" width=\"1290\" height=\"726\" loop autoplay preload=\"auto\" controls=\"controls\"><source type=\"video\/mp4\" src=\"http:\/\/cmykprinted.com\/wp-content\/uploads\/2022\/12\/50mm-Heavy-Duty-Hexagon-Aluminum-Tents.mp4?_=1\" \/><a href=\"http:\/\/cmykprinted.com\/wp-content\/uploads\/2022\/12\/50mm-Heavy-Duty-Hexagon-Aluminum-Tents.mp4\">http:\/\/cmykprinted.com\/wp-content\/uploads\/2022\/12\/50mm-Heavy-Duty-Hexagon-Aluminum-Tents.mp4<\/a><\/video><\/div>","protected":false},"featured_media":613,"template":"","meta":{"_kad_post_transparent":"default","_kad_post_title":"hide","_kad_post_layout":"fullwidth","_kad_post_sidebar_id":"","_kad_post_content_style":"unboxed","_kad_post_vertical_padding":"hide","_kad_post_feature":"hide","_kad_post_feature_position":"","_kad_post_header":false,"_kad_post_footer":false},"product_cat":[68,75,74],"product_tag":[147,151,149,148,150],"class_list":{"0":"post-612","1":"product","2":"type-product","3":"status-publish","4":"has-post-thumbnail","6":"product_cat-custom-canopy-tents","7":"product_cat-10x10-custom-branded-canopy-tents","8":"product_cat-50mm-heavy-duty-hexagon-aluminum-tents","9":"product_tag-50mm-heavy-duty-hexagonal-aluminum-tents","10":"product_tag-folding-aluminum-tents","11":"product_tag-heavy-duty-aluminum-tents","12":"product_tag-hexagonal-aluminum-tents","13":"product_tag-outdoor-aluminum-tents","15":"first","16":"instock","17":"shipping-taxable","18":"product-type-simple","19":"entry","20":"content-bg","21":"loop-entry"},"_links":{"self":[{"href":"https:\/\/cmykprinted.com\/pl\/wp-json\/wp\/v2\/product\/612","targetHints":{"allow":["GET"]}}],"collection":[{"href":"https:\/\/cmykprinted.com\/pl\/wp-json\/wp\/v2\/product"}],"about":[{"href":"https:\/\/cmykprinted.com\/pl\/wp-json\/wp\/v2\/types\/product"}],"version-history":[{"count":3,"href":"https:\/\/cmykprinted.com\/pl\/wp-json\/wp\/v2\/product\/612\/revisions"}],"predecessor-version":[{"id":623,"href":"https:\/\/cmykprinted.com\/pl\/wp-json\/wp\/v2\/product\/612\/revisions\/623"}],"wp:featuredmedia":[{"embeddable":true,"href":"https:\/\/cmykprinted.com\/pl\/wp-json\/wp\/v2\/media\/613"}],"wp:attachment":[{"href":"https:\/\/cmykprinted.com\/pl\/wp-json\/wp\/v2\/media?parent=612"}],"wp:term":[{"taxonomy":"product_cat","embeddable":true,"href":"https:\/\/cmykprinted.com\/pl\/wp-json\/wp\/v2\/product_cat?post=612"},{"taxonomy":"product_tag","embeddable":true,"href":"https:\/\/cmykprinted.com\/pl\/wp-json\/wp\/v2\/product_tag?post=612"}],"curies":[{"name":"wp","href":"https:\/\/api.w.org\/{rel}","templated":true}]}}