{"id":624,"date":"2022-12-22T03:01:03","date_gmt":"2022-12-22T03:01:03","guid":{"rendered":"https:\/\/cmykprinted.com\/?post_type=product&#038;p=624"},"modified":"2022-12-22T03:51:54","modified_gmt":"2022-12-22T03:51:54","slug":"custom-printed-hand-flags-handheld-stick-flag-at-cheap-price","status":"publish","type":"product","link":"https:\/\/cmykprinted.com\/pl\/produkt\/custom-printed-hand-flags-handheld-stick-flag-at-cheap-price\/","title":{"rendered":"Niestandardowe drukowane flagi r\u0119czne R\u0119czna flaga w niskiej cenie"},"content":{"rendered":"","protected":false},"excerpt":{"rendered":"<p>Niestandardowe drukowane flagi r\u0119czne to doskona\u0142y spos\u00f3b na przekazanie wiadomo\u015bci na ka\u017cdym wydarzeniu lub promocji. S\u0105 niedrogie, ale potrafi\u0105 przyci\u0105gn\u0105\u0107 uwag\u0119. Niezale\u017cnie od tego, czy jeste\u015b na targach, meczu sportowym, paradzie, konferencji czy jakimkolwiek innym wydarzeniu, flagi r\u0119czne z nadrukiem na zam\u00f3wienie to \u015bwietny spos\u00f3b na zaprezentowanie swojej marki lub przes\u0142ania. Wykonane s\u0105 z wytrzyma\u0142ej tkaniny poliestrowej i zadrukowane technik\u0105 sublimacji, dzi\u0119ki czemu kolory s\u0105 mocne i \u017cywe. Flagi drukowane s\u0105 pojedynczo rewersem, co oznacza, \u017ce obraz jest widoczny z jednej strony, a rewers jest odbiciem lustrzanym. S\u0105 wyko\u0144czone plastikowym lub drewnianym ko\u0142kiem i s\u0105 przymocowane do kija za pomoc\u0105 r\u0119kawa flagowego. Niestandardowe drukowane flagi r\u0119czne to nie tylko \u015bwietny spos\u00f3b na promowanie swojej marki lub wiadomo\u015bci, ale tak\u017ce zabawny i interaktywny spos\u00f3b na zaanga\u017cowanie odbiorc\u00f3w. Po co wi\u0119c czeka\u0107? Zdob\u0105d\u017a ju\u017c dzi\u015b niestandardowe drukowane flagi r\u0119czne i obserwuj, jak Twoja wiadomo\u015b\u0107 odlatuje!<\/p>\n<div style=\"width: 1290px;\" class=\"wp-video\"><!--[if lt IE 9]><script>document.createElement('video');<\/script><![endif]--><br \/>\n<video class=\"wp-video-shortcode\" id=\"video-624-1\" width=\"1290\" height=\"726\" loop autoplay preload=\"auto\" controls=\"controls\"><source type=\"video\/mp4\" src=\"http:\/\/cmykprinted.com\/wp-content\/uploads\/2022\/12\/Custom-Printed-Hand-Flags.mp4?_=1\" \/><a href=\"http:\/\/cmykprinted.com\/wp-content\/uploads\/2022\/12\/Custom-Printed-Hand-Flags.mp4\">http:\/\/cmykprinted.com\/wp-content\/uploads\/2022\/12\/Custom-Printed-Hand-Flags.mp4<\/a><\/video><\/div>\n<p>&nbsp;<\/p>","protected":false},"featured_media":625,"template":"","meta":{"_kad_post_transparent":"default","_kad_post_title":"hide","_kad_post_layout":"fullwidth","_kad_post_sidebar_id":"","_kad_post_content_style":"unboxed","_kad_post_vertical_padding":"hide","_kad_post_feature":"hide","_kad_post_feature_position":"","_kad_post_header":false,"_kad_post_footer":false},"product_cat":[79],"product_tag":[153,155,152,154],"class_list":{"0":"post-624","1":"product","2":"type-product","3":"status-publish","4":"has-post-thumbnail","6":"product_cat-custom-flags","7":"product_tag-custom-hand-flags","8":"product_tag-custom-handheld-flag","9":"product_tag-custom-printed-hand-flags","10":"product_tag-handheld-stick-flag","12":"first","13":"instock","14":"shipping-taxable","15":"product-type-simple","16":"entry","17":"content-bg","18":"loop-entry"},"_links":{"self":[{"href":"https:\/\/cmykprinted.com\/pl\/wp-json\/wp\/v2\/product\/624","targetHints":{"allow":["GET"]}}],"collection":[{"href":"https:\/\/cmykprinted.com\/pl\/wp-json\/wp\/v2\/product"}],"about":[{"href":"https:\/\/cmykprinted.com\/pl\/wp-json\/wp\/v2\/types\/product"}],"version-history":[{"count":4,"href":"https:\/\/cmykprinted.com\/pl\/wp-json\/wp\/v2\/product\/624\/revisions"}],"predecessor-version":[{"id":635,"href":"https:\/\/cmykprinted.com\/pl\/wp-json\/wp\/v2\/product\/624\/revisions\/635"}],"wp:featuredmedia":[{"embeddable":true,"href":"https:\/\/cmykprinted.com\/pl\/wp-json\/wp\/v2\/media\/625"}],"wp:attachment":[{"href":"https:\/\/cmykprinted.com\/pl\/wp-json\/wp\/v2\/media?parent=624"}],"wp:term":[{"taxonomy":"product_cat","embeddable":true,"href":"https:\/\/cmykprinted.com\/pl\/wp-json\/wp\/v2\/product_cat?post=624"},{"taxonomy":"product_tag","embeddable":true,"href":"https:\/\/cmykprinted.com\/pl\/wp-json\/wp\/v2\/product_tag?post=624"}],"curies":[{"name":"wp","href":"https:\/\/api.w.org\/{rel}","templated":true}]}}