{"id":664,"date":"2022-12-22T09:47:33","date_gmt":"2022-12-22T09:47:33","guid":{"rendered":"https:\/\/cmykprinted.com\/?post_type=product&#038;p=664"},"modified":"2022-12-22T14:15:54","modified_gmt":"2022-12-22T14:15:54","slug":"horizontal-pop-up-banners-with-free-custom-printing-services","status":"publish","type":"product","link":"https:\/\/cmykprinted.com\/pl\/produkt\/horizontal-pop-up-banners-with-free-custom-printing-services\/","title":{"rendered":"Poziome banery typu pop-up z bezp\u0142atnymi us\u0142ugami drukowania na zam\u00f3wienie"},"content":{"rendered":"","protected":false},"excerpt":{"rendered":"<p>Nasze poziome banery pop-up s\u0105 wykonane z trwa\u0142ych materia\u0142\u00f3w, kt\u00f3re s\u0105 odporne na warunki atmosferyczne, dzi\u0119ki czemu idealnie nadaj\u0105 si\u0119 do u\u017cytku zar\u00f3wno wewn\u0105trz, jak i na zewn\u0105trz. S\u0105 \u0142atwe w konfiguracji i demonta\u017cu, a tak\u017ce mo\u017cna je z \u0142atwo\u015bci\u0105 przechowywa\u0107 i transportowa\u0107, co czyni je wygodnym wyborem dla firm w podr\u00f3\u017cy. Dzi\u0119ki naszym bezp\u0142atnym us\u0142ugom drukowania na zam\u00f3wienie mo\u017cesz wydrukowa\u0107 swoje banery z logo firmy, przes\u0142aniem marki lub dowolnym innym wybranym przez Ciebie niestandardowym projektem. Te poziome wyskakuj\u0105ce banery z pewno\u015bci\u0105 b\u0119d\u0105 mia\u0142y du\u017cy wp\u0142yw na ka\u017cde wydarzenie i pomog\u0105 Ci skutecznie promowa\u0107 Twoj\u0105 firm\u0119 w\u015br\u00f3d potencjalnych klient\u00f3w. Niezale\u017cnie od tego, czy chcesz promowa\u0107 swoj\u0105 mark\u0119 na targach, imprezie sportowej czy imprezie firmowej, nasze poziome banery pop-up s\u0105 idealnym wyborem.<\/p>\n<div style=\"width: 1290px;\" class=\"wp-video\"><!--[if lt IE 9]><script>document.createElement('video');<\/script><![endif]--><br \/>\n<video class=\"wp-video-shortcode\" id=\"video-664-1\" width=\"1290\" height=\"726\" loop autoplay preload=\"auto\" controls=\"controls\"><source type=\"video\/mp4\" src=\"http:\/\/cmykprinted.com\/wp-content\/uploads\/2022\/12\/horizontal-pop-up-banners.mp4?_=1\" \/><a href=\"http:\/\/cmykprinted.com\/wp-content\/uploads\/2022\/12\/horizontal-pop-up-banners.mp4\">http:\/\/cmykprinted.com\/wp-content\/uploads\/2022\/12\/horizontal-pop-up-banners.mp4<\/a><\/video><\/div>\n<p>&nbsp;<\/p>","protected":false},"featured_media":665,"template":"","meta":{"_kad_post_transparent":"default","_kad_post_title":"hide","_kad_post_layout":"fullwidth","_kad_post_sidebar_id":"","_kad_post_content_style":"unboxed","_kad_post_vertical_padding":"hide","_kad_post_feature":"hide","_kad_post_feature_position":"","_kad_post_header":false,"_kad_post_footer":false},"product_cat":[92,94],"product_tag":[167,165,166],"class_list":{"0":"post-664","1":"product","2":"type-product","3":"status-publish","4":"has-post-thumbnail","6":"product_cat-pop-up-banners","7":"product_cat-horizontal-pop-up-banners","8":"product_tag-custom-pop-up-banners","9":"product_tag-horizontal-pop-up-banners","10":"product_tag-pop-up-banners","12":"first","13":"instock","14":"shipping-taxable","15":"product-type-simple","16":"entry","17":"content-bg","18":"loop-entry"},"_links":{"self":[{"href":"https:\/\/cmykprinted.com\/pl\/wp-json\/wp\/v2\/product\/664","targetHints":{"allow":["GET"]}}],"collection":[{"href":"https:\/\/cmykprinted.com\/pl\/wp-json\/wp\/v2\/product"}],"about":[{"href":"https:\/\/cmykprinted.com\/pl\/wp-json\/wp\/v2\/types\/product"}],"version-history":[{"count":3,"href":"https:\/\/cmykprinted.com\/pl\/wp-json\/wp\/v2\/product\/664\/revisions"}],"predecessor-version":[{"id":672,"href":"https:\/\/cmykprinted.com\/pl\/wp-json\/wp\/v2\/product\/664\/revisions\/672"}],"wp:featuredmedia":[{"embeddable":true,"href":"https:\/\/cmykprinted.com\/pl\/wp-json\/wp\/v2\/media\/665"}],"wp:attachment":[{"href":"https:\/\/cmykprinted.com\/pl\/wp-json\/wp\/v2\/media?parent=664"}],"wp:term":[{"taxonomy":"product_cat","embeddable":true,"href":"https:\/\/cmykprinted.com\/pl\/wp-json\/wp\/v2\/product_cat?post=664"},{"taxonomy":"product_tag","embeddable":true,"href":"https:\/\/cmykprinted.com\/pl\/wp-json\/wp\/v2\/product_tag?post=664"}],"curies":[{"name":"wp","href":"https:\/\/api.w.org\/{rel}","templated":true}]}}