{"id":682,"date":"2022-12-29T09:44:31","date_gmt":"2022-12-29T09:44:31","guid":{"rendered":"https:\/\/cmykprinted.com\/?post_type=product&#038;p=682"},"modified":"2022-12-29T10:03:18","modified_gmt":"2022-12-29T10:03:18","slug":"custom-3d-metal-transfer-sticker-metallic-logo-label-sticker","status":"publish","type":"product","link":"https:\/\/cmykprinted.com\/pl\/produkt\/custom-3d-metal-transfer-sticker-metallic-logo-label-sticker\/","title":{"rendered":"Niestandardowa naklejka 3D do transferu metalu Metalowa naklejka z logo"},"content":{"rendered":"","protected":false},"excerpt":{"rendered":"<p>Metalowe naklejki transferowe 3D to rodzaj rozwi\u0105zania etykietuj\u0105cego, kt\u00f3re polega na zastosowaniu bardzo wytrzyma\u0142ej folii niklowej w celu uzyskania efektu tr\u00f3jwymiarowo\u015bci. Te naklejki zosta\u0142y zaprojektowane tak, aby nada\u0107 wygl\u0105d \u201ebez etykiety\u201d poprzez usuni\u0119cie nadmiaru materia\u0142u z projektu, co zapewnia bardziej wyrafinowany i profesjonalny wygl\u0105d. S\u0105 cz\u0119sto u\u017cywane jako etykiety produkt\u00f3w wysokiej klasy lub do sprzeda\u017cy detalicznej w sklepach internetowych.<br \/>\nAby stworzy\u0107 metalowe naklejki transferowe 3D, projekt jest najpierw drukowany na arkuszu folii niklowej przy u\u017cyciu specjalistycznego procesu drukowania. Nadmiar materia\u0142u jest nast\u0119pnie usuwany, pozostawiaj\u0105c tylko wypuk\u0142e elementy wzoru. Powsta\u0142a naklejka jest nast\u0119pnie pokryta warstw\u0105 kleju i mo\u017ce by\u0107 nak\u0142adana na r\u00f3\u017cne powierzchnie, w tym plastik, metal i papier.<br \/>\nJedn\u0105 z zalet stosowania naklejek transferowych 3D do metalu jest ich trwa\u0142o\u015b\u0107. Nikiel jest mocnym i odpornym na korozj\u0119 materia\u0142em, wi\u0119c te naklejki s\u0105 odporne na zu\u017cycie i zachowuj\u0105 swoj\u0105 jako\u015b\u0107 przez d\u0142ugi czas. S\u0105 r\u00f3wnie\u017c odporne na blakni\u0119cie i odbarwienia, co czyni je trwa\u0142ym rozwi\u0105zaniem do etykietowania. Dodatkowo tr\u00f3jwymiarowy efekt tych naklejek mo\u017ce stanowi\u0107 unikalny i przyci\u0105gaj\u0105cy wzrok element opakowania lub brandingu Twojego produktu.<\/p>\n<div style=\"width: 1280px;\" class=\"wp-video\"><!--[if lt IE 9]><script>document.createElement('video');<\/script><![endif]--><br \/>\n<video class=\"wp-video-shortcode\" id=\"video-682-1\" width=\"1280\" height=\"720\" loop autoplay preload=\"metadata\" controls=\"controls\"><source type=\"video\/mp4\" src=\"http:\/\/cmykprinted.com\/wp-content\/uploads\/2022\/12\/Metal-Transfer-Sticker.mp4?_=1\" \/><a href=\"http:\/\/cmykprinted.com\/wp-content\/uploads\/2022\/12\/Metal-Transfer-Sticker.mp4\">http:\/\/cmykprinted.com\/wp-content\/uploads\/2022\/12\/Metal-Transfer-Sticker.mp4<\/a><\/video><\/div>\n<p>&nbsp;<\/p>","protected":false},"featured_media":683,"template":"","meta":{"_kad_post_transparent":"default","_kad_post_title":"hide","_kad_post_layout":"fullwidth","_kad_post_sidebar_id":"","_kad_post_content_style":"unboxed","_kad_post_vertical_padding":"hide","_kad_post_feature":"hide","_kad_post_feature_position":"","_kad_post_header":false,"_kad_post_footer":false},"product_cat":[101,102],"product_tag":[174,173,171,172],"class_list":{"0":"post-682","1":"product","2":"type-product","3":"status-publish","4":"has-post-thumbnail","6":"product_cat-transfer-stickers","7":"product_cat-metal-transfer-stickers","8":"product_tag-3d-metal-transfer-sticker","9":"product_tag-custom-metal-transfer-sticker","10":"product_tag-metal-transfer-sticker","11":"product_tag-metallic-logo-label-sticker","13":"first","14":"instock","15":"shipping-taxable","16":"product-type-simple","17":"entry","18":"content-bg","19":"loop-entry"},"_links":{"self":[{"href":"https:\/\/cmykprinted.com\/pl\/wp-json\/wp\/v2\/product\/682","targetHints":{"allow":["GET"]}}],"collection":[{"href":"https:\/\/cmykprinted.com\/pl\/wp-json\/wp\/v2\/product"}],"about":[{"href":"https:\/\/cmykprinted.com\/pl\/wp-json\/wp\/v2\/types\/product"}],"version-history":[{"count":2,"href":"https:\/\/cmykprinted.com\/pl\/wp-json\/wp\/v2\/product\/682\/revisions"}],"predecessor-version":[{"id":691,"href":"https:\/\/cmykprinted.com\/pl\/wp-json\/wp\/v2\/product\/682\/revisions\/691"}],"wp:featuredmedia":[{"embeddable":true,"href":"https:\/\/cmykprinted.com\/pl\/wp-json\/wp\/v2\/media\/683"}],"wp:attachment":[{"href":"https:\/\/cmykprinted.com\/pl\/wp-json\/wp\/v2\/media?parent=682"}],"wp:term":[{"taxonomy":"product_cat","embeddable":true,"href":"https:\/\/cmykprinted.com\/pl\/wp-json\/wp\/v2\/product_cat?post=682"},{"taxonomy":"product_tag","embeddable":true,"href":"https:\/\/cmykprinted.com\/pl\/wp-json\/wp\/v2\/product_tag?post=682"}],"curies":[{"name":"wp","href":"https:\/\/api.w.org\/{rel}","templated":true}]}}