{"id":692,"date":"2022-12-29T10:09:13","date_gmt":"2022-12-29T10:09:13","guid":{"rendered":"https:\/\/cmykprinted.com\/?post_type=product&#038;p=692"},"modified":"2022-12-29T10:44:20","modified_gmt":"2022-12-29T10:44:20","slug":"double-sided-printed-advertising-beach-teardrop-flags-banner","status":"publish","type":"product","link":"https:\/\/cmykprinted.com\/pl\/produkt\/double-sided-printed-advertising-beach-teardrop-flags-banner\/","title":{"rendered":"Dwustronnie drukowany baner reklamowy z flagami pla\u017cowymi w kszta\u0142cie \u0142ezki"},"content":{"rendered":"","protected":false},"excerpt":{"rendered":"<p>Flagi w kszta\u0142cie \u0142ezki, znane r\u00f3wnie\u017c jako flagi w kszta\u0142cie \u0142ezki lub flagi w kszta\u0142cie \u0142ezki, to rodzaj du\u017cej flagi w kszta\u0142cie \u0142zy, wykorzystywanej do cel\u00f3w reklamowych i marketingowych. Powstaj\u0105 poprzez nadrukowanie na fladze niestandardowego projektu przy u\u017cyciu procesu sublimacji barwnika, co pozwala uzyska\u0107 \u017cyw\u0105, wysokiej jako\u015bci grafik\u0119. Flagi s\u0105 przymocowane do lekkiego masztu z aluminium i w\u0142\u00f3kna szklanego, kt\u00f3ry mo\u017cna zgina\u0107 i pomaga utrzyma\u0107 napr\u0119\u017cenie flagi nawet przy wietrznej pogodzie. Maszt mo\u017cna wbi\u0107 w ziemi\u0119 lub postawi\u0107 na stojaku flagowym, w zale\u017cno\u015bci od konkretnych potrzeb i preferencji u\u017cytkownika.<br \/>\nWykorzystanie flagi w kszta\u0142cie \u0142ezki przed sklepem lub firm\u0105 mo\u017ce by\u0107 skutecznym sposobem na przyci\u0105gni\u0119cie uwagi potencjalnych klient\u00f3w i innych przechodni\u00f3w. Flagi te przyci\u0105gaj\u0105 wzrok i mog\u0105 pom\u00f3c w skutecznej promocji Twojej firmy oraz jej produkt\u00f3w lub us\u0142ug. Banery flagowe Teardrop s\u0105 r\u00f3wnie\u017c wszechstronne i mog\u0105 by\u0107 u\u017cywane w r\u00f3\u017cnych miejscach, w tym na targach, imprezach plenerowych i witrynach sklepowych. Wybieraj\u0105c niestandardowy projekt, kt\u00f3ry dok\u0142adnie odzwierciedla branding i przekaz Twojej firmy, mo\u017cesz skutecznie przekaza\u0107 sw\u00f3j przekaz i wywrze\u0107 silne wra\u017cenie na docelowych odbiorcach.<\/p>\n<div style=\"width: 1280px;\" class=\"wp-video\"><!--[if lt IE 9]><script>document.createElement('video');<\/script><![endif]--><br \/>\n<video class=\"wp-video-shortcode\" id=\"video-692-1\" width=\"1280\" height=\"720\" loop autoplay preload=\"metadata\" controls=\"controls\"><source type=\"video\/mp4\" src=\"http:\/\/cmykprinted.com\/wp-content\/uploads\/2022\/12\/Beach-Teardrop-Flags-Banner.mp4?_=1\" \/><a href=\"http:\/\/cmykprinted.com\/wp-content\/uploads\/2022\/12\/Beach-Teardrop-Flags-Banner.mp4\">http:\/\/cmykprinted.com\/wp-content\/uploads\/2022\/12\/Beach-Teardrop-Flags-Banner.mp4<\/a><\/video><\/div>","protected":false},"featured_media":693,"template":"","meta":{"_kad_post_transparent":"default","_kad_post_title":"hide","_kad_post_layout":"fullwidth","_kad_post_sidebar_id":"","_kad_post_content_style":"unboxed","_kad_post_vertical_padding":"hide","_kad_post_feature":"hide","_kad_post_feature_position":"","_kad_post_header":false,"_kad_post_footer":false},"product_cat":[64,67],"product_tag":[177,176,175,178],"class_list":{"0":"post-692","1":"product","2":"type-product","3":"status-publish","4":"has-post-thumbnail","6":"product_cat-beach-flags","7":"product_cat-teardrop-flags-banners","8":"product_tag-advertising-beach-flags","9":"product_tag-beach-teardrop-banner","10":"product_tag-beach-teardrop-flags","11":"product_tag-teardrop-flags","13":"first","14":"instock","15":"shipping-taxable","16":"product-type-simple","17":"entry","18":"content-bg","19":"loop-entry"},"_links":{"self":[{"href":"https:\/\/cmykprinted.com\/pl\/wp-json\/wp\/v2\/product\/692","targetHints":{"allow":["GET"]}}],"collection":[{"href":"https:\/\/cmykprinted.com\/pl\/wp-json\/wp\/v2\/product"}],"about":[{"href":"https:\/\/cmykprinted.com\/pl\/wp-json\/wp\/v2\/types\/product"}],"version-history":[{"count":4,"href":"https:\/\/cmykprinted.com\/pl\/wp-json\/wp\/v2\/product\/692\/revisions"}],"predecessor-version":[{"id":703,"href":"https:\/\/cmykprinted.com\/pl\/wp-json\/wp\/v2\/product\/692\/revisions\/703"}],"wp:featuredmedia":[{"embeddable":true,"href":"https:\/\/cmykprinted.com\/pl\/wp-json\/wp\/v2\/media\/693"}],"wp:attachment":[{"href":"https:\/\/cmykprinted.com\/pl\/wp-json\/wp\/v2\/media?parent=692"}],"wp:term":[{"taxonomy":"product_cat","embeddable":true,"href":"https:\/\/cmykprinted.com\/pl\/wp-json\/wp\/v2\/product_cat?post=692"},{"taxonomy":"product_tag","embeddable":true,"href":"https:\/\/cmykprinted.com\/pl\/wp-json\/wp\/v2\/product_tag?post=692"}],"curies":[{"name":"wp","href":"https:\/\/api.w.org\/{rel}","templated":true}]}}