{"id":723,"date":"2022-12-30T02:47:50","date_gmt":"2022-12-30T02:47:50","guid":{"rendered":"https:\/\/cmykprinted.com\/?post_type=product&#038;p=723"},"modified":"2022-12-30T03:52:19","modified_gmt":"2022-12-30T03:52:19","slug":"all-weather-outdoor-advertising-pvc-mesh-banner-printing","status":"publish","type":"product","link":"https:\/\/cmykprinted.com\/pl\/produkt\/all-weather-outdoor-advertising-pvc-mesh-banner-printing\/","title":{"rendered":"Druk baner\u00f3w reklamowych z siatki PVC na ka\u017cd\u0105 pogod\u0119"},"content":{"rendered":"","protected":false},"excerpt":{"rendered":"<p>Nasz baner siatkowy z PVC to wysoce wyspecjalizowany materia\u0142, kt\u00f3ry zosta\u0142 zaprojektowany specjalnie, aby wytrzyma\u0107 silne wiatry i inne trudne warunki zewn\u0119trzne. Perforacje w materiale przepuszczaj\u0105 wiatr, zmniejszaj\u0105c ryzyko uszkodzenia banera i minimalizuj\u0105c ryzyko jego podarcia lub zdmuchni\u0119cia.<br \/>\nOpr\u00f3cz w\u0142a\u015bciwo\u015bci wiatroszczelnych, baner siatkowy z PVC jest r\u00f3wnie\u017c wyj\u0105tkowo lekki, co u\u0142atwia jego instalacj\u0119 i obs\u0142ug\u0119. To sprawia, \u017ce jest to idealny wyb\u00f3r do szerokiej gamy specjalnych zastosowa\u0144, w kt\u00f3rych wymagany jest cz\u0119\u015bciowo przezroczysty materia\u0142, kt\u00f3ry umo\u017cliwia przepuszczanie \u015bwiat\u0142a, d\u017awi\u0119ku i powietrza.<br \/>\nZar\u00f3wno nasze banery siatkowe, jak i banery sceniczne s\u0105 drukowane na siatce PVC lub tkaninie AIRTEC, z kt\u00f3rych oba s\u0105 perforowane na ca\u0142ym banerze z bardzo intensywnym wzorem ma\u0142ych otwor\u00f3w. Dzi\u0119ki temu banery sceniczne zachowuj\u0105 swoj\u0105 integralno\u015b\u0107 strukturaln\u0105 i atrakcyjno\u015b\u0107 wizualn\u0105, nawet w najbardziej wymagaj\u0105cych \u015brodowiskach. Niezale\u017cnie od tego, czy potrzebujesz banera na imprez\u0119 plenerow\u0105, targi lub inn\u0105 specjaln\u0105 okazj\u0119, nasze banery z siatki PVC i banery sceniczne s\u0105 doskona\u0142ym wyborem dla wszystkich Twoich potrzeb zwi\u0105zanych z banerami.<\/p>\n<div style=\"width: 1280px;\" class=\"wp-video\"><!--[if lt IE 9]><script>document.createElement('video');<\/script><![endif]--><br \/>\n<video class=\"wp-video-shortcode\" id=\"video-723-1\" width=\"1280\" height=\"720\" loop autoplay preload=\"metadata\" controls=\"controls\"><source type=\"video\/mp4\" src=\"http:\/\/cmykprinted.com\/wp-content\/uploads\/2022\/12\/PVC-Mesh-Banner.mp4?_=1\" \/><a href=\"http:\/\/cmykprinted.com\/wp-content\/uploads\/2022\/12\/PVC-Mesh-Banner.mp4\">http:\/\/cmykprinted.com\/wp-content\/uploads\/2022\/12\/PVC-Mesh-Banner.mp4<\/a><\/video><\/div>","protected":false},"featured_media":724,"template":"","meta":{"_kad_post_transparent":"default","_kad_post_title":"hide","_kad_post_layout":"fullwidth","_kad_post_sidebar_id":"","_kad_post_content_style":"unboxed","_kad_post_vertical_padding":"hide","_kad_post_feature":"hide","_kad_post_feature_position":"","_kad_post_header":false,"_kad_post_footer":false},"product_cat":[85,90,91,89,88],"product_tag":[189,191,188,190,187],"class_list":{"0":"post-723","1":"product","2":"type-product","3":"status-publish","4":"has-post-thumbnail","6":"product_cat-outdoor-vinyl-banners","7":"product_cat-glossy-pvc-banners","8":"product_cat-matte-vinyl-banners","9":"product_cat-pvc-banners","10":"product_cat-pvc-mesh-banners","11":"product_tag-advertising-mesh-banner","12":"product_tag-all-weather-mesh-banner","13":"product_tag-mesh-banner-printing","14":"product_tag-outdoor-mesh-banner","15":"product_tag-pvc-mesh-banner","17":"first","18":"instock","19":"shipping-taxable","20":"product-type-simple","21":"entry","22":"content-bg","23":"loop-entry"},"_links":{"self":[{"href":"https:\/\/cmykprinted.com\/pl\/wp-json\/wp\/v2\/product\/723","targetHints":{"allow":["GET"]}}],"collection":[{"href":"https:\/\/cmykprinted.com\/pl\/wp-json\/wp\/v2\/product"}],"about":[{"href":"https:\/\/cmykprinted.com\/pl\/wp-json\/wp\/v2\/types\/product"}],"version-history":[{"count":2,"href":"https:\/\/cmykprinted.com\/pl\/wp-json\/wp\/v2\/product\/723\/revisions"}],"predecessor-version":[{"id":732,"href":"https:\/\/cmykprinted.com\/pl\/wp-json\/wp\/v2\/product\/723\/revisions\/732"}],"wp:featuredmedia":[{"embeddable":true,"href":"https:\/\/cmykprinted.com\/pl\/wp-json\/wp\/v2\/media\/724"}],"wp:attachment":[{"href":"https:\/\/cmykprinted.com\/pl\/wp-json\/wp\/v2\/media?parent=723"}],"wp:term":[{"taxonomy":"product_cat","embeddable":true,"href":"https:\/\/cmykprinted.com\/pl\/wp-json\/wp\/v2\/product_cat?post=723"},{"taxonomy":"product_tag","embeddable":true,"href":"https:\/\/cmykprinted.com\/pl\/wp-json\/wp\/v2\/product_tag?post=723"}],"curies":[{"name":"wp","href":"https:\/\/api.w.org\/{rel}","templated":true}]}}