{"id":733,"date":"2022-12-30T03:56:29","date_gmt":"2022-12-30T03:56:29","guid":{"rendered":"https:\/\/cmykprinted.com\/?post_type=product&#038;p=733"},"modified":"2022-12-30T04:21:48","modified_gmt":"2022-12-30T04:21:48","slug":"promotional-triangle-pop-up-banners-a-frame-pop-out-banners","status":"publish","type":"product","link":"https:\/\/cmykprinted.com\/pl\/produkt\/promotional-triangle-pop-up-banners-a-frame-pop-out-banners\/","title":{"rendered":"Banery reklamowe typu pop-up w kszta\u0142cie tr\u00f3jk\u0105ta Banery typu pop-out w kszta\u0142cie litery A"},"content":{"rendered":"","protected":false},"excerpt":{"rendered":"<p>Tr\u00f3jk\u0105tne wyskakuj\u0105ce banery to wszechstronny i przyci\u0105gaj\u0105cy wzrok spos\u00f3b promowania Twojej firmy lub marki. Zosta\u0142y zaprojektowane tak, aby mo\u017cna je by\u0142o \u0142atwo ustawi\u0107 i zdj\u0105\u0107, dzi\u0119ki czemu idealnie nadaj\u0105 si\u0119 do u\u017cytku na targach, konferencjach i innych wydarzeniach. Wykonane z wytrzyma\u0142ej tkaniny brzoskwiniowej, te banery s\u0105 lekkie i \u0142atwe w transporcie, a do ich przechowywania do\u0142\u0105czono wygodn\u0105 torb\u0119 do przenoszenia.<br \/>\nOpr\u00f3cz tego, \u017ce s\u0105 \u0142atwe w u\u017cyciu, nasze tr\u00f3jk\u0105tne wyskakuj\u0105ce banery s\u0105 r\u00f3wnie\u017c bardzo skuteczne w przyci\u0105ganiu uwagi. Niezale\u017cnie od tego, czy chcesz zareklamowa\u0107 wprowadzenie nowego produktu, wyprzeda\u017c, czy zbli\u017caj\u0105ce si\u0119 wydarzenie, te banery to \u015bwietny spos\u00f3b na zainteresowanie ludzi Twoj\u0105 firm\u0105. Mog\u0105 by\u0107 u\u017cywane zar\u00f3wno wewn\u0105trz, jak i na zewn\u0105trz, a ich okucia ze stali spr\u0119\u017cynowej i ko\u0142k\u00f3w u\u0142atwiaj\u0105 ich monta\u017c i demonta\u017c.<br \/>\nJe\u015bli szukasz sposobu na przeniesienie reklamy swojej firmy na wy\u017cszy poziom, rozwa\u017c zainwestowanie w tr\u00f3jk\u0105tny baner wyskakuj\u0105cy. To \u015bwietny spos\u00f3b na zwr\u00f3cenie uwagi na swoj\u0105 firm\u0119 i wywarcie trwa\u0142ego wra\u017cenia na potencjalnych klientach. A dzi\u0119ki naszej obszernej instrukcji instalacji b\u0119dziesz mie\u0107 wszystko, czego potrzebujesz, aby z \u0142atwo\u015bci\u0105 skonfigurowa\u0107 i zdj\u0105\u0107 sw\u00f3j baner. Dlatego te banery s\u0105 idealnym wyborem dla ka\u017cdej firmy, kt\u00f3ra chce zrobi\u0107 furor\u0119 na kolejnym wydarzeniu lub konferencji.<\/p>\n<div style=\"width: 1280px;\" class=\"wp-video\"><!--[if lt IE 9]><script>document.createElement('video');<\/script><![endif]--><br \/>\n<video class=\"wp-video-shortcode\" id=\"video-733-1\" width=\"1280\" height=\"720\" loop autoplay preload=\"metadata\" controls=\"controls\"><source type=\"video\/mp4\" src=\"http:\/\/cmykprinted.com\/wp-content\/uploads\/2022\/12\/Triangle-Pop-Up-Banners.mp4?_=1\" \/><a href=\"http:\/\/cmykprinted.com\/wp-content\/uploads\/2022\/12\/Triangle-Pop-Up-Banners.mp4\">http:\/\/cmykprinted.com\/wp-content\/uploads\/2022\/12\/Triangle-Pop-Up-Banners.mp4<\/a><\/video><\/div>","protected":false},"featured_media":734,"template":"","meta":{"_kad_post_transparent":"default","_kad_post_title":"hide","_kad_post_layout":"fullwidth","_kad_post_sidebar_id":"","_kad_post_content_style":"unboxed","_kad_post_vertical_padding":"hide","_kad_post_feature":"hide","_kad_post_feature_position":"","_kad_post_header":false,"_kad_post_footer":false},"product_cat":[92,95],"product_tag":[193,194,128,195,192],"class_list":{"0":"post-733","1":"product","2":"type-product","3":"status-publish","4":"has-post-thumbnail","6":"product_cat-pop-up-banners","7":"product_cat-triangle-pop-up-banners","8":"product_tag-a-frame-pop-out-banners","9":"product_tag-pop-out-banners","10":"product_tag-pop-up-banner","11":"product_tag-promotional-pop-up-banners","12":"product_tag-triangle-pop-up-banner","14":"first","15":"instock","16":"shipping-taxable","17":"product-type-simple","18":"entry","19":"content-bg","20":"loop-entry"},"_links":{"self":[{"href":"https:\/\/cmykprinted.com\/pl\/wp-json\/wp\/v2\/product\/733","targetHints":{"allow":["GET"]}}],"collection":[{"href":"https:\/\/cmykprinted.com\/pl\/wp-json\/wp\/v2\/product"}],"about":[{"href":"https:\/\/cmykprinted.com\/pl\/wp-json\/wp\/v2\/types\/product"}],"version-history":[{"count":3,"href":"https:\/\/cmykprinted.com\/pl\/wp-json\/wp\/v2\/product\/733\/revisions"}],"predecessor-version":[{"id":743,"href":"https:\/\/cmykprinted.com\/pl\/wp-json\/wp\/v2\/product\/733\/revisions\/743"}],"wp:featuredmedia":[{"embeddable":true,"href":"https:\/\/cmykprinted.com\/pl\/wp-json\/wp\/v2\/media\/734"}],"wp:attachment":[{"href":"https:\/\/cmykprinted.com\/pl\/wp-json\/wp\/v2\/media?parent=733"}],"wp:term":[{"taxonomy":"product_cat","embeddable":true,"href":"https:\/\/cmykprinted.com\/pl\/wp-json\/wp\/v2\/product_cat?post=733"},{"taxonomy":"product_tag","embeddable":true,"href":"https:\/\/cmykprinted.com\/pl\/wp-json\/wp\/v2\/product_tag?post=733"}],"curies":[{"name":"wp","href":"https:\/\/api.w.org\/{rel}","templated":true}]}}