{"id":744,"date":"2022-12-30T08:55:17","date_gmt":"2022-12-30T08:55:17","guid":{"rendered":"https:\/\/cmykprinted.com\/?post_type=product&#038;p=744"},"modified":"2022-12-30T12:44:27","modified_gmt":"2022-12-30T12:44:27","slug":"straight-tension-fabric-backdrop-media-wall-wholesale-price","status":"publish","type":"product","link":"https:\/\/cmykprinted.com\/pl\/produkt\/straight-tension-fabric-backdrop-media-wall-wholesale-price\/","title":{"rendered":"Tkanina prosta naci\u0105gowa T\u0142o medialne na \u015bcian\u0119 Cena hurtowa"},"content":{"rendered":"","protected":false},"excerpt":{"rendered":"<p>Nasze najlepiej sprzedaj\u0105ce si\u0119 t\u0142o z tkaniny o prostym napr\u0119\u017ceniu jest wszechstronne i nadaje si\u0119 do r\u00f3\u017cnych cel\u00f3w, w tym jako t\u0142o studyjne, t\u0142o sceny lub wydarzenia, t\u0142o fotobudki, t\u0142o konferencji prasowej, t\u0142o ceremonii wr\u0119czenia nagr\u00f3d i t\u0142o czerwonego dywanu. Dzi\u0119ki opcji umieszczenia dw\u00f3ch r\u00f3\u017cnych projekt\u00f3w na tym samym banerze mo\u017cesz zmaksymalizowa\u0107 warto\u015b\u0107 i wygod\u0119 transportu. T\u0142o z elastycznej tkaniny jest wykonane z wytrzyma\u0142ego i elastycznego poliestru 100%, kt\u00f3ry mo\u017cna pra\u0107 w pralce, zadrukowanego przy u\u017cyciu naszego niestandardowego procesu drukowania tkanin, co zapewnia, \u017ce Tw\u00f3j projekt pozostanie \u017cywy i wyra\u017any nawet po wielu praniach i w ka\u017cdych warunkach pogodowych. Nasz proces drukowania jest r\u00f3wnie\u017c ekosolwentowy, przy u\u017cyciu ca\u0142kowicie naturalnych, biodegradowalnych rozpuszczalnik\u00f3w, kt\u00f3re s\u0105 mniej agresywne i bezpieczniejsze dla organizmu. Lekka i mocna aluminiowa rama zosta\u0142a zaprojektowana tak, aby wytrzyma\u0107 rozci\u0105ganie tkaniny przez d\u0142u\u017cszy czas, i jest wyposa\u017cona w zatrzaskowe rurki do \u0142atwego i szybkiego monta\u017cu bez potrzeby u\u017cycia dodatkowych narz\u0119dzi. Stojak mo\u017cna dostosowa\u0107 do preferowanego rozmiaru i jest wyposa\u017cony w podium z tward\u0105 walizk\u0105, kt\u00f3re u\u0142atwia przenoszenie. T\u0142o z tkaniny o prostym napi\u0119ciu jest wysy\u0142ane bezp\u0142atnie w ci\u0105gu czterech do pi\u0119ciu dni roboczych.<\/p>\n<div style=\"width: 1280px;\" class=\"wp-video\"><!--[if lt IE 9]><script>document.createElement('video');<\/script><![endif]--><br \/>\n<video class=\"wp-video-shortcode\" id=\"video-744-1\" width=\"1280\" height=\"720\" loop autoplay preload=\"auto\" controls=\"controls\"><source type=\"video\/mp4\" src=\"http:\/\/cmykprinted.com\/wp-content\/uploads\/2022\/12\/Straight-Tension-Fabric-Backdrop.mp4?_=1\" \/><a href=\"http:\/\/cmykprinted.com\/wp-content\/uploads\/2022\/12\/Straight-Tension-Fabric-Backdrop.mp4\">http:\/\/cmykprinted.com\/wp-content\/uploads\/2022\/12\/Straight-Tension-Fabric-Backdrop.mp4<\/a><\/video><\/div>","protected":false},"featured_media":745,"template":"","meta":{"_kad_post_transparent":"default","_kad_post_title":"hide","_kad_post_layout":"fullwidth","_kad_post_sidebar_id":"","_kad_post_content_style":"unboxed","_kad_post_vertical_padding":"hide","_kad_post_feature":"hide","_kad_post_feature_position":"","_kad_post_header":false,"_kad_post_footer":false},"product_cat":[97,100],"product_tag":[196,197,198],"class_list":{"0":"post-744","1":"product","2":"type-product","3":"status-publish","4":"has-post-thumbnail","6":"product_cat-tension-fabric-displays","7":"product_cat-straight-tension-fabric-backdrop","8":"product_tag-straight-tension-fabric-backdrop","9":"product_tag-tension-fabric-backdrop","10":"product_tag-tension-fabric-media-wall","12":"first","13":"instock","14":"shipping-taxable","15":"product-type-simple","16":"entry","17":"content-bg","18":"loop-entry"},"_links":{"self":[{"href":"https:\/\/cmykprinted.com\/pl\/wp-json\/wp\/v2\/product\/744","targetHints":{"allow":["GET"]}}],"collection":[{"href":"https:\/\/cmykprinted.com\/pl\/wp-json\/wp\/v2\/product"}],"about":[{"href":"https:\/\/cmykprinted.com\/pl\/wp-json\/wp\/v2\/types\/product"}],"version-history":[{"count":4,"href":"https:\/\/cmykprinted.com\/pl\/wp-json\/wp\/v2\/product\/744\/revisions"}],"predecessor-version":[{"id":750,"href":"https:\/\/cmykprinted.com\/pl\/wp-json\/wp\/v2\/product\/744\/revisions\/750"}],"wp:featuredmedia":[{"embeddable":true,"href":"https:\/\/cmykprinted.com\/pl\/wp-json\/wp\/v2\/media\/745"}],"wp:attachment":[{"href":"https:\/\/cmykprinted.com\/pl\/wp-json\/wp\/v2\/media?parent=744"}],"wp:term":[{"taxonomy":"product_cat","embeddable":true,"href":"https:\/\/cmykprinted.com\/pl\/wp-json\/wp\/v2\/product_cat?post=744"},{"taxonomy":"product_tag","embeddable":true,"href":"https:\/\/cmykprinted.com\/pl\/wp-json\/wp\/v2\/product_tag?post=744"}],"curies":[{"name":"wp","href":"https:\/\/api.w.org\/{rel}","templated":true}]}}