{"id":751,"date":"2022-12-30T12:03:52","date_gmt":"2022-12-30T12:03:52","guid":{"rendered":"https:\/\/cmykprinted.com\/?post_type=product&#038;p=751"},"modified":"2022-12-30T12:39:33","modified_gmt":"2022-12-30T12:39:33","slug":"multipurpose-wholesale-adhesive-uv-transfer-stickers-labels","status":"publish","type":"product","link":"https:\/\/cmykprinted.com\/pl\/produkt\/multipurpose-wholesale-adhesive-uv-transfer-stickers-labels\/","title":{"rendered":"Wielofunkcyjne hurtowe naklejki samoprzylepne UV Transfer Etykiety"},"content":{"rendered":"","protected":false},"excerpt":{"rendered":"<p>Naklejki transferowe UV z efektem stereo 3D umo\u017cliwiaj\u0105 tworzenie niestandardowych projekt\u00f3w z w\u0142asnymi wzorami, logo i tekstem. Te naklejki s\u0105 wykonane z pasty transferowej UV, kt\u00f3ra jest znana ze swoich silnych w\u0142a\u015bciwo\u015bci klej\u0105cych i wodoodpornych. Jest r\u00f3wnie\u017c odporny na zarysowania, dzi\u0119ki czemu jest trwa\u0142ym i trwa\u0142ym wyborem na r\u00f3\u017cne powierzchnie. Nale\u017cy jednak pami\u0119ta\u0107, \u017ce naklejek tych nie nale\u017cy wystawia\u0107 na dzia\u0142anie gor\u0105cej wody lub ogrzewania, poniewa\u017c mo\u017ce to wp\u0142yn\u0105\u0107 na ich lepko\u015b\u0107.<br \/>\nNaklejki te mog\u0105 by\u0107 stosowane na szerokiej gamie powierzchni, w tym na metalu, plastiku, szkle, powierzchniach malowanych, ksi\u0105\u017ckach, kartonie, drewnie, kartonach, materia\u0142ach \u017cywicznych, materia\u0142ach ceramicznych, materia\u0142ach na twarde ok\u0142adki, d\u0142ugopisach, trofeach, butelkach, termosach, notatnikach, pendrive&#039;y i wszelkie inne g\u0142adkie materia\u0142y. Mo\u017cna je nawet nak\u0142ada\u0107 na samoch\u00f3d, o ile powierzchnia jest czysta przed u\u017cyciem.<br \/>\nPonadto naklejki te mo\u017cna przycina\u0107 na zam\u00f3wienie w dowolny kszta\u0142t za pomoc\u0105 procesu zwanego wykrawaniem lub wycinaniem poca\u0142unk\u00f3w. Pozwala to na tworzenie unikalnych i spersonalizowanych naklejek, kt\u00f3rych mo\u017cna u\u017cywa\u0107 do r\u00f3\u017cnych cel\u00f3w, takich jak branding, marketing lub wyra\u017canie siebie. Tak wi\u0119c te naklejki s\u0105 bardzo wszechstronne i mog\u0105 by\u0107 u\u017cywane w szerokim zakresie zastosowa\u0144.<\/p>\n<div style=\"width: 1280px;\" class=\"wp-video\"><!--[if lt IE 9]><script>document.createElement('video');<\/script><![endif]--><br \/>\n<video class=\"wp-video-shortcode\" id=\"video-751-1\" width=\"1280\" height=\"720\" loop autoplay preload=\"auto\" controls=\"controls\"><source type=\"video\/mp4\" src=\"http:\/\/cmykprinted.com\/wp-content\/uploads\/2022\/12\/UV-transfer-stickers.mp4?_=1\" \/><a href=\"http:\/\/cmykprinted.com\/wp-content\/uploads\/2022\/12\/UV-transfer-stickers.mp4\">http:\/\/cmykprinted.com\/wp-content\/uploads\/2022\/12\/UV-transfer-stickers.mp4<\/a><\/video><\/div>","protected":false},"featured_media":752,"template":"","meta":{"_kad_post_transparent":"default","_kad_post_title":"hide","_kad_post_layout":"fullwidth","_kad_post_sidebar_id":"","_kad_post_content_style":"unboxed","_kad_post_vertical_padding":"hide","_kad_post_feature":"hide","_kad_post_feature_position":"","_kad_post_header":false,"_kad_post_footer":false},"product_cat":[101,103],"product_tag":[202,200,199,138,201],"class_list":{"0":"post-751","1":"product","2":"type-product","3":"status-publish","4":"has-post-thumbnail","6":"product_cat-transfer-stickers","7":"product_cat-uv-transfer-stickers","8":"product_tag-adhesive-transfer-stickers","9":"product_tag-multipurpose-transfer-stickers","10":"product_tag-uv-transfer-labels","11":"product_tag-uv-transfer-stickers","12":"product_tag-wholesale-transfer-stickers","14":"first","15":"instock","16":"shipping-taxable","17":"product-type-simple","18":"entry","19":"content-bg","20":"loop-entry"},"_links":{"self":[{"href":"https:\/\/cmykprinted.com\/pl\/wp-json\/wp\/v2\/product\/751","targetHints":{"allow":["GET"]}}],"collection":[{"href":"https:\/\/cmykprinted.com\/pl\/wp-json\/wp\/v2\/product"}],"about":[{"href":"https:\/\/cmykprinted.com\/pl\/wp-json\/wp\/v2\/types\/product"}],"version-history":[{"count":3,"href":"https:\/\/cmykprinted.com\/pl\/wp-json\/wp\/v2\/product\/751\/revisions"}],"predecessor-version":[{"id":761,"href":"https:\/\/cmykprinted.com\/pl\/wp-json\/wp\/v2\/product\/751\/revisions\/761"}],"wp:featuredmedia":[{"embeddable":true,"href":"https:\/\/cmykprinted.com\/pl\/wp-json\/wp\/v2\/media\/752"}],"wp:attachment":[{"href":"https:\/\/cmykprinted.com\/pl\/wp-json\/wp\/v2\/media?parent=751"}],"wp:term":[{"taxonomy":"product_cat","embeddable":true,"href":"https:\/\/cmykprinted.com\/pl\/wp-json\/wp\/v2\/product_cat?post=751"},{"taxonomy":"product_tag","embeddable":true,"href":"https:\/\/cmykprinted.com\/pl\/wp-json\/wp\/v2\/product_tag?post=751"}],"curies":[{"name":"wp","href":"https:\/\/api.w.org\/{rel}","templated":true}]}}