{"id":778,"date":"2022-12-31T02:58:49","date_gmt":"2022-12-31T02:58:49","guid":{"rendered":"https:\/\/cmykprinted.com\/?post_type=product&#038;p=778"},"modified":"2022-12-31T03:33:16","modified_gmt":"2022-12-31T03:33:16","slug":"heavy-duty-instant-enclosed-10x20ft-pop-up-canopies-gazebo","status":"publish","type":"product","link":"https:\/\/cmykprinted.com\/pl\/produkt\/heavy-duty-instant-enclosed-10x20ft-pop-up-canopies-gazebo\/","title":{"rendered":"Wytrzyma\u0142a, natychmiastowo sk\u0142adana, sk\u0142adana altana 10x20 st\u00f3p"},"content":{"rendered":"","protected":false},"excerpt":{"rendered":"<p>Wysuwane zadaszenia 10x20ft s\u0105 przeznaczone do imprez plenerowych i maj\u0105 wygodn\u0105 torb\u0119 transportow\u0105 u\u0142atwiaj\u0105c\u0105 transport. Wysuwane zadaszenia o wymiarach 10x20 st\u00f3p oferuj\u0105 du\u017cy obszar zacienienia o powierzchni 200 st\u00f3p kwadratowych, wystarczaj\u0105cy do pomieszczenia prostok\u0105tnego sto\u0142u o wymiarach 8 st\u00f3p z 25 krzes\u0142ami lub oko\u0142o 30 os\u00f3b stoj\u0105cych jednocze\u015bnie. Baldachim jest wykonany z trwa\u0142ej tkaniny Oxford 420D z pow\u0142ok\u0105 PVC zapewniaj\u0105c\u0105 odporno\u015b\u0107 na wiatr i zu\u017cycie, a tak\u017ce ochron\u0119 przed promieniowaniem UV30+ i wodoodporno\u015b\u0107. Jest szybki i \u0142atwy w konfiguracji, z procesem instalacji bez u\u017cycia narz\u0119dzi i wytrzyma\u0142\u0105 stalow\u0105 ram\u0105 z 4-stopniow\u0105 regulacj\u0105 wysoko\u015bci. Baldachim ma r\u00f3wnie\u017c \u015bciany boczne z przezroczystymi okienkami i centralnym zamkiem b\u0142yskawicznym, co zapewnia dodatkow\u0105 ochron\u0119 przed wiatrem i szkodliwym \u015bwiat\u0142em s\u0142onecznym, jednocze\u015bnie zapewniaj\u0105c wyra\u017any widok na zewn\u0105trz. \u015aciany boczne mo\u017cna \u0142atwo przymocowa\u0107 lub od\u0142\u0105czy\u0107 od ramy czaszy za pomoc\u0105 rzep\u00f3w.<\/p>\n<div style=\"width: 1280px;\" class=\"wp-video\"><!--[if lt IE 9]><script>document.createElement('video');<\/script><![endif]--><br \/>\n<video class=\"wp-video-shortcode\" id=\"video-778-1\" width=\"1280\" height=\"720\" loop autoplay preload=\"auto\" controls=\"controls\"><source type=\"video\/mp4\" src=\"http:\/\/cmykprinted.com\/wp-content\/uploads\/2022\/12\/10x20ft-Pop-Up-Canopies.mp4?_=1\" \/><a href=\"http:\/\/cmykprinted.com\/wp-content\/uploads\/2022\/12\/10x20ft-Pop-Up-Canopies.mp4\">http:\/\/cmykprinted.com\/wp-content\/uploads\/2022\/12\/10x20ft-Pop-Up-Canopies.mp4<\/a><\/video><\/div>","protected":false},"featured_media":780,"template":"","meta":{"_kad_post_transparent":"default","_kad_post_title":"hide","_kad_post_layout":"fullwidth","_kad_post_sidebar_id":"","_kad_post_content_style":"unboxed","_kad_post_vertical_padding":"hide","_kad_post_feature":"hide","_kad_post_feature_position":"","_kad_post_header":false,"_kad_post_footer":false},"product_cat":[68,72,69],"product_tag":[208,211,209,210],"class_list":{"0":"post-778","1":"product","2":"type-product","3":"status-publish","4":"has-post-thumbnail","6":"product_cat-custom-canopy-tents","7":"product_cat-10x20ft-pop-up-canopies","8":"product_cat-40mm-hexagon-aluminum-tents","9":"product_tag-10x20ft-pop-up-canopies","10":"product_tag-heavy-duty-gazebo","11":"product_tag-heavy-duty-pop-up-canopies","12":"product_tag-instant-pop-up-canopies","14":"first","15":"instock","16":"shipping-taxable","17":"product-type-simple","18":"entry","19":"content-bg","20":"loop-entry"},"_links":{"self":[{"href":"https:\/\/cmykprinted.com\/pl\/wp-json\/wp\/v2\/product\/778","targetHints":{"allow":["GET"]}}],"collection":[{"href":"https:\/\/cmykprinted.com\/pl\/wp-json\/wp\/v2\/product"}],"about":[{"href":"https:\/\/cmykprinted.com\/pl\/wp-json\/wp\/v2\/types\/product"}],"version-history":[{"count":4,"href":"https:\/\/cmykprinted.com\/pl\/wp-json\/wp\/v2\/product\/778\/revisions"}],"predecessor-version":[{"id":790,"href":"https:\/\/cmykprinted.com\/pl\/wp-json\/wp\/v2\/product\/778\/revisions\/790"}],"wp:featuredmedia":[{"embeddable":true,"href":"https:\/\/cmykprinted.com\/pl\/wp-json\/wp\/v2\/media\/780"}],"wp:attachment":[{"href":"https:\/\/cmykprinted.com\/pl\/wp-json\/wp\/v2\/media?parent=778"}],"wp:term":[{"taxonomy":"product_cat","embeddable":true,"href":"https:\/\/cmykprinted.com\/pl\/wp-json\/wp\/v2\/product_cat?post=778"},{"taxonomy":"product_tag","embeddable":true,"href":"https:\/\/cmykprinted.com\/pl\/wp-json\/wp\/v2\/product_tag?post=778"}],"curies":[{"name":"wp","href":"https:\/\/api.w.org\/{rel}","templated":true}]}}