{"id":791,"date":"2022-12-31T06:57:00","date_gmt":"2022-12-31T06:57:00","guid":{"rendered":"https:\/\/cmykprinted.com\/?post_type=product&#038;p=791"},"modified":"2022-12-31T07:06:35","modified_gmt":"2022-12-31T07:06:35","slug":"wall-mounted-promotional-flags-end-sign-flags-custom-printed","status":"publish","type":"product","link":"https:\/\/cmykprinted.com\/pl\/produkt\/wall-mounted-promotional-flags-end-sign-flags-custom-printed\/","title":{"rendered":"Na\u015bcienne flagi promocyjne Flagi ze znakami ko\u0144cowymi z nadrukiem na zam\u00f3wienie"},"content":{"rendered":"","protected":false},"excerpt":{"rendered":"<p>Nasze na\u015bcienne flagi promocyjne s\u0105 drukowane na wytrzyma\u0142ym, wytrzyma\u0142ym materiale banerowym z PVC i zabezpieczone atramentem UV, aby zapewni\u0107 d\u0142ug\u0105 \u017cywotno\u015b\u0107 na zewn\u0105trz. Mierz\u0105ce 430 mm szeroko\u015bci i 355 mm z jednej strony i 560 mm z drugiej, te flagi s\u0105 wykonane z mocnego, ale elastycznego bia\u0142ego PVC i maj\u0105 maszt o d\u0142ugo\u015bci 750 mm. Sto\u017ckowe gniazdo zapewnia pewny chwyt na maszcie i zapobiega zgubieniu flagi w wietrznych warunkach. Flagi te mo\u017cna \u0142atwo przykr\u0119ci\u0107 do \u015bcian i s\u0105 dostarczane z zestawem zawieraj\u0105cym wspornik z polipropylenu, s\u0142upek z PCV, zwie\u0144czenie i ko\u0142nierz. Oferujemy r\u00f3wnie\u017c zwyk\u0142e \u201eflagi ekspozycyjne\u201d wykonane ze wzmocnionego jasnego bloku PCV o gramaturze 780 g\/m2, kt\u00f3re nadaj\u0105 si\u0119 do zastosowania na winylu i mog\u0105 by\u0107 drukowane na zam\u00f3wienie. Dost\u0119pne s\u0105 r\u00f3wnie\u017c flagi o niestandardowych kszta\u0142tach. Wszystkie nasze flagi s\u0105 wykonane z bardzo wytrzyma\u0142ych materia\u0142\u00f3w i poliestrowych szw\u00f3w morskich, co zapewnia najlepsz\u0105 wydajno\u015b\u0107 na zewn\u0105trz.<\/p>","protected":false},"featured_media":792,"template":"","meta":{"_kad_post_transparent":"default","_kad_post_title":"hide","_kad_post_layout":"fullwidth","_kad_post_sidebar_id":"","_kad_post_content_style":"unboxed","_kad_post_vertical_padding":"hide","_kad_post_feature":"hide","_kad_post_feature_position":"","_kad_post_header":false,"_kad_post_footer":false},"product_cat":[79],"product_tag":[215,213,214,212],"class_list":{"0":"post-791","1":"product","2":"type-product","3":"status-publish","4":"has-post-thumbnail","6":"product_cat-custom-flags","7":"product_tag-custom-promotional-flags","8":"product_tag-end-sign-flags","9":"product_tag-promotional-flags","10":"product_tag-wall-mounted-promotional-flags","12":"first","13":"instock","14":"shipping-taxable","15":"product-type-simple","16":"entry","17":"content-bg","18":"loop-entry"},"_links":{"self":[{"href":"https:\/\/cmykprinted.com\/pl\/wp-json\/wp\/v2\/product\/791","targetHints":{"allow":["GET"]}}],"collection":[{"href":"https:\/\/cmykprinted.com\/pl\/wp-json\/wp\/v2\/product"}],"about":[{"href":"https:\/\/cmykprinted.com\/pl\/wp-json\/wp\/v2\/types\/product"}],"version-history":[{"count":3,"href":"https:\/\/cmykprinted.com\/pl\/wp-json\/wp\/v2\/product\/791\/revisions"}],"predecessor-version":[{"id":799,"href":"https:\/\/cmykprinted.com\/pl\/wp-json\/wp\/v2\/product\/791\/revisions\/799"}],"wp:featuredmedia":[{"embeddable":true,"href":"https:\/\/cmykprinted.com\/pl\/wp-json\/wp\/v2\/media\/792"}],"wp:attachment":[{"href":"https:\/\/cmykprinted.com\/pl\/wp-json\/wp\/v2\/media?parent=791"}],"wp:term":[{"taxonomy":"product_cat","embeddable":true,"href":"https:\/\/cmykprinted.com\/pl\/wp-json\/wp\/v2\/product_cat?post=791"},{"taxonomy":"product_tag","embeddable":true,"href":"https:\/\/cmykprinted.com\/pl\/wp-json\/wp\/v2\/product_tag?post=791"}],"curies":[{"name":"wp","href":"https:\/\/api.w.org\/{rel}","templated":true}]}}