{"id":810,"date":"2022-12-31T13:39:50","date_gmt":"2022-12-31T13:39:50","guid":{"rendered":"https:\/\/cmykprinted.com\/?post_type=product&#038;p=810"},"modified":"2022-12-31T13:53:52","modified_gmt":"2022-12-31T13:53:52","slug":"durable-custom-printed-outdoor-scrim-glossy-vinyl-banner","status":"publish","type":"product","link":"https:\/\/cmykprinted.com\/pl\/produkt\/durable-custom-printed-outdoor-scrim-glossy-vinyl-banner\/","title":{"rendered":"Trwa\u0142y, niestandardowo drukowany baner zewn\u0119trzny z b\u0142yszcz\u0105cego winylu"},"content":{"rendered":"","protected":false},"excerpt":{"rendered":"<p>Nasze b\u0142yszcz\u0105ce banery winylowe nadaj\u0105 si\u0119 do u\u017cytku zar\u00f3wno wewn\u0105trz, jak i na zewn\u0105trz, poniewa\u017c s\u0105 odporne na blakni\u0119cie, rozdarcie i wiatr. S\u0105 r\u00f3wnie\u017c bardzo ekonomiczne, co czyni je doskona\u0142ym wyborem dla os\u00f3b z ograniczonym bud\u017cetem. Materia\u0142 winylowy u\u017cyty w tych banerach jest jasny i b\u0142yszcz\u0105cy, dzi\u0119ki czemu kolory w Twoim projekcie wydaj\u0105 si\u0119 bardziej \u017cywe i przyci\u0105gaj\u0105 wzrok. Ponadto wyj\u0105tkowo g\u0142adka powierzchnia napis\u00f3w na tych banerach pomaga o\u017cywi\u0107 grafik\u0119.<br \/>\nNasze b\u0142yszcz\u0105ce banery winylowe s\u0105 popularnym wyborem na imprezy plenerowe, takie jak mecze pi\u0142ki no\u017cnej, gdzie mo\u017cna je zawiesi\u0107 wzd\u0142u\u017c ogrodzenia lub \u015bciany otaczaj\u0105cej boisko, aby zaprezentowa\u0107 sponsor\u00f3w dru\u017cyny. S\u0105 r\u00f3wnie\u017c doskona\u0142ym wyborem na zjazdy rodzinne, pikniki firmowe i inne spotkania na \u015bwie\u017cym powietrzu, poniewa\u017c mo\u017cna je \u0142atwo zawiesi\u0107 mi\u0119dzy dwoma drzewami, aby stworzy\u0107 \u017cywy i niedrogi wy\u015bwietlacz. Bez wzgl\u0119du na okazj\u0119, nasze b\u0142yszcz\u0105ce banery winylowe z pewno\u015bci\u0105 sprawi\u0105, \u017ce Twoje wydarzenie b\u0119dzie wyj\u0105tkowe.<\/p>\n<div style=\"width: 1290px;\" class=\"wp-video\"><!--[if lt IE 9]><script>document.createElement('video');<\/script><![endif]--><br \/>\n<video class=\"wp-video-shortcode\" id=\"video-810-1\" width=\"1290\" height=\"726\" loop autoplay preload=\"auto\" controls=\"controls\"><source type=\"video\/mp4\" src=\"http:\/\/cmykprinted.com\/wp-content\/uploads\/2022\/12\/vinyl-PVC-banners.mp4?_=1\" \/><a href=\"http:\/\/cmykprinted.com\/wp-content\/uploads\/2022\/12\/vinyl-PVC-banners.mp4\">http:\/\/cmykprinted.com\/wp-content\/uploads\/2022\/12\/vinyl-PVC-banners.mp4<\/a><\/video><\/div>\n<p>&nbsp;<\/p>","protected":false},"featured_media":811,"template":"","meta":{"_kad_post_transparent":"default","_kad_post_title":"hide","_kad_post_layout":"fullwidth","_kad_post_sidebar_id":"","_kad_post_content_style":"unboxed","_kad_post_vertical_padding":"hide","_kad_post_feature":"hide","_kad_post_feature_position":"","_kad_post_header":false,"_kad_post_footer":false},"product_cat":[85,90,91,89],"product_tag":[221,220,219,222],"class_list":{"0":"post-810","1":"product","2":"type-product","3":"status-publish","4":"has-post-thumbnail","6":"product_cat-outdoor-vinyl-banners","7":"product_cat-glossy-pvc-banners","8":"product_cat-matte-vinyl-banners","9":"product_cat-pvc-banners","10":"product_tag-custom-vinyl-banner","11":"product_tag-durable-vinyl-banner","12":"product_tag-glossy-vinyl-banner","13":"product_tag-outdoor-vinyl-banner","15":"first","16":"instock","17":"shipping-taxable","18":"product-type-simple","19":"entry","20":"content-bg","21":"loop-entry"},"_links":{"self":[{"href":"https:\/\/cmykprinted.com\/pl\/wp-json\/wp\/v2\/product\/810","targetHints":{"allow":["GET"]}}],"collection":[{"href":"https:\/\/cmykprinted.com\/pl\/wp-json\/wp\/v2\/product"}],"about":[{"href":"https:\/\/cmykprinted.com\/pl\/wp-json\/wp\/v2\/types\/product"}],"version-history":[{"count":2,"href":"https:\/\/cmykprinted.com\/pl\/wp-json\/wp\/v2\/product\/810\/revisions"}],"predecessor-version":[{"id":817,"href":"https:\/\/cmykprinted.com\/pl\/wp-json\/wp\/v2\/product\/810\/revisions\/817"}],"wp:featuredmedia":[{"embeddable":true,"href":"https:\/\/cmykprinted.com\/pl\/wp-json\/wp\/v2\/media\/811"}],"wp:attachment":[{"href":"https:\/\/cmykprinted.com\/pl\/wp-json\/wp\/v2\/media?parent=810"}],"wp:term":[{"taxonomy":"product_cat","embeddable":true,"href":"https:\/\/cmykprinted.com\/pl\/wp-json\/wp\/v2\/product_cat?post=810"},{"taxonomy":"product_tag","embeddable":true,"href":"https:\/\/cmykprinted.com\/pl\/wp-json\/wp\/v2\/product_tag?post=810"}],"curies":[{"name":"wp","href":"https:\/\/api.w.org\/{rel}","templated":true}]}}