{"id":818,"date":"2022-12-31T14:04:19","date_gmt":"2022-12-31T14:04:19","guid":{"rendered":"https:\/\/cmykprinted.com\/?post_type=product&#038;p=818"},"modified":"2022-12-31T14:16:24","modified_gmt":"2022-12-31T14:16:24","slug":"vertical-pop-up-banners-for-promotional-outdoor-advertising","status":"publish","type":"product","link":"https:\/\/cmykprinted.com\/pl\/produkt\/vertical-pop-up-banners-for-promotional-outdoor-advertising\/","title":{"rendered":"Pionowe banery typu pop-up do reklamy zewn\u0119trznej"},"content":{"rendered":"","protected":false},"excerpt":{"rendered":"<p>Pionowe banery pop-up s\u0105 doskona\u0142\u0105 alternatyw\u0105 dla tradycyjnych projekt\u00f3w w kszta\u0142cie litery A, poniewa\u017c oferuj\u0105 znacznie wi\u0119ksz\u0105 powierzchni\u0119 do zadruku. Banery te zosta\u0142y zaprojektowane tak, aby mo\u017cna je by\u0142o \u0142atwo transportowa\u0107, ustawia\u0107 i zdejmowa\u0107, co czyni je wygodnym wyborem na imprezy, targi i inne okazje. Nadaj\u0105 si\u0119 r\u00f3wnie\u017c do u\u017cytku wewn\u0105trz i na zewn\u0105trz, a dla dodatkowej stabilno\u015bci s\u0105 wyposa\u017cone w cztery kolce do pod\u0142o\u017ca.<br \/>\nJedn\u0105 z kluczowych zalet pionowych baner\u00f3w pop-up jest to, \u017ce s\u0105 one jednocz\u0119\u015bciow\u0105 jednostk\u0105, co oznacza, \u017ce stojak i grafika s\u0105 po\u0142\u0105czone w jedn\u0105 ca\u0142o\u015b\u0107. Dzi\u0119ki temu mo\u017cna je \u0142atwo przenosi\u0107 i transportowa\u0107, poniewa\u017c nie musisz si\u0119 martwi\u0107 o oddzielne elementy. Sama grafika jest drukowana na wysokiej jako\u015bci polisatynowej tkaninie, kt\u00f3ra jest g\u0142adka, trwa\u0142a i \u0142atwa do z\u0142o\u017cenia do wysy\u0142ki.<br \/>\nW ka\u017cdej konfiguracji dost\u0119pne s\u0105 r\u00f3\u017cne rozmiary, dzi\u0119ki czemu mo\u017cesz wybra\u0107 ten, kt\u00f3ry najlepiej odpowiada Twoim potrzebom. Ponadto zawsze do\u0142\u0105czana jest niestandardowa torba transportowa, kt\u00f3ra u\u0142atwia przechowywanie i transport banera z jednego wydarzenia na drugie. Og\u00f3lnie rzecz bior\u0105c, pionowe wyskakuj\u0105ce banery to wszechstronny, wygodny i skuteczny spos\u00f3b na zaprezentowanie swojej marki lub wiadomo\u015bci w wielkim stylu.<\/p>\n<div style=\"width: 1290px;\" class=\"wp-video\"><!--[if lt IE 9]><script>document.createElement('video');<\/script><![endif]--><br \/>\n<video class=\"wp-video-shortcode\" id=\"video-818-1\" width=\"1290\" height=\"726\" loop autoplay preload=\"auto\" controls=\"controls\"><source type=\"video\/mp4\" src=\"http:\/\/cmykprinted.com\/wp-content\/uploads\/2022\/12\/horizontal-pop-up-banners.mp4?_=1\" \/><a href=\"http:\/\/cmykprinted.com\/wp-content\/uploads\/2022\/12\/horizontal-pop-up-banners.mp4\">http:\/\/cmykprinted.com\/wp-content\/uploads\/2022\/12\/horizontal-pop-up-banners.mp4<\/a><\/video><\/div>\n<p>&nbsp;<\/p>","protected":false},"featured_media":819,"template":"","meta":{"_kad_post_transparent":"default","_kad_post_title":"hide","_kad_post_layout":"fullwidth","_kad_post_sidebar_id":"","_kad_post_content_style":"unboxed","_kad_post_vertical_padding":"hide","_kad_post_feature":"hide","_kad_post_feature_position":"","_kad_post_header":false,"_kad_post_footer":false},"product_cat":[92,96],"product_tag":[224,167,225,166,195,223],"class_list":{"0":"post-818","1":"product","2":"type-product","3":"status-publish","4":"has-post-thumbnail","6":"product_cat-pop-up-banners","7":"product_cat-vertical-pop-up-banners","8":"product_tag-advertising-pop-up-banners","9":"product_tag-custom-pop-up-banners","10":"product_tag-outdoor-pop-up-banners","11":"product_tag-pop-up-banners","12":"product_tag-promotional-pop-up-banners","13":"product_tag-vertical-pop-up-banners","15":"first","16":"instock","17":"shipping-taxable","18":"product-type-simple","19":"entry","20":"content-bg","21":"loop-entry"},"_links":{"self":[{"href":"https:\/\/cmykprinted.com\/pl\/wp-json\/wp\/v2\/product\/818","targetHints":{"allow":["GET"]}}],"collection":[{"href":"https:\/\/cmykprinted.com\/pl\/wp-json\/wp\/v2\/product"}],"about":[{"href":"https:\/\/cmykprinted.com\/pl\/wp-json\/wp\/v2\/types\/product"}],"version-history":[{"count":1,"href":"https:\/\/cmykprinted.com\/pl\/wp-json\/wp\/v2\/product\/818\/revisions"}],"predecessor-version":[{"id":825,"href":"https:\/\/cmykprinted.com\/pl\/wp-json\/wp\/v2\/product\/818\/revisions\/825"}],"wp:featuredmedia":[{"embeddable":true,"href":"https:\/\/cmykprinted.com\/pl\/wp-json\/wp\/v2\/media\/819"}],"wp:attachment":[{"href":"https:\/\/cmykprinted.com\/pl\/wp-json\/wp\/v2\/media?parent=818"}],"wp:term":[{"taxonomy":"product_cat","embeddable":true,"href":"https:\/\/cmykprinted.com\/pl\/wp-json\/wp\/v2\/product_cat?post=818"},{"taxonomy":"product_tag","embeddable":true,"href":"https:\/\/cmykprinted.com\/pl\/wp-json\/wp\/v2\/product_tag?post=818"}],"curies":[{"name":"wp","href":"https:\/\/api.w.org\/{rel}","templated":true}]}}