{"id":834,"date":"2023-01-01T06:16:03","date_gmt":"2023-01-01T06:16:03","guid":{"rendered":"https:\/\/cmykprinted.com\/?post_type=product&#038;p=834"},"modified":"2023-01-01T06:28:27","modified_gmt":"2023-01-01T06:28:27","slug":"metallic-letters-labels-adhesive-3d-transfer-metal-sticker","status":"publish","type":"product","link":"https:\/\/cmykprinted.com\/pl\/produkt\/metallic-letters-labels-adhesive-3d-transfer-metal-sticker\/","title":{"rendered":"Metalowe litery Etykiety Klej 3D Transfer Metalowe Naklejki"},"content":{"rendered":"","protected":false},"excerpt":{"rendered":"<p>Dzi\u0119ki etykietom z metalowymi literami \u0142atwo przyci\u0105gniesz uwag\u0119 klient\u00f3w i zach\u0119cisz ich do zapoznania si\u0119 z Twoj\u0105 ofert\u0105. Te przyci\u0105gaj\u0105ce wzrok naklejki maj\u0105 na celu dodanie efektu wizualnego do Twojego produktu lub us\u0142ugi, dzi\u0119ki czemu wyr\u00f3\u017cni\u0105 si\u0119 na tle konkurencji.<br \/>\nPrzy u\u017cyciu najnowszych technologii etykiety te s\u0105 produkowane w b\u0142yszcz\u0105cych kolorach w r\u00f3\u017cnych stopniach i p\u00f3\u0142tonach, co nadaje im l\u015bni\u0105cy i atrakcyjny wygl\u0105d, kt\u00f3ry zwi\u0119ksza postrzegan\u0105 warto\u015b\u0107 Twojej oferty. Niezale\u017cnie od tego, czy zajmujesz si\u0119 sprzeda\u017c\u0105 produkt\u00f3w, czy promocj\u0105 wydarze\u0144 lub us\u0142ug, te niestandardowe etykiety z pewno\u015bci\u0105 przyci\u0105gn\u0105 uwag\u0119 docelowych odbiorc\u00f3w i pomog\u0105 Ci wyr\u00f3\u017cni\u0107 si\u0119 na zat\u0142oczonym rynku.<br \/>\nPo co wi\u0119c czeka\u0107? Zainwestuj w metalowe etykiety z literami ju\u017c dzi\u015b i obserwuj, jak Twoja firma wznosi si\u0119 na nowe wy\u017cyny!<\/p>\n<div style=\"width: 1280px;\" class=\"wp-video\"><!--[if lt IE 9]><script>document.createElement('video');<\/script><![endif]--><br \/>\n<video class=\"wp-video-shortcode\" id=\"video-834-1\" width=\"1280\" height=\"720\" loop autoplay preload=\"metadata\" controls=\"controls\"><source type=\"video\/mp4\" src=\"http:\/\/cmykprinted.com\/wp-content\/uploads\/2022\/12\/Metal-Transfer-Sticker.mp4?_=1\" \/><a href=\"http:\/\/cmykprinted.com\/wp-content\/uploads\/2022\/12\/Metal-Transfer-Sticker.mp4\">http:\/\/cmykprinted.com\/wp-content\/uploads\/2022\/12\/Metal-Transfer-Sticker.mp4<\/a><\/video><\/div>\n<p>&nbsp;<\/p>","protected":false},"featured_media":835,"template":"","meta":{"_kad_post_transparent":"default","_kad_post_title":"hide","_kad_post_layout":"fullwidth","_kad_post_sidebar_id":"","_kad_post_content_style":"unboxed","_kad_post_vertical_padding":"hide","_kad_post_feature":"hide","_kad_post_feature_position":"","_kad_post_header":false,"_kad_post_footer":false},"product_cat":[101,102],"product_tag":[232,233,230,231],"class_list":{"0":"post-834","1":"product","2":"type-product","3":"status-publish","4":"has-post-thumbnail","6":"product_cat-transfer-stickers","7":"product_cat-metal-transfer-stickers","8":"product_tag-3d-transfer-sticker","9":"product_tag-adhesive-metal-sticker","10":"product_tag-metallic-letters-labels","11":"product_tag-transfer-metal-sticker","13":"first","14":"instock","15":"shipping-taxable","16":"product-type-simple","17":"entry","18":"content-bg","19":"loop-entry"},"_links":{"self":[{"href":"https:\/\/cmykprinted.com\/pl\/wp-json\/wp\/v2\/product\/834","targetHints":{"allow":["GET"]}}],"collection":[{"href":"https:\/\/cmykprinted.com\/pl\/wp-json\/wp\/v2\/product"}],"about":[{"href":"https:\/\/cmykprinted.com\/pl\/wp-json\/wp\/v2\/types\/product"}],"version-history":[{"count":1,"href":"https:\/\/cmykprinted.com\/pl\/wp-json\/wp\/v2\/product\/834\/revisions"}],"predecessor-version":[{"id":841,"href":"https:\/\/cmykprinted.com\/pl\/wp-json\/wp\/v2\/product\/834\/revisions\/841"}],"wp:featuredmedia":[{"embeddable":true,"href":"https:\/\/cmykprinted.com\/pl\/wp-json\/wp\/v2\/media\/835"}],"wp:attachment":[{"href":"https:\/\/cmykprinted.com\/pl\/wp-json\/wp\/v2\/media?parent=834"}],"wp:term":[{"taxonomy":"product_cat","embeddable":true,"href":"https:\/\/cmykprinted.com\/pl\/wp-json\/wp\/v2\/product_cat?post=834"},{"taxonomy":"product_tag","embeddable":true,"href":"https:\/\/cmykprinted.com\/pl\/wp-json\/wp\/v2\/product_tag?post=834"}],"curies":[{"name":"wp","href":"https:\/\/api.w.org\/{rel}","templated":true}]}}