{"id":842,"date":"2023-01-01T06:44:35","date_gmt":"2023-01-01T06:44:35","guid":{"rendered":"https:\/\/cmykprinted.com\/?post_type=product&#038;p=842"},"modified":"2023-01-01T06:50:35","modified_gmt":"2023-01-01T06:50:35","slug":"rectangle-flag-banners-with-custom-printing-fast-delivery","status":"publish","type":"product","link":"https:\/\/cmykprinted.com\/pl\/produkt\/rectangle-flag-banners-with-custom-printing-fast-delivery\/","title":{"rendered":"Prostok\u0105tne banery flagowe z niestandardowym nadrukiem i szybk\u0105 dostaw\u0105"},"content":{"rendered":"","protected":false},"excerpt":{"rendered":"<p>Je\u015bli chcesz wywrze\u0107 du\u017cy wp\u0142yw na swoj\u0105 nast\u0119pn\u0105 promocj\u0119 lub wydarzenie, rozwa\u017c niestandardowe drukowanie prostok\u0105tnych baner\u00f3w flagowych z Twoim logo lub wybranym projektem. Banery te s\u0105 dost\u0119pne w trzech rozmiarach \u2013 5 st\u00f3p, 8 st\u00f3p lub 11 st\u00f3p \u2013 dzi\u0119ki czemu mo\u017cesz wybra\u0107 opcj\u0119, kt\u00f3ra najlepiej odpowiada Twoim potrzebom. Kiedy kilka flag jest ustawionych w rz\u0119dzie, tworz\u0105 ogromny i imponuj\u0105cy wizualnie wy\u015bwietlacz, kt\u00f3ry nada Twojemu wydarzeniu czysty, profesjonalny i ekscytuj\u0105cy klimat.<br \/>\nJedn\u0105 z najwi\u0119kszych zalet tych prostok\u0105tnych baner\u00f3w jest to, \u017ce niestandardowy nadruk z przodu jest widoczny na odwrocie w formacie lustrzanego odbicia. Oznacza to, \u017ce mo\u017cesz ich u\u017cywa\u0107 w r\u00f3\u017cnych ustawieniach i nadal wy\u015bwietla\u0107 swoj\u0105 wiadomo\u015b\u0107 w widocznym miejscu. Ponadto dla tych, kt\u00f3rzy chc\u0105 przekazywa\u0107 podw\u00f3jne wiadomo\u015bci, dost\u0119pne jest drukowanie dwustronne.<br \/>\nRozpocz\u0119cie pracy z niestandardowym prostok\u0105tnym banerem jest \u0142atwe \u2014 po prostu prze\u015blij swoje logo lub projekt, post\u0119puj\u0105c zgodnie z powy\u017cszymi instrukcjami, lub pobierz poni\u017cszy szablon graficzny i utw\u00f3rz w\u0142asny plik, aby go przes\u0142a\u0107 i sprawdzi\u0107. Dzi\u0119ki naszemu wysokiej jako\u015bci drukowaniu i dba\u0142o\u015bci o szczeg\u00f3\u0142y mo\u017cesz mie\u0107 pewno\u015b\u0107, \u017ce Tw\u00f3j prostok\u0105tny baner z flag\u0105 zrobi niezatarte wra\u017cenie na odbiorcach.<\/p>\n<div style=\"width: 1280px;\" class=\"wp-video\"><!--[if lt IE 9]><script>document.createElement('video');<\/script><![endif]--><br \/>\n<video class=\"wp-video-shortcode\" id=\"video-842-1\" width=\"1280\" height=\"720\" loop autoplay preload=\"metadata\" controls=\"controls\"><source type=\"video\/mp4\" src=\"http:\/\/cmykprinted.com\/wp-content\/uploads\/2022\/12\/Feather-beach-flags.mp4?_=1\" \/><a href=\"http:\/\/cmykprinted.com\/wp-content\/uploads\/2022\/12\/Feather-beach-flags.mp4\">http:\/\/cmykprinted.com\/wp-content\/uploads\/2022\/12\/Feather-beach-flags.mp4<\/a><\/video><\/div>","protected":false},"featured_media":843,"template":"","meta":{"_kad_post_transparent":"default","_kad_post_title":"hide","_kad_post_layout":"fullwidth","_kad_post_sidebar_id":"","_kad_post_content_style":"unboxed","_kad_post_vertical_padding":"hide","_kad_post_feature":"hide","_kad_post_feature_position":"","_kad_post_header":false,"_kad_post_footer":false},"product_cat":[64,66],"product_tag":[236,235,234],"class_list":{"0":"post-842","1":"product","2":"type-product","3":"status-publish","4":"has-post-thumbnail","6":"product_cat-beach-flags","7":"product_cat-rectangular-flags-banners","8":"product_tag-custom-rectangle-banners","9":"product_tag-custom-rectangle-flag","10":"product_tag-rectangle-flag-banners","12":"first","13":"instock","14":"shipping-taxable","15":"product-type-simple","16":"entry","17":"content-bg","18":"loop-entry"},"_links":{"self":[{"href":"https:\/\/cmykprinted.com\/pl\/wp-json\/wp\/v2\/product\/842","targetHints":{"allow":["GET"]}}],"collection":[{"href":"https:\/\/cmykprinted.com\/pl\/wp-json\/wp\/v2\/product"}],"about":[{"href":"https:\/\/cmykprinted.com\/pl\/wp-json\/wp\/v2\/types\/product"}],"version-history":[{"count":1,"href":"https:\/\/cmykprinted.com\/pl\/wp-json\/wp\/v2\/product\/842\/revisions"}],"predecessor-version":[{"id":848,"href":"https:\/\/cmykprinted.com\/pl\/wp-json\/wp\/v2\/product\/842\/revisions\/848"}],"wp:featuredmedia":[{"embeddable":true,"href":"https:\/\/cmykprinted.com\/pl\/wp-json\/wp\/v2\/media\/843"}],"wp:attachment":[{"href":"https:\/\/cmykprinted.com\/pl\/wp-json\/wp\/v2\/media?parent=842"}],"wp:term":[{"taxonomy":"product_cat","embeddable":true,"href":"https:\/\/cmykprinted.com\/pl\/wp-json\/wp\/v2\/product_cat?post=842"},{"taxonomy":"product_tag","embeddable":true,"href":"https:\/\/cmykprinted.com\/pl\/wp-json\/wp\/v2\/product_tag?post=842"}],"curies":[{"name":"wp","href":"https:\/\/api.w.org\/{rel}","templated":true}]}}